{"id":1670,"date":"2020-06-25T08:14:42","date_gmt":"2020-06-25T08:14:42","guid":{"rendered":"https:\/\/www.bakepackeols.com\/?page_id=1670"},"modified":"2020-07-10T10:43:47","modified_gmt":"2020-07-10T10:43:47","slug":"ueber-uns","status":"publish","type":"page","link":"https:\/\/www.bakepackeols.com\/de\/ueber-uns\/","title":{"rendered":"\u00dcber uns"},"content":{"rendered":"\t\t<div data-elementor-type=\"wp-page\" data-elementor-id=\"1670\" class=\"elementor elementor-1670\" data-elementor-post-type=\"page\">\n\t\t\t\t\t\t<section class=\"elementor-section elementor-top-section elementor-element elementor-element-2984981 elementor-section-boxed elementor-section-height-default elementor-section-height-default\" data-id=\"2984981\" data-element_type=\"section\" data-e-type=\"section\">\n\t\t\t\t\t\t<div class=\"elementor-container elementor-column-gap-default\">\n\t\t\t\t\t<div class=\"elementor-column elementor-col-100 elementor-top-column elementor-element elementor-element-04a7f9b\" data-id=\"04a7f9b\" data-element_type=\"column\" data-e-type=\"column\">\n\t\t\t<div class=\"elementor-widget-wrap elementor-element-populated\">\n\t\t\t\t\t\t<div class=\"elementor-element elementor-element-f76932e elementor-widget elementor-widget-image\" data-id=\"f76932e\" data-element_type=\"widget\" data-e-type=\"widget\" data-widget_type=\"image.default\">\n\t\t\t\t<div class=\"elementor-widget-container\">\n\t\t\t\t\t\t\t\t\t\t\t\t\t\t\t<img fetchpriority=\"high\" decoding=\"async\" width=\"2400\" height=\"1070\" src=\"https:\/\/www.bakepackeols.com\/wp-content\/uploads\/2020\/05\/pandnew-belettering-b.jpg\" class=\"attachment-full size-full wp-image-2481\" alt=\"\" srcset=\"https:\/\/www.bakepackeols.com\/wp-content\/uploads\/2020\/05\/pandnew-belettering-b.jpg 2400w, https:\/\/www.bakepackeols.com\/wp-content\/uploads\/2020\/05\/pandnew-belettering-b-300x134.jpg 300w, https:\/\/www.bakepackeols.com\/wp-content\/uploads\/2020\/05\/pandnew-belettering-b-1024x457.jpg 1024w, https:\/\/www.bakepackeols.com\/wp-content\/uploads\/2020\/05\/pandnew-belettering-b-768x342.jpg 768w, https:\/\/www.bakepackeols.com\/wp-content\/uploads\/2020\/05\/pandnew-belettering-b-1536x685.jpg 1536w, https:\/\/www.bakepackeols.com\/wp-content\/uploads\/2020\/05\/pandnew-belettering-b-2048x913.jpg 2048w, https:\/\/www.bakepackeols.com\/wp-content\/uploads\/2020\/05\/pandnew-belettering-b-700x312.jpg 700w\" sizes=\"(max-width: 2400px) 100vw, 2400px\" \/>\t\t\t\t\t\t\t\t\t\t\t\t\t\t\t<\/div>\n\t\t\t\t<\/div>\n\t\t\t\t\t<\/div>\n\t\t<\/div>\n\t\t\t\t\t<\/div>\n\t\t<\/section>\n\t\t\t\t<section class=\"elementor-section elementor-top-section elementor-element elementor-element-14b87c7 elementor-section-boxed elementor-section-height-default elementor-section-height-default\" data-id=\"14b87c7\" data-element_type=\"section\" data-e-type=\"section\">\n\t\t\t\t\t\t<div class=\"elementor-container elementor-column-gap-default\">\n\t\t\t\t\t<div class=\"elementor-column elementor-col-100 elementor-top-column elementor-element elementor-element-0fcd703\" data-id=\"0fcd703\" data-element_type=\"column\" data-e-type=\"column\">\n\t\t\t<div class=\"elementor-widget-wrap elementor-element-populated\">\n\t\t\t\t\t\t<div class=\"elementor-element elementor-element-b5fb094 din elementor-widget elementor-widget-heading\" data-id=\"b5fb094\" data-element_type=\"widget\" data-e-type=\"widget\" data-widget_type=\"heading.default\">\n\t\t\t\t<div class=\"elementor-widget-container\">\n\t\t\t\t\t<h2 class=\"elementor-heading-title elementor-size-default\">\u00dcber uns<\/h2>\t\t\t\t<\/div>\n\t\t\t\t<\/div>\n\t\t\t\t\t<\/div>\n\t\t<\/div>\n\t\t\t\t\t<\/div>\n\t\t<\/section>\n\t\t\t\t<section class=\"elementor-section elementor-top-section elementor-element elementor-element-d5f7501 elementor-section-boxed elementor-section-height-default elementor-section-height-default\" data-id=\"d5f7501\" data-element_type=\"section\" data-e-type=\"section\">\n\t\t\t\t\t\t<div class=\"elementor-container elementor-column-gap-default\">\n\t\t\t\t\t<div class=\"elementor-column elementor-col-50 elementor-top-column elementor-element elementor-element-e595fe6\" data-id=\"e595fe6\" data-element_type=\"column\" data-e-type=\"column\">\n\t\t\t<div class=\"elementor-widget-wrap elementor-element-populated\">\n\t\t\t\t\t\t<div class=\"elementor-element elementor-element-10a640e elementor-widget elementor-widget-text-editor\" data-id=\"10a640e\" data-element_type=\"widget\" data-e-type=\"widget\" data-widget_type=\"text-editor.default\">\n\t\t\t\t<div class=\"elementor-widget-container\">\n\t\t\t\t\t\t\t\t\t<p>Das Verpacken von Brot und Geb\u00e4ck ist ein <em>komplexer Prozess, der aus vielen Schritten <\/em>besteht. Es gibt verschiedene Anbieter in der Branche, die L\u00f6sungen f\u00fcr all diese Schritte anbieten. Denken Sie zum Beispiel an Maschinen zum Schneiden, Verpacken und Etikettieren von Brot. Trotzdem sind nach all den Jahren Lieferanten, die das komplette Paket anbieten wie wir, weit zu suchen! Wir bieten kundenspezifische gebrauchsfertige L\u00f6sungen vom Produkt bis zur Palette. Bakepack ist Ihr Partner f\u00fcr End-of-Line-L\u00f6sungen und bietet eine vollst\u00e4ndige Systemintegration. Das ist es, was Bakepack einzigartig macht!<\/p><p>\u00a0<\/p><p>Industrieb\u00e4cker sind h\u00e4ufig gezwungen, verschiedene Verpackungsl\u00f6sungen zu kaufen, die alle separat voneinander betrieben werden. Bei Bakepack bauen wir vollautomatische und halbautomatische Verpackungsl\u00f6sungen. Dazu kaufen wir Verpackungsmaschinen von Top-Marken ein. Wir verbinden dann alle einzelnen Maschinen so, dass sie als ein System arbeiten, das auf Ihre Produktionsanforderungen zugeschnitten ist.<\/p><p>\u00a0<\/p><p>Die <a href=\"https:\/\/www.verhoevenfamily.com\/about-us-mhf\/\" target=\"_blank\" rel=\"noopener\">Verhoeven Material Handling Family<\/a> verf\u00fcgt \u00fcber mehr als 50 Jahre Erfahrung im Aufbau kompletter interner Handhabungs- und F\u00f6rdertechnik &#8211; F\u00f6rdersysteme, sowohl in der Lebensmittel- als auch in der Non-Food-Industrie. Unser Fachwissen \u00fcber Teig und Teigprodukte haben wir durch fast 20 Jahre Erfahrung in der <a href=\"https:\/\/www.verhoevenfamily.com\/about-us-bef\/\" target=\"_blank\" rel=\"noopener\">Verhoeven Bakery Equipment family<\/a> erworben. Wir kombinieren all diese Jahre an Wissen und Erfahrung und nutzen diese, um den Verpackungsprozess zu verbessern.<\/p><p>\u00a0<\/p><p>Kurz gesagt, bei Bakepack End of Line Solutions bieten wir integrierte Gesamtl\u00f6sungen, die unsere Wettbewerber nicht anbieten k\u00f6nnen.<\/p>\t\t\t\t\t\t\t\t<\/div>\n\t\t\t\t<\/div>\n\t\t\t\t\t<\/div>\n\t\t<\/div>\n\t\t\t\t<div class=\"elementor-column elementor-col-50 elementor-top-column elementor-element elementor-element-e02a14f\" data-id=\"e02a14f\" data-element_type=\"column\" data-e-type=\"column\">\n\t\t\t<div class=\"elementor-widget-wrap elementor-element-populated\">\n\t\t\t\t\t\t<div class=\"elementor-element elementor-element-bcf1832 elementor-hidden-phone elementor-widget elementor-widget-image\" data-id=\"bcf1832\" data-element_type=\"widget\" data-e-type=\"widget\" data-widget_type=\"image.default\">\n\t\t\t\t<div class=\"elementor-widget-container\">\n\t\t\t\t\t\t\t\t\t\t\t\t\t\t\t<img decoding=\"async\" src=\"https:\/\/www.bakepackeols.com\/wp-content\/uploads\/elementor\/thumbs\/Verpakking_lijn_Bakepack_13-1-ondmwqk4ze23hlia7c746oebxjh2kzo58yfykmp92w.jpg\" title=\"Verpakking_lijn_Bakepack_13\" alt=\"Integrated packaging line\" loading=\"lazy\" \/>\t\t\t\t\t\t\t\t\t\t\t\t\t\t\t<\/div>\n\t\t\t\t<\/div>\n\t\t\t\t\t<\/div>\n\t\t<\/div>\n\t\t\t\t\t<\/div>\n\t\t<\/section>\n\t\t\t\t<section class=\"elementor-section elementor-top-section elementor-element elementor-element-b3d6b1f elementor-section-boxed elementor-section-height-default elementor-section-height-default\" data-id=\"b3d6b1f\" data-element_type=\"section\" data-e-type=\"section\">\n\t\t\t\t\t\t<div class=\"elementor-container elementor-column-gap-default\">\n\t\t\t\t\t<div class=\"elementor-column elementor-col-100 elementor-top-column elementor-element elementor-element-bce142c\" data-id=\"bce142c\" data-element_type=\"column\" data-e-type=\"column\">\n\t\t\t<div class=\"elementor-widget-wrap elementor-element-populated\">\n\t\t\t\t\t\t<div class=\"elementor-element elementor-element-3153147 elementor-widget elementor-widget-image\" data-id=\"3153147\" data-element_type=\"widget\" data-e-type=\"widget\" data-widget_type=\"image.default\">\n\t\t\t\t<div class=\"elementor-widget-container\">\n\t\t\t\t\t\t\t\t\t\t\t\t\t\t\t<img decoding=\"async\" width=\"2000\" height=\"485\" src=\"https:\/\/www.bakepackeols.com\/wp-content\/uploads\/2020\/05\/about-us.jpg\" class=\"attachment-full size-full wp-image-2472\" alt=\"\" srcset=\"https:\/\/www.bakepackeols.com\/wp-content\/uploads\/2020\/05\/about-us.jpg 2000w, https:\/\/www.bakepackeols.com\/wp-content\/uploads\/2020\/05\/about-us-300x73.jpg 300w, https:\/\/www.bakepackeols.com\/wp-content\/uploads\/2020\/05\/about-us-1024x248.jpg 1024w, https:\/\/www.bakepackeols.com\/wp-content\/uploads\/2020\/05\/about-us-768x186.jpg 768w, https:\/\/www.bakepackeols.com\/wp-content\/uploads\/2020\/05\/about-us-1536x372.jpg 1536w, https:\/\/www.bakepackeols.com\/wp-content\/uploads\/2020\/05\/about-us-700x170.jpg 700w\" sizes=\"(max-width: 2000px) 100vw, 2000px\" \/>\t\t\t\t\t\t\t\t\t\t\t\t\t\t\t<\/div>\n\t\t\t\t<\/div>\n\t\t\t\t\t<\/div>\n\t\t<\/div>\n\t\t\t\t\t<\/div>\n\t\t<\/section>\n\t\t\t\t<section class=\"elementor-section elementor-top-section elementor-element elementor-element-c429a91 elementor-section-boxed elementor-section-height-default elementor-section-height-default\" data-id=\"c429a91\" data-element_type=\"section\" data-e-type=\"section\">\n\t\t\t\t\t\t<div class=\"elementor-container elementor-column-gap-default\">\n\t\t\t\t\t<div class=\"elementor-column elementor-col-100 elementor-top-column elementor-element elementor-element-30ac354\" data-id=\"30ac354\" data-element_type=\"column\" data-e-type=\"column\">\n\t\t\t<div class=\"elementor-widget-wrap elementor-element-populated\">\n\t\t\t\t\t\t<div class=\"elementor-element elementor-element-18d043d elementor-widget elementor-widget-spacer\" data-id=\"18d043d\" data-element_type=\"widget\" data-e-type=\"widget\" data-widget_type=\"spacer.default\">\n\t\t\t\t<div class=\"elementor-widget-container\">\n\t\t\t\t\t\t\t<div class=\"elementor-spacer\">\n\t\t\t<div class=\"elementor-spacer-inner\"><\/div>\n\t\t<\/div>\n\t\t\t\t\t\t<\/div>\n\t\t\t\t<\/div>\n\t\t\t\t\t<\/div>\n\t\t<\/div>\n\t\t\t\t\t<\/div>\n\t\t<\/section>\n\t\t\t\t<\/div>\n\t\t","protected":false},"excerpt":{"rendered":"<p>\u00dcber uns Das Verpacken von Brot und Geb\u00e4ck ist ein komplexer Prozess, der aus vielen Schritten besteht. Es gibt verschiedene Anbieter in der Branche, die L\u00f6sungen f\u00fcr all diese Schritte anbieten. Denken Sie zum Beispiel an Maschinen zum Schneiden, Verpacken und Etikettieren von Brot. Trotzdem&#8230;<\/p>\n","protected":false},"author":8,"featured_media":0,"parent":0,"menu_order":0,"comment_status":"closed","ping_status":"closed","template":"","meta":{"footnotes":""},"class_list":["post-1670","page","type-page","status-publish","hentry"],"yoast_head":"<!-- This site is optimized with the Yoast SEO Premium plugin v27.5 (Yoast SEO v27.5) - https:\/\/yoast.com\/product\/yoast-seo-premium-wordpress\/ -->\n<title>\u00dcber uns - BAKEPACK End Of Line Solutions<\/title>\n<meta name=\"robots\" content=\"index, follow, max-snippet:-1, max-image-preview:large, max-video-preview:-1\" \/>\n<link rel=\"canonical\" href=\"https:\/\/www.bakepackeols.com\/de\/ueber-uns\/\" \/>\n<meta property=\"og:locale\" content=\"de_DE\" \/>\n<meta property=\"og:type\" content=\"article\" \/>\n<meta property=\"og:title\" content=\"\u00dcber uns\" \/>\n<meta property=\"og:description\" content=\"\u00dcber uns Das Verpacken von Brot und Geb\u00e4ck ist ein komplexer Prozess, der aus vielen Schritten besteht. Es gibt verschiedene Anbieter in der Branche, die L\u00f6sungen f\u00fcr all diese Schritte anbieten. Denken Sie zum Beispiel an Maschinen zum Schneiden, Verpacken und Etikettieren von Brot. Trotzdem...\" \/>\n<meta property=\"og:url\" content=\"https:\/\/www.bakepackeols.com\/de\/ueber-uns\/\" \/>\n<meta property=\"og:site_name\" content=\"BAKEPACK End Of Line Solutions\" \/>\n<meta property=\"article:modified_time\" content=\"2020-07-10T10:43:47+00:00\" \/>\n<meta property=\"og:image\" content=\"https:\/\/www.bakepackeols.com\/wp-content\/uploads\/2020\/05\/pandnew-belettering-b.jpg\" \/>\n<meta name=\"twitter:card\" content=\"summary_large_image\" \/>\n<meta name=\"twitter:label1\" content=\"Gesch\u00e4tzte Lesezeit\" \/>\n\t<meta name=\"twitter:data1\" content=\"1\u00a0Minute\" \/>\n<script type=\"application\/ld+json\" class=\"yoast-schema-graph\">{\"@context\":\"https:\\\/\\\/schema.org\",\"@graph\":[{\"@type\":\"WebPage\",\"@id\":\"https:\\\/\\\/www.bakepackeols.com\\\/de\\\/ueber-uns\\\/\",\"url\":\"https:\\\/\\\/www.bakepackeols.com\\\/de\\\/ueber-uns\\\/\",\"name\":\"\u00dcber uns - BAKEPACK End Of Line Solutions\",\"isPartOf\":{\"@id\":\"https:\\\/\\\/www.bakepackeols.com\\\/de\\\/#website\"},\"primaryImageOfPage\":{\"@id\":\"https:\\\/\\\/www.bakepackeols.com\\\/de\\\/ueber-uns\\\/#primaryimage\"},\"image\":{\"@id\":\"https:\\\/\\\/www.bakepackeols.com\\\/de\\\/ueber-uns\\\/#primaryimage\"},\"thumbnailUrl\":\"https:\\\/\\\/www.bakepackeols.com\\\/wp-content\\\/uploads\\\/2020\\\/05\\\/pandnew-belettering-b.jpg\",\"datePublished\":\"2020-06-25T08:14:42+00:00\",\"dateModified\":\"2020-07-10T10:43:47+00:00\",\"breadcrumb\":{\"@id\":\"https:\\\/\\\/www.bakepackeols.com\\\/de\\\/ueber-uns\\\/#breadcrumb\"},\"inLanguage\":\"de\",\"potentialAction\":[{\"@type\":\"ReadAction\",\"target\":[\"https:\\\/\\\/www.bakepackeols.com\\\/de\\\/ueber-uns\\\/\"]}]},{\"@type\":\"ImageObject\",\"inLanguage\":\"de\",\"@id\":\"https:\\\/\\\/www.bakepackeols.com\\\/de\\\/ueber-uns\\\/#primaryimage\",\"url\":\"https:\\\/\\\/www.bakepackeols.com\\\/wp-content\\\/uploads\\\/2020\\\/05\\\/pandnew-belettering-b.jpg\",\"contentUrl\":\"https:\\\/\\\/www.bakepackeols.com\\\/wp-content\\\/uploads\\\/2020\\\/05\\\/pandnew-belettering-b.jpg\"},{\"@type\":\"BreadcrumbList\",\"@id\":\"https:\\\/\\\/www.bakepackeols.com\\\/de\\\/ueber-uns\\\/#breadcrumb\",\"itemListElement\":[{\"@type\":\"ListItem\",\"position\":1,\"name\":\"Home\",\"item\":\"https:\\\/\\\/www.bakepackeols.com\\\/de\\\/\"},{\"@type\":\"ListItem\",\"position\":2,\"name\":\"\u00dcber uns\"}]},{\"@type\":\"WebSite\",\"@id\":\"https:\\\/\\\/www.bakepackeols.com\\\/de\\\/#website\",\"url\":\"https:\\\/\\\/www.bakepackeols.com\\\/de\\\/\",\"name\":\"BAKEPACK End Of Line Solutions\",\"description\":\"BAKEPACK End Of Line Solutions\",\"potentialAction\":[{\"@type\":\"SearchAction\",\"target\":{\"@type\":\"EntryPoint\",\"urlTemplate\":\"https:\\\/\\\/www.bakepackeols.com\\\/de\\\/?s={search_term_string}\"},\"query-input\":{\"@type\":\"PropertyValueSpecification\",\"valueRequired\":true,\"valueName\":\"search_term_string\"}}],\"inLanguage\":\"de\"}]}<\/script>\n<!-- \/ Yoast SEO Premium plugin. -->","yoast_head_json":{"title":"\u00dcber uns - BAKEPACK End Of Line Solutions","robots":{"index":"index","follow":"follow","max-snippet":"max-snippet:-1","max-image-preview":"max-image-preview:large","max-video-preview":"max-video-preview:-1"},"canonical":"https:\/\/www.bakepackeols.com\/de\/ueber-uns\/","og_locale":"de_DE","og_type":"article","og_title":"\u00dcber uns","og_description":"\u00dcber uns Das Verpacken von Brot und Geb\u00e4ck ist ein komplexer Prozess, der aus vielen Schritten besteht. Es gibt verschiedene Anbieter in der Branche, die L\u00f6sungen f\u00fcr all diese Schritte anbieten. Denken Sie zum Beispiel an Maschinen zum Schneiden, Verpacken und Etikettieren von Brot. Trotzdem...","og_url":"https:\/\/www.bakepackeols.com\/de\/ueber-uns\/","og_site_name":"BAKEPACK End Of Line Solutions","article_modified_time":"2020-07-10T10:43:47+00:00","og_image":[{"url":"https:\/\/www.bakepackeols.com\/wp-content\/uploads\/2020\/05\/pandnew-belettering-b.jpg","type":"","width":"","height":""}],"twitter_card":"summary_large_image","twitter_misc":{"Gesch\u00e4tzte Lesezeit":"1\u00a0Minute"},"schema":{"@context":"https:\/\/schema.org","@graph":[{"@type":"WebPage","@id":"https:\/\/www.bakepackeols.com\/de\/ueber-uns\/","url":"https:\/\/www.bakepackeols.com\/de\/ueber-uns\/","name":"\u00dcber uns - BAKEPACK End Of Line Solutions","isPartOf":{"@id":"https:\/\/www.bakepackeols.com\/de\/#website"},"primaryImageOfPage":{"@id":"https:\/\/www.bakepackeols.com\/de\/ueber-uns\/#primaryimage"},"image":{"@id":"https:\/\/www.bakepackeols.com\/de\/ueber-uns\/#primaryimage"},"thumbnailUrl":"https:\/\/www.bakepackeols.com\/wp-content\/uploads\/2020\/05\/pandnew-belettering-b.jpg","datePublished":"2020-06-25T08:14:42+00:00","dateModified":"2020-07-10T10:43:47+00:00","breadcrumb":{"@id":"https:\/\/www.bakepackeols.com\/de\/ueber-uns\/#breadcrumb"},"inLanguage":"de","potentialAction":[{"@type":"ReadAction","target":["https:\/\/www.bakepackeols.com\/de\/ueber-uns\/"]}]},{"@type":"ImageObject","inLanguage":"de","@id":"https:\/\/www.bakepackeols.com\/de\/ueber-uns\/#primaryimage","url":"https:\/\/www.bakepackeols.com\/wp-content\/uploads\/2020\/05\/pandnew-belettering-b.jpg","contentUrl":"https:\/\/www.bakepackeols.com\/wp-content\/uploads\/2020\/05\/pandnew-belettering-b.jpg"},{"@type":"BreadcrumbList","@id":"https:\/\/www.bakepackeols.com\/de\/ueber-uns\/#breadcrumb","itemListElement":[{"@type":"ListItem","position":1,"name":"Home","item":"https:\/\/www.bakepackeols.com\/de\/"},{"@type":"ListItem","position":2,"name":"\u00dcber uns"}]},{"@type":"WebSite","@id":"https:\/\/www.bakepackeols.com\/de\/#website","url":"https:\/\/www.bakepackeols.com\/de\/","name":"BAKEPACK End Of Line Solutions","description":"BAKEPACK End Of Line Solutions","potentialAction":[{"@type":"SearchAction","target":{"@type":"EntryPoint","urlTemplate":"https:\/\/www.bakepackeols.com\/de\/?s={search_term_string}"},"query-input":{"@type":"PropertyValueSpecification","valueRequired":true,"valueName":"search_term_string"}}],"inLanguage":"de"}]}},"_links":{"self":[{"href":"https:\/\/www.bakepackeols.com\/de\/wp-json\/wp\/v2\/pages\/1670","targetHints":{"allow":["GET"]}}],"collection":[{"href":"https:\/\/www.bakepackeols.com\/de\/wp-json\/wp\/v2\/pages"}],"about":[{"href":"https:\/\/www.bakepackeols.com\/de\/wp-json\/wp\/v2\/types\/page"}],"author":[{"embeddable":true,"href":"https:\/\/www.bakepackeols.com\/de\/wp-json\/wp\/v2\/users\/8"}],"replies":[{"embeddable":true,"href":"https:\/\/www.bakepackeols.com\/de\/wp-json\/wp\/v2\/comments?post=1670"}],"version-history":[{"count":0,"href":"https:\/\/www.bakepackeols.com\/de\/wp-json\/wp\/v2\/pages\/1670\/revisions"}],"wp:attachment":[{"href":"https:\/\/www.bakepackeols.com\/de\/wp-json\/wp\/v2\/media?parent=1670"}],"curies":[{"name":"wp","href":"https:\/\/api.w.org\/{rel}","templated":true}]}}