{"id":1694,"date":"2020-06-25T08:16:33","date_gmt":"2020-06-25T08:16:33","guid":{"rendered":"https:\/\/www.bakepackeols.com\/?page_id=1694"},"modified":"2023-11-22T20:54:34","modified_gmt":"2023-11-22T19:54:34","slug":"karriere","status":"publish","type":"page","link":"https:\/\/www.bakepackeols.com\/de\/karriere\/","title":{"rendered":"Karriere"},"content":{"rendered":"\t\t<div data-elementor-type=\"wp-page\" data-elementor-id=\"1694\" class=\"elementor elementor-1694\" data-elementor-post-type=\"page\">\n\t\t\t\t\t\t<section class=\"elementor-section elementor-top-section elementor-element elementor-element-3e8f610 elementor-section-boxed elementor-section-height-default elementor-section-height-default\" data-id=\"3e8f610\" data-element_type=\"section\" data-e-type=\"section\">\n\t\t\t\t\t\t<div class=\"elementor-container elementor-column-gap-default\">\n\t\t\t\t\t<div class=\"elementor-column elementor-col-100 elementor-top-column elementor-element elementor-element-4997f66a\" data-id=\"4997f66a\" data-element_type=\"column\" data-e-type=\"column\">\n\t\t\t<div class=\"elementor-widget-wrap elementor-element-populated\">\n\t\t\t\t\t\t<div class=\"elementor-element elementor-element-604c0420 din elementor-widget elementor-widget-heading\" data-id=\"604c0420\" data-element_type=\"widget\" data-e-type=\"widget\" data-widget_type=\"heading.default\">\n\t\t\t\t<div class=\"elementor-widget-container\">\n\t\t\t\t\t<h2 class=\"elementor-heading-title elementor-size-default\">M\u00f6chten Sie ebenfalls Mitglied der Familie werden?<\/h2>\t\t\t\t<\/div>\n\t\t\t\t<\/div>\n\t\t\t\t\t<\/div>\n\t\t<\/div>\n\t\t\t\t\t<\/div>\n\t\t<\/section>\n\t\t\t\t<section class=\"elementor-section elementor-top-section elementor-element elementor-element-19095d1 elementor-section-boxed elementor-section-height-default elementor-section-height-default\" data-id=\"19095d1\" data-element_type=\"section\" data-e-type=\"section\">\n\t\t\t\t\t\t<div class=\"elementor-container elementor-column-gap-default\">\n\t\t\t\t\t<div class=\"elementor-column elementor-col-66 elementor-top-column elementor-element elementor-element-81a9919\" data-id=\"81a9919\" data-element_type=\"column\" data-e-type=\"column\">\n\t\t\t<div class=\"elementor-widget-wrap elementor-element-populated\">\n\t\t\t\t\t\t<div class=\"elementor-element elementor-element-2171ecc elementor-widget elementor-widget-image\" data-id=\"2171ecc\" data-element_type=\"widget\" data-e-type=\"widget\" data-widget_type=\"image.default\">\n\t\t\t\t<div class=\"elementor-widget-container\">\n\t\t\t\t\t\t\t\t\t\t\t\t\t\t\t<img fetchpriority=\"high\" decoding=\"async\" width=\"1400\" height=\"827\" src=\"https:\/\/www.bakepackeols.com\/wp-content\/uploads\/2023\/11\/Do-you-want-to-become-a-family-member-www.jpg\" class=\"attachment-full size-full wp-image-2796\" alt=\"\" srcset=\"https:\/\/www.bakepackeols.com\/wp-content\/uploads\/2023\/11\/Do-you-want-to-become-a-family-member-www.jpg 1400w, https:\/\/www.bakepackeols.com\/wp-content\/uploads\/2023\/11\/Do-you-want-to-become-a-family-member-www-300x177.jpg 300w, https:\/\/www.bakepackeols.com\/wp-content\/uploads\/2023\/11\/Do-you-want-to-become-a-family-member-www-1024x605.jpg 1024w, https:\/\/www.bakepackeols.com\/wp-content\/uploads\/2023\/11\/Do-you-want-to-become-a-family-member-www-768x454.jpg 768w, https:\/\/www.bakepackeols.com\/wp-content\/uploads\/2023\/11\/Do-you-want-to-become-a-family-member-www-700x414.jpg 700w\" sizes=\"(max-width: 1400px) 100vw, 1400px\" \/>\t\t\t\t\t\t\t\t\t\t\t\t\t\t\t<\/div>\n\t\t\t\t<\/div>\n\t\t\t\t\t<\/div>\n\t\t<\/div>\n\t\t\t\t<div class=\"elementor-column elementor-col-33 elementor-top-column elementor-element elementor-element-3e755f4\" data-id=\"3e755f4\" data-element_type=\"column\" data-e-type=\"column\">\n\t\t\t<div class=\"elementor-widget-wrap\">\n\t\t\t\t\t\t\t<\/div>\n\t\t<\/div>\n\t\t\t\t\t<\/div>\n\t\t<\/section>\n\t\t\t\t<section class=\"elementor-section elementor-top-section elementor-element elementor-element-16ae2bc elementor-section-boxed elementor-section-height-default elementor-section-height-default\" data-id=\"16ae2bc\" data-element_type=\"section\" data-e-type=\"section\">\n\t\t\t\t\t\t<div class=\"elementor-container elementor-column-gap-default\">\n\t\t\t\t\t<div class=\"elementor-column elementor-col-100 elementor-top-column elementor-element elementor-element-b23f16e\" data-id=\"b23f16e\" data-element_type=\"column\" data-e-type=\"column\">\n\t\t\t<div class=\"elementor-widget-wrap elementor-element-populated\">\n\t\t\t\t\t\t<div class=\"elementor-element elementor-element-9729640 elementor-widget elementor-widget-spacer\" data-id=\"9729640\" data-element_type=\"widget\" data-e-type=\"widget\" data-widget_type=\"spacer.default\">\n\t\t\t\t<div class=\"elementor-widget-container\">\n\t\t\t\t\t\t\t<div class=\"elementor-spacer\">\n\t\t\t<div class=\"elementor-spacer-inner\"><\/div>\n\t\t<\/div>\n\t\t\t\t\t\t<\/div>\n\t\t\t\t<\/div>\n\t\t\t\t\t<\/div>\n\t\t<\/div>\n\t\t\t\t\t<\/div>\n\t\t<\/section>\n\t\t\t\t<section class=\"elementor-section elementor-top-section elementor-element elementor-element-61136bb elementor-section-boxed elementor-section-height-default elementor-section-height-default\" data-id=\"61136bb\" data-element_type=\"section\" data-e-type=\"section\">\n\t\t\t\t\t\t<div class=\"elementor-container elementor-column-gap-default\">\n\t\t\t\t\t<div class=\"elementor-column elementor-col-66 elementor-top-column elementor-element elementor-element-ba3805c\" data-id=\"ba3805c\" data-element_type=\"column\" data-e-type=\"column\">\n\t\t\t<div class=\"elementor-widget-wrap elementor-element-populated\">\n\t\t\t\t\t\t<div class=\"elementor-element elementor-element-be31883 elementor-widget elementor-widget-text-editor\" data-id=\"be31883\" data-element_type=\"widget\" data-e-type=\"widget\" data-widget_type=\"text-editor.default\">\n\t\t\t\t<div class=\"elementor-widget-container\">\n\t\t\t\t\t\t\t\t\t<p>Einfach\u00a0<a href=\"https:\/\/www.verhoevenfamily.com\/de\/vacatures\/\" target=\"_blank\" rel=\"noopener\"><u>hier<\/u> <\/a>klicken, um\u00a0all unsere\u00a0aktuellen Stellenangebote anzuschauen.<\/p><p>\u00a0<\/p><p>Wenn wir derzeit keine offene Stelle haben, die Ihren F\u00e4higkeiten und Ihrem Interesse entspricht, w\u00fcrden wir dennoch gerne von Ihnen h\u00f6ren! Verhoeven ist immer daran interessiert, von talentierten und motivierten Kandidaten zu h\u00f6ren, die unsere Werte teilen und glauben, dass sie unserem Unternehmen etwas zu bieten haben. In Talente zu investieren bedeutet schlie\u00dflich, in Qualit\u00e4t zu investieren. Also, auch wenn Ihr Traumberuf nicht hier aufgef\u00fchrt ist, appellieren wir an Sie, uns eine offene Bewerbung, einschlie\u00dflich Ihres Lebenslaufs, an <a href=\"mailto:info@verhoevenfamily.com\">info@verhoevenfamily.com<\/a> \u00a0zu senden, sodass wir wissen, wo Sie zu finden sind, wenn sich Das richtige Stellenangebot ergibt.<\/p>\t\t\t\t\t\t\t\t<\/div>\n\t\t\t\t<\/div>\n\t\t\t\t\t<\/div>\n\t\t<\/div>\n\t\t\t\t<div class=\"elementor-column elementor-col-33 elementor-top-column elementor-element elementor-element-eccf546\" data-id=\"eccf546\" data-element_type=\"column\" data-e-type=\"column\">\n\t\t\t<div class=\"elementor-widget-wrap\">\n\t\t\t\t\t\t\t<\/div>\n\t\t<\/div>\n\t\t\t\t\t<\/div>\n\t\t<\/section>\n\t\t\t\t<section class=\"elementor-section elementor-top-section elementor-element elementor-element-44a2a02 elementor-section-boxed elementor-section-height-default elementor-section-height-default\" data-id=\"44a2a02\" data-element_type=\"section\" data-e-type=\"section\">\n\t\t\t\t\t\t<div class=\"elementor-container elementor-column-gap-default\">\n\t\t\t\t\t<div class=\"elementor-column elementor-col-100 elementor-top-column elementor-element elementor-element-be40e22\" data-id=\"be40e22\" data-element_type=\"column\" data-e-type=\"column\">\n\t\t\t<div class=\"elementor-widget-wrap elementor-element-populated\">\n\t\t\t\t\t\t<div class=\"elementor-element elementor-element-fc04ee0 elementor-widget elementor-widget-spacer\" data-id=\"fc04ee0\" data-element_type=\"widget\" data-e-type=\"widget\" data-widget_type=\"spacer.default\">\n\t\t\t\t<div class=\"elementor-widget-container\">\n\t\t\t\t\t\t\t<div class=\"elementor-spacer\">\n\t\t\t<div class=\"elementor-spacer-inner\"><\/div>\n\t\t<\/div>\n\t\t\t\t\t\t<\/div>\n\t\t\t\t<\/div>\n\t\t\t\t\t<\/div>\n\t\t<\/div>\n\t\t\t\t\t<\/div>\n\t\t<\/section>\n\t\t\t\t<\/div>\n\t\t","protected":false},"excerpt":{"rendered":"<p>M\u00f6chten Sie ebenfalls Mitglied der Familie werden? Einfach\u00a0hier klicken, um\u00a0all unsere\u00a0aktuellen Stellenangebote anzuschauen. \u00a0 Wenn wir derzeit keine offene Stelle haben, die Ihren F\u00e4higkeiten und Ihrem Interesse entspricht, w\u00fcrden wir dennoch gerne von Ihnen h\u00f6ren! Verhoeven ist immer daran interessiert, von talentierten und motivierten Kandidaten&#8230;<\/p>\n","protected":false},"author":8,"featured_media":0,"parent":0,"menu_order":0,"comment_status":"closed","ping_status":"closed","template":"","meta":{"footnotes":""},"class_list":["post-1694","page","type-page","status-publish","hentry"],"yoast_head":"<!-- This site is optimized with the Yoast SEO Premium plugin v27.5 (Yoast SEO v27.5) - https:\/\/yoast.com\/product\/yoast-seo-premium-wordpress\/ -->\n<title>Karriere - BAKEPACK End Of Line Solutions<\/title>\n<meta name=\"robots\" content=\"index, follow, max-snippet:-1, max-image-preview:large, max-video-preview:-1\" \/>\n<link rel=\"canonical\" href=\"https:\/\/www.bakepackeols.com\/de\/karriere\/\" \/>\n<meta property=\"og:locale\" content=\"de_DE\" \/>\n<meta property=\"og:type\" content=\"article\" \/>\n<meta property=\"og:title\" content=\"Karriere\" \/>\n<meta property=\"og:description\" content=\"M\u00f6chten Sie ebenfalls Mitglied der Familie werden? Einfach\u00a0hier klicken, um\u00a0all unsere\u00a0aktuellen Stellenangebote anzuschauen. \u00a0 Wenn wir derzeit keine offene Stelle haben, die Ihren F\u00e4higkeiten und Ihrem Interesse entspricht, w\u00fcrden wir dennoch gerne von Ihnen h\u00f6ren! Verhoeven ist immer daran interessiert, von talentierten und motivierten Kandidaten...\" \/>\n<meta property=\"og:url\" content=\"https:\/\/www.bakepackeols.com\/de\/karriere\/\" \/>\n<meta property=\"og:site_name\" content=\"BAKEPACK End Of Line Solutions\" \/>\n<meta property=\"article:modified_time\" content=\"2023-11-22T19:54:34+00:00\" \/>\n<meta property=\"og:image\" content=\"https:\/\/www.bakepackeols.com\/wp-content\/uploads\/2023\/11\/Do-you-want-to-become-a-family-member-www.jpg\" \/>\n<meta name=\"twitter:card\" content=\"summary_large_image\" \/>\n<meta name=\"twitter:label1\" content=\"Gesch\u00e4tzte Lesezeit\" \/>\n\t<meta name=\"twitter:data1\" content=\"1\u00a0Minute\" \/>\n<script type=\"application\/ld+json\" class=\"yoast-schema-graph\">{\"@context\":\"https:\\\/\\\/schema.org\",\"@graph\":[{\"@type\":\"WebPage\",\"@id\":\"https:\\\/\\\/www.bakepackeols.com\\\/de\\\/karriere\\\/\",\"url\":\"https:\\\/\\\/www.bakepackeols.com\\\/de\\\/karriere\\\/\",\"name\":\"Karriere - BAKEPACK End Of Line Solutions\",\"isPartOf\":{\"@id\":\"https:\\\/\\\/www.bakepackeols.com\\\/de\\\/#website\"},\"primaryImageOfPage\":{\"@id\":\"https:\\\/\\\/www.bakepackeols.com\\\/de\\\/karriere\\\/#primaryimage\"},\"image\":{\"@id\":\"https:\\\/\\\/www.bakepackeols.com\\\/de\\\/karriere\\\/#primaryimage\"},\"thumbnailUrl\":\"https:\\\/\\\/www.bakepackeols.com\\\/wp-content\\\/uploads\\\/2023\\\/11\\\/Do-you-want-to-become-a-family-member-www.jpg\",\"datePublished\":\"2020-06-25T08:16:33+00:00\",\"dateModified\":\"2023-11-22T19:54:34+00:00\",\"breadcrumb\":{\"@id\":\"https:\\\/\\\/www.bakepackeols.com\\\/de\\\/karriere\\\/#breadcrumb\"},\"inLanguage\":\"de\",\"potentialAction\":[{\"@type\":\"ReadAction\",\"target\":[\"https:\\\/\\\/www.bakepackeols.com\\\/de\\\/karriere\\\/\"]}]},{\"@type\":\"ImageObject\",\"inLanguage\":\"de\",\"@id\":\"https:\\\/\\\/www.bakepackeols.com\\\/de\\\/karriere\\\/#primaryimage\",\"url\":\"https:\\\/\\\/www.bakepackeols.com\\\/wp-content\\\/uploads\\\/2023\\\/11\\\/Do-you-want-to-become-a-family-member-www.jpg\",\"contentUrl\":\"https:\\\/\\\/www.bakepackeols.com\\\/wp-content\\\/uploads\\\/2023\\\/11\\\/Do-you-want-to-become-a-family-member-www.jpg\"},{\"@type\":\"BreadcrumbList\",\"@id\":\"https:\\\/\\\/www.bakepackeols.com\\\/de\\\/karriere\\\/#breadcrumb\",\"itemListElement\":[{\"@type\":\"ListItem\",\"position\":1,\"name\":\"Home\",\"item\":\"https:\\\/\\\/www.bakepackeols.com\\\/de\\\/\"},{\"@type\":\"ListItem\",\"position\":2,\"name\":\"Karriere\"}]},{\"@type\":\"WebSite\",\"@id\":\"https:\\\/\\\/www.bakepackeols.com\\\/de\\\/#website\",\"url\":\"https:\\\/\\\/www.bakepackeols.com\\\/de\\\/\",\"name\":\"BAKEPACK End Of Line Solutions\",\"description\":\"BAKEPACK End Of Line Solutions\",\"potentialAction\":[{\"@type\":\"SearchAction\",\"target\":{\"@type\":\"EntryPoint\",\"urlTemplate\":\"https:\\\/\\\/www.bakepackeols.com\\\/de\\\/?s={search_term_string}\"},\"query-input\":{\"@type\":\"PropertyValueSpecification\",\"valueRequired\":true,\"valueName\":\"search_term_string\"}}],\"inLanguage\":\"de\"}]}<\/script>\n<!-- \/ Yoast SEO Premium plugin. -->","yoast_head_json":{"title":"Karriere - BAKEPACK End Of Line Solutions","robots":{"index":"index","follow":"follow","max-snippet":"max-snippet:-1","max-image-preview":"max-image-preview:large","max-video-preview":"max-video-preview:-1"},"canonical":"https:\/\/www.bakepackeols.com\/de\/karriere\/","og_locale":"de_DE","og_type":"article","og_title":"Karriere","og_description":"M\u00f6chten Sie ebenfalls Mitglied der Familie werden? Einfach\u00a0hier klicken, um\u00a0all unsere\u00a0aktuellen Stellenangebote anzuschauen. \u00a0 Wenn wir derzeit keine offene Stelle haben, die Ihren F\u00e4higkeiten und Ihrem Interesse entspricht, w\u00fcrden wir dennoch gerne von Ihnen h\u00f6ren! Verhoeven ist immer daran interessiert, von talentierten und motivierten Kandidaten...","og_url":"https:\/\/www.bakepackeols.com\/de\/karriere\/","og_site_name":"BAKEPACK End Of Line Solutions","article_modified_time":"2023-11-22T19:54:34+00:00","og_image":[{"url":"https:\/\/www.bakepackeols.com\/wp-content\/uploads\/2023\/11\/Do-you-want-to-become-a-family-member-www.jpg","type":"","width":"","height":""}],"twitter_card":"summary_large_image","twitter_misc":{"Gesch\u00e4tzte Lesezeit":"1\u00a0Minute"},"schema":{"@context":"https:\/\/schema.org","@graph":[{"@type":"WebPage","@id":"https:\/\/www.bakepackeols.com\/de\/karriere\/","url":"https:\/\/www.bakepackeols.com\/de\/karriere\/","name":"Karriere - BAKEPACK End Of Line Solutions","isPartOf":{"@id":"https:\/\/www.bakepackeols.com\/de\/#website"},"primaryImageOfPage":{"@id":"https:\/\/www.bakepackeols.com\/de\/karriere\/#primaryimage"},"image":{"@id":"https:\/\/www.bakepackeols.com\/de\/karriere\/#primaryimage"},"thumbnailUrl":"https:\/\/www.bakepackeols.com\/wp-content\/uploads\/2023\/11\/Do-you-want-to-become-a-family-member-www.jpg","datePublished":"2020-06-25T08:16:33+00:00","dateModified":"2023-11-22T19:54:34+00:00","breadcrumb":{"@id":"https:\/\/www.bakepackeols.com\/de\/karriere\/#breadcrumb"},"inLanguage":"de","potentialAction":[{"@type":"ReadAction","target":["https:\/\/www.bakepackeols.com\/de\/karriere\/"]}]},{"@type":"ImageObject","inLanguage":"de","@id":"https:\/\/www.bakepackeols.com\/de\/karriere\/#primaryimage","url":"https:\/\/www.bakepackeols.com\/wp-content\/uploads\/2023\/11\/Do-you-want-to-become-a-family-member-www.jpg","contentUrl":"https:\/\/www.bakepackeols.com\/wp-content\/uploads\/2023\/11\/Do-you-want-to-become-a-family-member-www.jpg"},{"@type":"BreadcrumbList","@id":"https:\/\/www.bakepackeols.com\/de\/karriere\/#breadcrumb","itemListElement":[{"@type":"ListItem","position":1,"name":"Home","item":"https:\/\/www.bakepackeols.com\/de\/"},{"@type":"ListItem","position":2,"name":"Karriere"}]},{"@type":"WebSite","@id":"https:\/\/www.bakepackeols.com\/de\/#website","url":"https:\/\/www.bakepackeols.com\/de\/","name":"BAKEPACK End Of Line Solutions","description":"BAKEPACK End Of Line Solutions","potentialAction":[{"@type":"SearchAction","target":{"@type":"EntryPoint","urlTemplate":"https:\/\/www.bakepackeols.com\/de\/?s={search_term_string}"},"query-input":{"@type":"PropertyValueSpecification","valueRequired":true,"valueName":"search_term_string"}}],"inLanguage":"de"}]}},"_links":{"self":[{"href":"https:\/\/www.bakepackeols.com\/de\/wp-json\/wp\/v2\/pages\/1694","targetHints":{"allow":["GET"]}}],"collection":[{"href":"https:\/\/www.bakepackeols.com\/de\/wp-json\/wp\/v2\/pages"}],"about":[{"href":"https:\/\/www.bakepackeols.com\/de\/wp-json\/wp\/v2\/types\/page"}],"author":[{"embeddable":true,"href":"https:\/\/www.bakepackeols.com\/de\/wp-json\/wp\/v2\/users\/8"}],"replies":[{"embeddable":true,"href":"https:\/\/www.bakepackeols.com\/de\/wp-json\/wp\/v2\/comments?post=1694"}],"version-history":[{"count":0,"href":"https:\/\/www.bakepackeols.com\/de\/wp-json\/wp\/v2\/pages\/1694\/revisions"}],"wp:attachment":[{"href":"https:\/\/www.bakepackeols.com\/de\/wp-json\/wp\/v2\/media?parent=1694"}],"curies":[{"name":"wp","href":"https:\/\/api.w.org\/{rel}","templated":true}]}}