{"id":1792,"date":"2020-06-25T08:51:16","date_gmt":"2020-06-25T08:51:16","guid":{"rendered":"https:\/\/www.bakepackeols.com\/?page_id=1792"},"modified":"2020-07-10T10:41:35","modified_gmt":"2020-07-10T10:41:35","slug":"unsere-familie","status":"publish","type":"page","link":"https:\/\/www.bakepackeols.com\/de\/unsere-familie\/","title":{"rendered":"Unsere Familie"},"content":{"rendered":"\t\t<div data-elementor-type=\"wp-page\" data-elementor-id=\"1792\" class=\"elementor elementor-1792\" data-elementor-post-type=\"page\">\n\t\t\t\t\t\t<section class=\"elementor-section elementor-top-section elementor-element elementor-element-3e8f610 elementor-section-boxed elementor-section-height-default elementor-section-height-default\" data-id=\"3e8f610\" data-element_type=\"section\" data-e-type=\"section\">\n\t\t\t\t\t\t<div class=\"elementor-container elementor-column-gap-default\">\n\t\t\t\t\t<div class=\"elementor-column elementor-col-100 elementor-top-column elementor-element elementor-element-4997f66a\" data-id=\"4997f66a\" data-element_type=\"column\" data-e-type=\"column\">\n\t\t\t<div class=\"elementor-widget-wrap elementor-element-populated\">\n\t\t\t\t\t\t<div class=\"elementor-element elementor-element-604c0420 din elementor-widget elementor-widget-heading\" data-id=\"604c0420\" data-element_type=\"widget\" data-e-type=\"widget\" data-widget_type=\"heading.default\">\n\t\t\t\t<div class=\"elementor-widget-container\">\n\t\t\t\t\t<h2 class=\"elementor-heading-title elementor-size-default\">Unsere Familie<\/h2>\t\t\t\t<\/div>\n\t\t\t\t<\/div>\n\t\t\t\t\t<\/div>\n\t\t<\/div>\n\t\t\t\t\t<\/div>\n\t\t<\/section>\n\t\t\t\t<section class=\"elementor-section elementor-top-section elementor-element elementor-element-1224a36 elementor-section-boxed elementor-section-height-default elementor-section-height-default\" data-id=\"1224a36\" data-element_type=\"section\" data-e-type=\"section\">\n\t\t\t\t\t\t<div class=\"elementor-container elementor-column-gap-default\">\n\t\t\t\t\t<div class=\"elementor-column elementor-col-50 elementor-top-column elementor-element elementor-element-1c1c4bc\" data-id=\"1c1c4bc\" data-element_type=\"column\" data-e-type=\"column\">\n\t\t\t<div class=\"elementor-widget-wrap elementor-element-populated\">\n\t\t\t\t\t\t<div class=\"elementor-element elementor-element-987e3d3 elementor-widget elementor-widget-text-editor\" data-id=\"987e3d3\" data-element_type=\"widget\" data-e-type=\"widget\" data-widget_type=\"text-editor.default\">\n\t\t\t\t<div class=\"elementor-widget-container\">\n\t\t\t\t\t\t\t\t\t<p>Die <a href=\"https:\/\/www.verhoevenfamily.com\/\" target=\"_blank\" rel=\"noopener\">Verhoeven Family of Companies<\/a> entwickelt, produziert und liefert Systeme f\u00fcr den internen Transport, die Lagerung und die Materialhandhabung sowie kundenspezifische Anlagen und Ger\u00e4te. Die Verhoeven Family of Companies ist die Muttergesellschaft von zwei innovativen Unternehmen: Verhoeven Material Handling Family und Verhoeven Bakery Equipment Family.<\/p><p>\u00a0<\/p><p>Die <a href=\"https:\/\/www.verhoevenfamily.com\/about-us-mhf\/\" target=\"_blank\" rel=\"noopener\">Verhoeven Material Handling Family<\/a> produziert alles, was auf die internen Handhabungs- und Transportsysteme in der neuen und\/oder bestehenden Produktionsumgebung Ihres Unternehmens zugeschnitten ist. Unsere internen Experten suchen nach den k\u00fcrzesten und effizientesten M\u00f6glichkeiten, um die Handhabung und den Transport Ihrer Produkte zu realisieren.<\/p><p>\u00a0<\/p><p>Die <a href=\"https:\/\/www.verhoevenfamily.com\/about-us-bef\/\" target=\"_blank\" rel=\"noopener\">Verhoeven Bakery Equipment Family<\/a> liefert gebrauchsfertige Anlagen mit den Kenntnissen und der Expertise ihrer vier spezialisierten Tochtergesellschaften: <a href=\"https:\/\/www.bvtbs.com\/\" target=\"_blank\" rel=\"noopener\">BVT Dough Process Solutions<\/a>, wo Laminier- und Teigbandverarbeitungslinien hergestellt werden; <a href=\"https:\/\/www.newcapbs.com\/\" target=\"_blank\" rel=\"noopener\">NewCap Industrial Handling Solutions<\/a>, die fortschrittliche Handling-Maschinen liefert; <a href=\"https:\/\/vacuumcooling.com\/\" target=\"_blank\" rel=\"noopener\">Vacuum Cooling &amp; Baking Solutions<\/a>, die eine Methode entwickelt hat, mit der die Vakuumk\u00fchltechnik in gro\u00dfem Ma\u00dfstab auf Teigprodukte angewendet werden kann; und <a href=\"https:\/\/www.bakepackeols.com\/\" target=\"_blank\" rel=\"noopener\">Bakepack End of Line Solutions<\/a>, bei denen kundenspezifische, vollst\u00e4ndige end of line solutions entwickelt, produziert und installiert wird. <br \/><br \/><\/p><p>Wir sind eine eng verbundene Unternehmensgruppe, die st\u00e4ndig Wissen und Entwicklungen austauscht, um sich gegenseitig voranzubringen. Dies h\u00e4lt nicht nur die einzelnen Unternehmen auf Trab, sondern sorgt auch daf\u00fcr, dass die gesamte Gruppe wachsen kann. Um unseren Kunden ultimative Flexibilit\u00e4t, Geschwindigkeit und Qualit\u00e4t zu bieten, produzieren wir alles, was wir anbieten, im eigenen Haus. Von den Basismaterialien bis zum Endprodukt. M\u00f6chten Sie mehr \u00fcber die Verhoeven Family erfahren? Klicken Sie dann <a href=\"https:\/\/www.verhoevenfamily.com\/\" target=\"_blank\" rel=\"noopener\">hier<\/a>.<\/p>\t\t\t\t\t\t\t\t<\/div>\n\t\t\t\t<\/div>\n\t\t\t\t\t<\/div>\n\t\t<\/div>\n\t\t\t\t<div class=\"elementor-column elementor-col-50 elementor-top-column elementor-element elementor-element-1b328e2\" data-id=\"1b328e2\" data-element_type=\"column\" data-e-type=\"column\">\n\t\t\t<div class=\"elementor-widget-wrap elementor-element-populated\">\n\t\t\t\t\t\t<section class=\"elementor-section elementor-inner-section elementor-element elementor-element-a73592d elementor-section-boxed elementor-section-height-default elementor-section-height-default\" data-id=\"a73592d\" data-element_type=\"section\" data-e-type=\"section\">\n\t\t\t\t\t\t<div class=\"elementor-container elementor-column-gap-default\">\n\t\t\t\t\t<div class=\"elementor-column elementor-col-100 elementor-inner-column elementor-element elementor-element-9455a42\" data-id=\"9455a42\" data-element_type=\"column\" data-e-type=\"column\">\n\t\t\t<div class=\"elementor-widget-wrap elementor-element-populated\">\n\t\t\t\t\t\t<div class=\"elementor-element elementor-element-bd5c422 elementor-widget elementor-widget-spacer\" data-id=\"bd5c422\" data-element_type=\"widget\" data-e-type=\"widget\" data-widget_type=\"spacer.default\">\n\t\t\t\t<div class=\"elementor-widget-container\">\n\t\t\t\t\t\t\t<div class=\"elementor-spacer\">\n\t\t\t<div class=\"elementor-spacer-inner\"><\/div>\n\t\t<\/div>\n\t\t\t\t\t\t<\/div>\n\t\t\t\t<\/div>\n\t\t\t\t\t<\/div>\n\t\t<\/div>\n\t\t\t\t\t<\/div>\n\t\t<\/section>\n\t\t\t\t<div class=\"elementor-element elementor-element-b657d3c elementor-widget elementor-widget-image\" data-id=\"b657d3c\" data-element_type=\"widget\" data-e-type=\"widget\" data-widget_type=\"image.default\">\n\t\t\t\t<div class=\"elementor-widget-container\">\n\t\t\t\t\t\t\t\t\t\t\t\t\t\t\t<img fetchpriority=\"high\" decoding=\"async\" width=\"2000\" height=\"1317\" src=\"https:\/\/www.bakepackeols.com\/wp-content\/uploads\/2020\/05\/Timeline-Verhoeven-structuur.jpg\" class=\"attachment-full size-full wp-image-2439\" alt=\"Family tree Verhoeven Family of Companies\" srcset=\"https:\/\/www.bakepackeols.com\/wp-content\/uploads\/2020\/05\/Timeline-Verhoeven-structuur.jpg 2000w, https:\/\/www.bakepackeols.com\/wp-content\/uploads\/2020\/05\/Timeline-Verhoeven-structuur-300x198.jpg 300w, https:\/\/www.bakepackeols.com\/wp-content\/uploads\/2020\/05\/Timeline-Verhoeven-structuur-1024x674.jpg 1024w, https:\/\/www.bakepackeols.com\/wp-content\/uploads\/2020\/05\/Timeline-Verhoeven-structuur-768x506.jpg 768w, https:\/\/www.bakepackeols.com\/wp-content\/uploads\/2020\/05\/Timeline-Verhoeven-structuur-1536x1011.jpg 1536w, https:\/\/www.bakepackeols.com\/wp-content\/uploads\/2020\/05\/Timeline-Verhoeven-structuur-700x461.jpg 700w\" sizes=\"(max-width: 2000px) 100vw, 2000px\" \/>\t\t\t\t\t\t\t\t\t\t\t\t\t\t\t<\/div>\n\t\t\t\t<\/div>\n\t\t\t\t\t<\/div>\n\t\t<\/div>\n\t\t\t\t\t<\/div>\n\t\t<\/section>\n\t\t\t\t<section class=\"elementor-section elementor-top-section elementor-element elementor-element-e847ebd elementor-section-boxed elementor-section-height-default elementor-section-height-default\" data-id=\"e847ebd\" data-element_type=\"section\" data-e-type=\"section\">\n\t\t\t\t\t\t<div class=\"elementor-container elementor-column-gap-default\">\n\t\t\t\t\t<div class=\"elementor-column elementor-col-100 elementor-top-column elementor-element elementor-element-fab0652\" data-id=\"fab0652\" data-element_type=\"column\" data-e-type=\"column\">\n\t\t\t<div class=\"elementor-widget-wrap elementor-element-populated\">\n\t\t\t\t\t\t<div class=\"elementor-element elementor-element-d1a20b8 elementor-widget elementor-widget-image\" data-id=\"d1a20b8\" data-element_type=\"widget\" data-e-type=\"widget\" data-widget_type=\"image.default\">\n\t\t\t\t<div class=\"elementor-widget-container\">\n\t\t\t\t\t\t\t\t\t\t\t\t\t\t\t<img decoding=\"async\" width=\"2560\" height=\"1583\" src=\"https:\/\/www.bakepackeols.com\/wp-content\/uploads\/2020\/05\/pandnew-belettering-scaled.jpg\" class=\"attachment-full size-full wp-image-2484\" alt=\"New build office building of Verhoeven Family of Companies\" srcset=\"https:\/\/www.bakepackeols.com\/wp-content\/uploads\/2020\/05\/pandnew-belettering-scaled.jpg 2560w, https:\/\/www.bakepackeols.com\/wp-content\/uploads\/2020\/05\/pandnew-belettering-300x186.jpg 300w, https:\/\/www.bakepackeols.com\/wp-content\/uploads\/2020\/05\/pandnew-belettering-1024x633.jpg 1024w, https:\/\/www.bakepackeols.com\/wp-content\/uploads\/2020\/05\/pandnew-belettering-768x475.jpg 768w, https:\/\/www.bakepackeols.com\/wp-content\/uploads\/2020\/05\/pandnew-belettering-1536x950.jpg 1536w, https:\/\/www.bakepackeols.com\/wp-content\/uploads\/2020\/05\/pandnew-belettering-2048x1266.jpg 2048w, https:\/\/www.bakepackeols.com\/wp-content\/uploads\/2020\/05\/pandnew-belettering-700x433.jpg 700w\" sizes=\"(max-width: 2560px) 100vw, 2560px\" \/>\t\t\t\t\t\t\t\t\t\t\t\t\t\t\t<\/div>\n\t\t\t\t<\/div>\n\t\t\t\t\t<\/div>\n\t\t<\/div>\n\t\t\t\t\t<\/div>\n\t\t<\/section>\n\t\t\t\t<\/div>\n\t\t","protected":false},"excerpt":{"rendered":"<p>Unsere Familie Die Verhoeven Family of Companies entwickelt, produziert und liefert Systeme f\u00fcr den internen Transport, die Lagerung und die Materialhandhabung sowie kundenspezifische Anlagen und Ger\u00e4te. Die Verhoeven Family of Companies ist die Muttergesellschaft von zwei innovativen Unternehmen: Verhoeven Material Handling Family und Verhoeven Bakery&#8230;<\/p>\n","protected":false},"author":8,"featured_media":0,"parent":0,"menu_order":0,"comment_status":"closed","ping_status":"closed","template":"","meta":{"footnotes":""},"class_list":["post-1792","page","type-page","status-publish","hentry"],"yoast_head":"<!-- This site is optimized with the Yoast SEO Premium plugin v27.5 (Yoast SEO v27.5) - https:\/\/yoast.com\/product\/yoast-seo-premium-wordpress\/ -->\n<title>Unsere Familie - BAKEPACK End Of Line Solutions<\/title>\n<meta name=\"robots\" content=\"index, follow, max-snippet:-1, max-image-preview:large, max-video-preview:-1\" \/>\n<link rel=\"canonical\" href=\"https:\/\/www.bakepackeols.com\/de\/unsere-familie\/\" \/>\n<meta property=\"og:locale\" content=\"de_DE\" \/>\n<meta property=\"og:type\" content=\"article\" \/>\n<meta property=\"og:title\" content=\"Unsere Familie\" \/>\n<meta property=\"og:description\" content=\"Unsere Familie Die Verhoeven Family of Companies entwickelt, produziert und liefert Systeme f\u00fcr den internen Transport, die Lagerung und die Materialhandhabung sowie kundenspezifische Anlagen und Ger\u00e4te. Die Verhoeven Family of Companies ist die Muttergesellschaft von zwei innovativen Unternehmen: Verhoeven Material Handling Family und Verhoeven Bakery...\" \/>\n<meta property=\"og:url\" content=\"https:\/\/www.bakepackeols.com\/de\/unsere-familie\/\" \/>\n<meta property=\"og:site_name\" content=\"BAKEPACK End Of Line Solutions\" \/>\n<meta property=\"article:modified_time\" content=\"2020-07-10T10:41:35+00:00\" \/>\n<meta property=\"og:image\" content=\"https:\/\/www.bakepackeols.com\/wp-content\/uploads\/2020\/05\/Timeline-Verhoeven-structuur.jpg\" \/>\n<meta name=\"twitter:card\" content=\"summary_large_image\" \/>\n<meta name=\"twitter:label1\" content=\"Gesch\u00e4tzte Lesezeit\" \/>\n\t<meta name=\"twitter:data1\" content=\"1\u00a0Minute\" \/>\n<script type=\"application\/ld+json\" class=\"yoast-schema-graph\">{\"@context\":\"https:\\\/\\\/schema.org\",\"@graph\":[{\"@type\":\"WebPage\",\"@id\":\"https:\\\/\\\/www.bakepackeols.com\\\/de\\\/unsere-familie\\\/\",\"url\":\"https:\\\/\\\/www.bakepackeols.com\\\/de\\\/unsere-familie\\\/\",\"name\":\"Unsere Familie - BAKEPACK End Of Line Solutions\",\"isPartOf\":{\"@id\":\"https:\\\/\\\/www.bakepackeols.com\\\/de\\\/#website\"},\"primaryImageOfPage\":{\"@id\":\"https:\\\/\\\/www.bakepackeols.com\\\/de\\\/unsere-familie\\\/#primaryimage\"},\"image\":{\"@id\":\"https:\\\/\\\/www.bakepackeols.com\\\/de\\\/unsere-familie\\\/#primaryimage\"},\"thumbnailUrl\":\"https:\\\/\\\/www.bakepackeols.com\\\/wp-content\\\/uploads\\\/2020\\\/05\\\/Timeline-Verhoeven-structuur.jpg\",\"datePublished\":\"2020-06-25T08:51:16+00:00\",\"dateModified\":\"2020-07-10T10:41:35+00:00\",\"breadcrumb\":{\"@id\":\"https:\\\/\\\/www.bakepackeols.com\\\/de\\\/unsere-familie\\\/#breadcrumb\"},\"inLanguage\":\"de\",\"potentialAction\":[{\"@type\":\"ReadAction\",\"target\":[\"https:\\\/\\\/www.bakepackeols.com\\\/de\\\/unsere-familie\\\/\"]}]},{\"@type\":\"ImageObject\",\"inLanguage\":\"de\",\"@id\":\"https:\\\/\\\/www.bakepackeols.com\\\/de\\\/unsere-familie\\\/#primaryimage\",\"url\":\"https:\\\/\\\/www.bakepackeols.com\\\/wp-content\\\/uploads\\\/2020\\\/05\\\/Timeline-Verhoeven-structuur.jpg\",\"contentUrl\":\"https:\\\/\\\/www.bakepackeols.com\\\/wp-content\\\/uploads\\\/2020\\\/05\\\/Timeline-Verhoeven-structuur.jpg\"},{\"@type\":\"BreadcrumbList\",\"@id\":\"https:\\\/\\\/www.bakepackeols.com\\\/de\\\/unsere-familie\\\/#breadcrumb\",\"itemListElement\":[{\"@type\":\"ListItem\",\"position\":1,\"name\":\"Home\",\"item\":\"https:\\\/\\\/www.bakepackeols.com\\\/de\\\/\"},{\"@type\":\"ListItem\",\"position\":2,\"name\":\"Unsere Familie\"}]},{\"@type\":\"WebSite\",\"@id\":\"https:\\\/\\\/www.bakepackeols.com\\\/de\\\/#website\",\"url\":\"https:\\\/\\\/www.bakepackeols.com\\\/de\\\/\",\"name\":\"BAKEPACK End Of Line Solutions\",\"description\":\"BAKEPACK End Of Line Solutions\",\"potentialAction\":[{\"@type\":\"SearchAction\",\"target\":{\"@type\":\"EntryPoint\",\"urlTemplate\":\"https:\\\/\\\/www.bakepackeols.com\\\/de\\\/?s={search_term_string}\"},\"query-input\":{\"@type\":\"PropertyValueSpecification\",\"valueRequired\":true,\"valueName\":\"search_term_string\"}}],\"inLanguage\":\"de\"}]}<\/script>\n<!-- \/ Yoast SEO Premium plugin. -->","yoast_head_json":{"title":"Unsere Familie - BAKEPACK End Of Line Solutions","robots":{"index":"index","follow":"follow","max-snippet":"max-snippet:-1","max-image-preview":"max-image-preview:large","max-video-preview":"max-video-preview:-1"},"canonical":"https:\/\/www.bakepackeols.com\/de\/unsere-familie\/","og_locale":"de_DE","og_type":"article","og_title":"Unsere Familie","og_description":"Unsere Familie Die Verhoeven Family of Companies entwickelt, produziert und liefert Systeme f\u00fcr den internen Transport, die Lagerung und die Materialhandhabung sowie kundenspezifische Anlagen und Ger\u00e4te. Die Verhoeven Family of Companies ist die Muttergesellschaft von zwei innovativen Unternehmen: Verhoeven Material Handling Family und Verhoeven Bakery...","og_url":"https:\/\/www.bakepackeols.com\/de\/unsere-familie\/","og_site_name":"BAKEPACK End Of Line Solutions","article_modified_time":"2020-07-10T10:41:35+00:00","og_image":[{"url":"https:\/\/www.bakepackeols.com\/wp-content\/uploads\/2020\/05\/Timeline-Verhoeven-structuur.jpg","type":"","width":"","height":""}],"twitter_card":"summary_large_image","twitter_misc":{"Gesch\u00e4tzte Lesezeit":"1\u00a0Minute"},"schema":{"@context":"https:\/\/schema.org","@graph":[{"@type":"WebPage","@id":"https:\/\/www.bakepackeols.com\/de\/unsere-familie\/","url":"https:\/\/www.bakepackeols.com\/de\/unsere-familie\/","name":"Unsere Familie - BAKEPACK End Of Line Solutions","isPartOf":{"@id":"https:\/\/www.bakepackeols.com\/de\/#website"},"primaryImageOfPage":{"@id":"https:\/\/www.bakepackeols.com\/de\/unsere-familie\/#primaryimage"},"image":{"@id":"https:\/\/www.bakepackeols.com\/de\/unsere-familie\/#primaryimage"},"thumbnailUrl":"https:\/\/www.bakepackeols.com\/wp-content\/uploads\/2020\/05\/Timeline-Verhoeven-structuur.jpg","datePublished":"2020-06-25T08:51:16+00:00","dateModified":"2020-07-10T10:41:35+00:00","breadcrumb":{"@id":"https:\/\/www.bakepackeols.com\/de\/unsere-familie\/#breadcrumb"},"inLanguage":"de","potentialAction":[{"@type":"ReadAction","target":["https:\/\/www.bakepackeols.com\/de\/unsere-familie\/"]}]},{"@type":"ImageObject","inLanguage":"de","@id":"https:\/\/www.bakepackeols.com\/de\/unsere-familie\/#primaryimage","url":"https:\/\/www.bakepackeols.com\/wp-content\/uploads\/2020\/05\/Timeline-Verhoeven-structuur.jpg","contentUrl":"https:\/\/www.bakepackeols.com\/wp-content\/uploads\/2020\/05\/Timeline-Verhoeven-structuur.jpg"},{"@type":"BreadcrumbList","@id":"https:\/\/www.bakepackeols.com\/de\/unsere-familie\/#breadcrumb","itemListElement":[{"@type":"ListItem","position":1,"name":"Home","item":"https:\/\/www.bakepackeols.com\/de\/"},{"@type":"ListItem","position":2,"name":"Unsere Familie"}]},{"@type":"WebSite","@id":"https:\/\/www.bakepackeols.com\/de\/#website","url":"https:\/\/www.bakepackeols.com\/de\/","name":"BAKEPACK End Of Line Solutions","description":"BAKEPACK End Of Line Solutions","potentialAction":[{"@type":"SearchAction","target":{"@type":"EntryPoint","urlTemplate":"https:\/\/www.bakepackeols.com\/de\/?s={search_term_string}"},"query-input":{"@type":"PropertyValueSpecification","valueRequired":true,"valueName":"search_term_string"}}],"inLanguage":"de"}]}},"_links":{"self":[{"href":"https:\/\/www.bakepackeols.com\/de\/wp-json\/wp\/v2\/pages\/1792","targetHints":{"allow":["GET"]}}],"collection":[{"href":"https:\/\/www.bakepackeols.com\/de\/wp-json\/wp\/v2\/pages"}],"about":[{"href":"https:\/\/www.bakepackeols.com\/de\/wp-json\/wp\/v2\/types\/page"}],"author":[{"embeddable":true,"href":"https:\/\/www.bakepackeols.com\/de\/wp-json\/wp\/v2\/users\/8"}],"replies":[{"embeddable":true,"href":"https:\/\/www.bakepackeols.com\/de\/wp-json\/wp\/v2\/comments?post=1792"}],"version-history":[{"count":0,"href":"https:\/\/www.bakepackeols.com\/de\/wp-json\/wp\/v2\/pages\/1792\/revisions"}],"wp:attachment":[{"href":"https:\/\/www.bakepackeols.com\/de\/wp-json\/wp\/v2\/media?parent=1792"}],"curies":[{"name":"wp","href":"https:\/\/api.w.org\/{rel}","templated":true}]}}