{"id":1810,"date":"2020-06-25T08:52:52","date_gmt":"2020-06-25T08:52:52","guid":{"rendered":"https:\/\/www.bakepackeols.com\/?page_id=1810"},"modified":"2020-07-10T10:27:37","modified_gmt":"2020-07-10T10:27:37","slug":"primaer-verpackung","status":"publish","type":"page","link":"https:\/\/www.bakepackeols.com\/de\/primaer-verpackung\/","title":{"rendered":"Prim\u00e4r Verpackung"},"content":{"rendered":"\t\t<div data-elementor-type=\"wp-page\" data-elementor-id=\"1810\" class=\"elementor elementor-1810\" data-elementor-post-type=\"page\">\n\t\t\t\t\t\t<section class=\"elementor-section elementor-top-section elementor-element elementor-element-3e8f610 elementor-section-boxed elementor-section-height-default elementor-section-height-default\" data-id=\"3e8f610\" data-element_type=\"section\" data-e-type=\"section\">\n\t\t\t\t\t\t<div class=\"elementor-container elementor-column-gap-default\">\n\t\t\t\t\t<div class=\"elementor-column elementor-col-100 elementor-top-column elementor-element elementor-element-4997f66a\" data-id=\"4997f66a\" data-element_type=\"column\" data-e-type=\"column\">\n\t\t\t<div class=\"elementor-widget-wrap elementor-element-populated\">\n\t\t\t\t\t\t<div class=\"elementor-element elementor-element-604c0420 din elementor-widget elementor-widget-heading\" data-id=\"604c0420\" data-element_type=\"widget\" data-e-type=\"widget\" data-widget_type=\"heading.default\">\n\t\t\t\t<div class=\"elementor-widget-container\">\n\t\t\t\t\t<h2 class=\"elementor-heading-title elementor-size-default\">Prim\u00e4r Verpackung<\/h2>\t\t\t\t<\/div>\n\t\t\t\t<\/div>\n\t\t\t\t\t<\/div>\n\t\t<\/div>\n\t\t\t\t\t<\/div>\n\t\t<\/section>\n\t\t\t\t<section class=\"elementor-section elementor-top-section elementor-element elementor-element-814e07d elementor-section-boxed elementor-section-height-default elementor-section-height-default\" data-id=\"814e07d\" data-element_type=\"section\" data-e-type=\"section\">\n\t\t\t\t\t\t<div class=\"elementor-container elementor-column-gap-default\">\n\t\t\t\t\t<div class=\"elementor-column elementor-col-50 elementor-top-column elementor-element elementor-element-b004f57\" data-id=\"b004f57\" data-element_type=\"column\" data-e-type=\"column\">\n\t\t\t<div class=\"elementor-widget-wrap elementor-element-populated\">\n\t\t\t\t\t\t<div class=\"elementor-element elementor-element-f88cd4f elementor-widget elementor-widget-text-editor\" data-id=\"f88cd4f\" data-element_type=\"widget\" data-e-type=\"widget\" data-widget_type=\"text-editor.default\">\n\t\t\t\t<div class=\"elementor-widget-container\">\n\t\t\t\t\t\t\t\t\t<p>Nachdem Ihr Endprodukt hergestellt wurde, muss es so schnell und effizient wie m\u00f6glich verpackt werden. Verpacken Sie die Produkte einzeln oder zusammen?\u00a0 M\u00fcssen die Produkte \u201enakt\u201c, frisch oder gefroren verpackt werden? In einer T\u00fcte, Folie, Papier oder Gebinde?<\/p><p>\u00a0<\/p><p>Wir bieten die richtigen L\u00f6sungen f\u00fcr Ihre Prim\u00e4rverpackung. Von Schneidemaschinen \u00fcber Pillowpacks, Flow Packing oder Bagging bis hin zu manuellen Verpackungsl\u00f6sungen. Bakepack liefert Verpackungslinien mit Best\u00fcckungsautomaten, Ausrichtungsmaschinen und Z\u00e4hlmaschinen.<\/p><p>\u00a0<\/p><p>Nachdem jedes Produkt oder jede Produktgruppe verpackt wurde, k\u00f6nnen unsere kundenspezifischen L\u00f6sungen auf jeder Verpackung ein Etikett-, ein Clip oder einen Beschriftung anbringen. Sie k\u00f6nnen sogar zus\u00e4tzliche Endverpackungspr\u00fcfungen hinzuf\u00fcgen. Dabei k\u00f6nnte man denken an Tracking-Codes und Qualit\u00e4tspr\u00fcfungen mit visuellen L\u00f6sungen, Metalldetektion und R\u00f6ntgenpr\u00fcfungen.<\/p><p>\u00a0<\/p><p>Unsere Komplettl\u00f6sungen sind genau das, was Sie zum Verpacken Ihrer Produkte ben\u00f6tigen. M\u00f6chten Sie mehr erfahren? <a href=\"https:\/\/www.bakepackeols.com\/de\/kontakt\/\">Kontaktieren<\/a> Sie uns noch heute f\u00fcr weitere Informationen.<\/p>\t\t\t\t\t\t\t\t<\/div>\n\t\t\t\t<\/div>\n\t\t\t\t\t<\/div>\n\t\t<\/div>\n\t\t\t\t<div class=\"elementor-column elementor-col-50 elementor-top-column elementor-element elementor-element-34edb60\" data-id=\"34edb60\" data-element_type=\"column\" data-e-type=\"column\">\n\t\t\t<div class=\"elementor-widget-wrap\">\n\t\t\t\t\t\t\t<\/div>\n\t\t<\/div>\n\t\t\t\t\t<\/div>\n\t\t<\/section>\n\t\t\t\t<section class=\"elementor-section elementor-top-section elementor-element elementor-element-d077611 elementor-section-boxed elementor-section-height-default elementor-section-height-default\" data-id=\"d077611\" data-element_type=\"section\" data-e-type=\"section\">\n\t\t\t\t\t\t<div class=\"elementor-container elementor-column-gap-default\">\n\t\t\t\t\t<div class=\"elementor-column elementor-col-100 elementor-top-column elementor-element elementor-element-ad2a713\" data-id=\"ad2a713\" data-element_type=\"column\" data-e-type=\"column\">\n\t\t\t<div class=\"elementor-widget-wrap elementor-element-populated\">\n\t\t\t\t\t\t\t<\/div>\n\t\t<\/div>\n\t\t\t\t\t<\/div>\n\t\t<\/section>\n\t\t\t\t<section class=\"elementor-section elementor-top-section elementor-element elementor-element-4aa46cb elementor-section-boxed elementor-section-height-default elementor-section-height-default\" data-id=\"4aa46cb\" data-element_type=\"section\" data-e-type=\"section\">\n\t\t\t\t\t\t<div class=\"elementor-container elementor-column-gap-default\">\n\t\t\t\t\t<div class=\"elementor-column elementor-col-100 elementor-top-column elementor-element elementor-element-51585b2\" data-id=\"51585b2\" data-element_type=\"column\" data-e-type=\"column\">\n\t\t\t<div class=\"elementor-widget-wrap elementor-element-populated\">\n\t\t\t\t\t\t<div class=\"elementor-element elementor-element-6ec7d4e elementor-widget elementor-widget-spacer\" data-id=\"6ec7d4e\" data-element_type=\"widget\" data-e-type=\"widget\" data-widget_type=\"spacer.default\">\n\t\t\t\t<div class=\"elementor-widget-container\">\n\t\t\t\t\t\t\t<div class=\"elementor-spacer\">\n\t\t\t<div class=\"elementor-spacer-inner\"><\/div>\n\t\t<\/div>\n\t\t\t\t\t\t<\/div>\n\t\t\t\t<\/div>\n\t\t\t\t\t<\/div>\n\t\t<\/div>\n\t\t\t\t\t<\/div>\n\t\t<\/section>\n\t\t\t\t<\/div>\n\t\t","protected":false},"excerpt":{"rendered":"<p>Prim\u00e4r Verpackung Nachdem Ihr Endprodukt hergestellt wurde, muss es so schnell und effizient wie m\u00f6glich verpackt werden. Verpacken Sie die Produkte einzeln oder zusammen?\u00a0 M\u00fcssen die Produkte \u201enakt\u201c, frisch oder gefroren verpackt werden? In einer T\u00fcte, Folie, Papier oder Gebinde? \u00a0 Wir bieten die richtigen&#8230;<\/p>\n","protected":false},"author":8,"featured_media":0,"parent":0,"menu_order":0,"comment_status":"closed","ping_status":"closed","template":"","meta":{"footnotes":""},"class_list":["post-1810","page","type-page","status-publish","hentry"],"yoast_head":"<!-- This site is optimized with the Yoast SEO Premium plugin v27.1 (Yoast SEO v27.2) - https:\/\/yoast.com\/product\/yoast-seo-premium-wordpress\/ -->\n<title>Prim\u00e4r Verpackung - BAKEPACK End Of Line Solutions<\/title>\n<meta name=\"robots\" content=\"index, follow, max-snippet:-1, max-image-preview:large, max-video-preview:-1\" \/>\n<link rel=\"canonical\" href=\"https:\/\/www.bakepackeols.com\/de\/primaer-verpackung\/\" \/>\n<meta property=\"og:locale\" content=\"de_DE\" \/>\n<meta property=\"og:type\" content=\"article\" \/>\n<meta property=\"og:title\" content=\"Prim\u00e4r Verpackung\" \/>\n<meta property=\"og:description\" content=\"Prim\u00e4r Verpackung Nachdem Ihr Endprodukt hergestellt wurde, muss es so schnell und effizient wie m\u00f6glich verpackt werden. Verpacken Sie die Produkte einzeln oder zusammen?\u00a0 M\u00fcssen die Produkte \u201enakt\u201c, frisch oder gefroren verpackt werden? In einer T\u00fcte, Folie, Papier oder Gebinde? \u00a0 Wir bieten die richtigen...\" \/>\n<meta property=\"og:url\" content=\"https:\/\/www.bakepackeols.com\/de\/primaer-verpackung\/\" \/>\n<meta property=\"og:site_name\" content=\"BAKEPACK End Of Line Solutions\" \/>\n<meta property=\"article:modified_time\" content=\"2020-07-10T10:27:37+00:00\" \/>\n<meta name=\"twitter:card\" content=\"summary_large_image\" \/>\n<meta name=\"twitter:label1\" content=\"Gesch\u00e4tzte Lesezeit\" \/>\n\t<meta name=\"twitter:data1\" content=\"1\u00a0Minute\" \/>\n<script type=\"application\/ld+json\" class=\"yoast-schema-graph\">{\"@context\":\"https:\/\/schema.org\",\"@graph\":[{\"@type\":\"WebPage\",\"@id\":\"https:\/\/www.bakepackeols.com\/de\/primaer-verpackung\/\",\"url\":\"https:\/\/www.bakepackeols.com\/de\/primaer-verpackung\/\",\"name\":\"Prim\u00e4r Verpackung - BAKEPACK End Of Line Solutions\",\"isPartOf\":{\"@id\":\"https:\/\/www.bakepackeols.com\/de\/#website\"},\"datePublished\":\"2020-06-25T08:52:52+00:00\",\"dateModified\":\"2020-07-10T10:27:37+00:00\",\"breadcrumb\":{\"@id\":\"https:\/\/www.bakepackeols.com\/de\/primaer-verpackung\/#breadcrumb\"},\"inLanguage\":\"de\",\"potentialAction\":[{\"@type\":\"ReadAction\",\"target\":[\"https:\/\/www.bakepackeols.com\/de\/primaer-verpackung\/\"]}]},{\"@type\":\"BreadcrumbList\",\"@id\":\"https:\/\/www.bakepackeols.com\/de\/primaer-verpackung\/#breadcrumb\",\"itemListElement\":[{\"@type\":\"ListItem\",\"position\":1,\"name\":\"Home\",\"item\":\"https:\/\/www.bakepackeols.com\/de\/\"},{\"@type\":\"ListItem\",\"position\":2,\"name\":\"Prim\u00e4r Verpackung\"}]},{\"@type\":\"WebSite\",\"@id\":\"https:\/\/www.bakepackeols.com\/de\/#website\",\"url\":\"https:\/\/www.bakepackeols.com\/de\/\",\"name\":\"BAKEPACK End Of Line Solutions\",\"description\":\"BAKEPACK End Of Line Solutions\",\"potentialAction\":[{\"@type\":\"SearchAction\",\"target\":{\"@type\":\"EntryPoint\",\"urlTemplate\":\"https:\/\/www.bakepackeols.com\/de\/?s={search_term_string}\"},\"query-input\":{\"@type\":\"PropertyValueSpecification\",\"valueRequired\":true,\"valueName\":\"search_term_string\"}}],\"inLanguage\":\"de\"}]}<\/script>\n<!-- \/ Yoast SEO Premium plugin. -->","yoast_head_json":{"title":"Prim\u00e4r Verpackung - BAKEPACK End Of Line Solutions","robots":{"index":"index","follow":"follow","max-snippet":"max-snippet:-1","max-image-preview":"max-image-preview:large","max-video-preview":"max-video-preview:-1"},"canonical":"https:\/\/www.bakepackeols.com\/de\/primaer-verpackung\/","og_locale":"de_DE","og_type":"article","og_title":"Prim\u00e4r Verpackung","og_description":"Prim\u00e4r Verpackung Nachdem Ihr Endprodukt hergestellt wurde, muss es so schnell und effizient wie m\u00f6glich verpackt werden. Verpacken Sie die Produkte einzeln oder zusammen?\u00a0 M\u00fcssen die Produkte \u201enakt\u201c, frisch oder gefroren verpackt werden? In einer T\u00fcte, Folie, Papier oder Gebinde? \u00a0 Wir bieten die richtigen...","og_url":"https:\/\/www.bakepackeols.com\/de\/primaer-verpackung\/","og_site_name":"BAKEPACK End Of Line Solutions","article_modified_time":"2020-07-10T10:27:37+00:00","twitter_card":"summary_large_image","twitter_misc":{"Gesch\u00e4tzte Lesezeit":"1\u00a0Minute"},"schema":{"@context":"https:\/\/schema.org","@graph":[{"@type":"WebPage","@id":"https:\/\/www.bakepackeols.com\/de\/primaer-verpackung\/","url":"https:\/\/www.bakepackeols.com\/de\/primaer-verpackung\/","name":"Prim\u00e4r Verpackung - BAKEPACK End Of Line Solutions","isPartOf":{"@id":"https:\/\/www.bakepackeols.com\/de\/#website"},"datePublished":"2020-06-25T08:52:52+00:00","dateModified":"2020-07-10T10:27:37+00:00","breadcrumb":{"@id":"https:\/\/www.bakepackeols.com\/de\/primaer-verpackung\/#breadcrumb"},"inLanguage":"de","potentialAction":[{"@type":"ReadAction","target":["https:\/\/www.bakepackeols.com\/de\/primaer-verpackung\/"]}]},{"@type":"BreadcrumbList","@id":"https:\/\/www.bakepackeols.com\/de\/primaer-verpackung\/#breadcrumb","itemListElement":[{"@type":"ListItem","position":1,"name":"Home","item":"https:\/\/www.bakepackeols.com\/de\/"},{"@type":"ListItem","position":2,"name":"Prim\u00e4r Verpackung"}]},{"@type":"WebSite","@id":"https:\/\/www.bakepackeols.com\/de\/#website","url":"https:\/\/www.bakepackeols.com\/de\/","name":"BAKEPACK End Of Line Solutions","description":"BAKEPACK End Of Line Solutions","potentialAction":[{"@type":"SearchAction","target":{"@type":"EntryPoint","urlTemplate":"https:\/\/www.bakepackeols.com\/de\/?s={search_term_string}"},"query-input":{"@type":"PropertyValueSpecification","valueRequired":true,"valueName":"search_term_string"}}],"inLanguage":"de"}]}},"_links":{"self":[{"href":"https:\/\/www.bakepackeols.com\/de\/wp-json\/wp\/v2\/pages\/1810","targetHints":{"allow":["GET"]}}],"collection":[{"href":"https:\/\/www.bakepackeols.com\/de\/wp-json\/wp\/v2\/pages"}],"about":[{"href":"https:\/\/www.bakepackeols.com\/de\/wp-json\/wp\/v2\/types\/page"}],"author":[{"embeddable":true,"href":"https:\/\/www.bakepackeols.com\/de\/wp-json\/wp\/v2\/users\/8"}],"replies":[{"embeddable":true,"href":"https:\/\/www.bakepackeols.com\/de\/wp-json\/wp\/v2\/comments?post=1810"}],"version-history":[{"count":0,"href":"https:\/\/www.bakepackeols.com\/de\/wp-json\/wp\/v2\/pages\/1810\/revisions"}],"wp:attachment":[{"href":"https:\/\/www.bakepackeols.com\/de\/wp-json\/wp\/v2\/media?parent=1810"}],"curies":[{"name":"wp","href":"https:\/\/api.w.org\/{rel}","templated":true}]}}