{"id":1813,"date":"2020-06-25T08:53:15","date_gmt":"2020-06-25T08:53:15","guid":{"rendered":"https:\/\/www.bakepackeols.com\/?page_id=1813"},"modified":"2020-07-10T10:29:34","modified_gmt":"2020-07-10T10:29:34","slug":"sekundaer-verpackung","status":"publish","type":"page","link":"https:\/\/www.bakepackeols.com\/de\/sekundaer-verpackung\/","title":{"rendered":"Sekund\u00e4r Verpackung"},"content":{"rendered":"\t\t<div data-elementor-type=\"wp-page\" data-elementor-id=\"1813\" class=\"elementor elementor-1813\" data-elementor-post-type=\"page\">\n\t\t\t\t\t\t<section class=\"elementor-section elementor-top-section elementor-element elementor-element-3e8f610 elementor-section-boxed elementor-section-height-default elementor-section-height-default\" data-id=\"3e8f610\" data-element_type=\"section\" data-e-type=\"section\">\n\t\t\t\t\t\t<div class=\"elementor-container elementor-column-gap-default\">\n\t\t\t\t\t<div class=\"elementor-column elementor-col-100 elementor-top-column elementor-element elementor-element-4997f66a\" data-id=\"4997f66a\" data-element_type=\"column\" data-e-type=\"column\">\n\t\t\t<div class=\"elementor-widget-wrap elementor-element-populated\">\n\t\t\t\t\t\t<div class=\"elementor-element elementor-element-604c0420 din elementor-widget elementor-widget-heading\" data-id=\"604c0420\" data-element_type=\"widget\" data-e-type=\"widget\" data-widget_type=\"heading.default\">\n\t\t\t\t<div class=\"elementor-widget-container\">\n\t\t\t\t\t<h2 class=\"elementor-heading-title elementor-size-default\">Sekund\u00e4r Verpackung<\/h2>\t\t\t\t<\/div>\n\t\t\t\t<\/div>\n\t\t\t\t\t<\/div>\n\t\t<\/div>\n\t\t\t\t\t<\/div>\n\t\t<\/section>\n\t\t\t\t<section class=\"elementor-section elementor-top-section elementor-element elementor-element-a24377d elementor-section-boxed elementor-section-height-default elementor-section-height-default\" data-id=\"a24377d\" data-element_type=\"section\" data-e-type=\"section\">\n\t\t\t\t\t\t<div class=\"elementor-container elementor-column-gap-default\">\n\t\t\t\t\t<div class=\"elementor-column elementor-col-50 elementor-top-column elementor-element elementor-element-7c34c4a\" data-id=\"7c34c4a\" data-element_type=\"column\" data-e-type=\"column\">\n\t\t\t<div class=\"elementor-widget-wrap elementor-element-populated\">\n\t\t\t\t\t\t<div class=\"elementor-element elementor-element-c30fabb elementor-widget elementor-widget-text-editor\" data-id=\"c30fabb\" data-element_type=\"widget\" data-e-type=\"widget\" data-widget_type=\"text-editor.default\">\n\t\t\t\t<div class=\"elementor-widget-container\">\n\t\t\t\t\t\t\t\t\t<p>Die letzte Phase der Produktion beinhaltet das Stapeln und Palettieren. Wir bieten ein komplettes Sortiment an kundenspezifischen Maschinen, mit denen Sie Ihre Produkte in gro\u00dfen Mengen verpacken und an Ihre Kunden versenden k\u00f6nnen.<\/p><p>\u00a0<\/p><p>Legen Sie Ihre Produkte lieber in eine Schachtel oder Kiste? Mit einem Roboter oder manuell? M\u00fcssen die Kartons\/Kisten auf eine gro\u00dfe, mittlere oder kleine mehrschichtige Palette aus Holz oder Kunststoff gestellt werden? M\u00f6chten Sie mehrere Paletten gleichzeitig laden? Wir bieten all diese Maschinenl\u00f6sungen und noch vieles mehr! Wir ber\u00fccksichtigen Ihre Anforderungen in Bezug auf Paletten, Ihr Produkt und Ihren Produktionsprozess und entwickeln eine ma\u00dfgeschneiderte Komplettl\u00f6sung f\u00fcr das Stapeln und Palettieren.<\/p><p>\u00a0<\/p><p>Wir gehen jedoch weit \u00fcber Palettierer hinaus, da noch viel mehr getan werden muss, bevor Ihre Produkte auf einer Palette transportiert werden k\u00f6nnen. Wir bieten Maschinen, die Ihre beladenen Paletten mit einem Band oder einer Stretchfolie, zusammen mit einem Etikett und Angaben f\u00fcr eine Nachverfolgung versehen. Dar\u00fcber hinaus bieten wir Handling- und Transportl\u00f6sungen f\u00fcr Paletten und Produkttr\u00e4ger, um sicherzustellen, dass Ihre Produkte Ihre Kunden so schnell und effizient wie m\u00f6glich erreichen.<\/p><p>\u00a0<\/p><p>M\u00f6chten Sie mehr \u00fcber unsere L\u00f6sungen erfahren? <a href=\"https:\/\/www.bakepackeols.com\/de\/kontakt\/\">Kontaktieren<\/a> Sie uns noch heute f\u00fcr weitere Informationen.<\/p>\t\t\t\t\t\t\t\t<\/div>\n\t\t\t\t<\/div>\n\t\t\t\t\t<\/div>\n\t\t<\/div>\n\t\t\t\t<div class=\"elementor-column elementor-col-50 elementor-top-column elementor-element elementor-element-6596db7\" data-id=\"6596db7\" data-element_type=\"column\" data-e-type=\"column\">\n\t\t\t<div class=\"elementor-widget-wrap\">\n\t\t\t\t\t\t\t<\/div>\n\t\t<\/div>\n\t\t\t\t\t<\/div>\n\t\t<\/section>\n\t\t\t\t<section class=\"elementor-section elementor-top-section elementor-element elementor-element-9ac57cc elementor-section-boxed elementor-section-height-default elementor-section-height-default\" data-id=\"9ac57cc\" data-element_type=\"section\" data-e-type=\"section\">\n\t\t\t\t\t\t<div class=\"elementor-container elementor-column-gap-default\">\n\t\t\t\t\t<div class=\"elementor-column elementor-col-100 elementor-top-column elementor-element elementor-element-a954d8e\" data-id=\"a954d8e\" data-element_type=\"column\" data-e-type=\"column\">\n\t\t\t<div class=\"elementor-widget-wrap elementor-element-populated\">\n\t\t\t\t\t\t\t<\/div>\n\t\t<\/div>\n\t\t\t\t\t<\/div>\n\t\t<\/section>\n\t\t\t\t<section class=\"elementor-section elementor-top-section elementor-element elementor-element-fda59f3 elementor-section-boxed elementor-section-height-default elementor-section-height-default\" data-id=\"fda59f3\" data-element_type=\"section\" data-e-type=\"section\">\n\t\t\t\t\t\t<div class=\"elementor-container elementor-column-gap-default\">\n\t\t\t\t\t<div class=\"elementor-column elementor-col-100 elementor-top-column elementor-element elementor-element-bfaa122\" data-id=\"bfaa122\" data-element_type=\"column\" data-e-type=\"column\">\n\t\t\t<div class=\"elementor-widget-wrap elementor-element-populated\">\n\t\t\t\t\t\t<div class=\"elementor-element elementor-element-47bace0 elementor-widget elementor-widget-spacer\" data-id=\"47bace0\" data-element_type=\"widget\" data-e-type=\"widget\" data-widget_type=\"spacer.default\">\n\t\t\t\t<div class=\"elementor-widget-container\">\n\t\t\t\t\t\t\t<div class=\"elementor-spacer\">\n\t\t\t<div class=\"elementor-spacer-inner\"><\/div>\n\t\t<\/div>\n\t\t\t\t\t\t<\/div>\n\t\t\t\t<\/div>\n\t\t\t\t\t<\/div>\n\t\t<\/div>\n\t\t\t\t\t<\/div>\n\t\t<\/section>\n\t\t\t\t<\/div>\n\t\t","protected":false},"excerpt":{"rendered":"<p>Sekund\u00e4r Verpackung Die letzte Phase der Produktion beinhaltet das Stapeln und Palettieren. Wir bieten ein komplettes Sortiment an kundenspezifischen Maschinen, mit denen Sie Ihre Produkte in gro\u00dfen Mengen verpacken und an Ihre Kunden versenden k\u00f6nnen. \u00a0 Legen Sie Ihre Produkte lieber in eine Schachtel oder&#8230;<\/p>\n","protected":false},"author":8,"featured_media":0,"parent":0,"menu_order":0,"comment_status":"closed","ping_status":"closed","template":"","meta":{"footnotes":""},"class_list":["post-1813","page","type-page","status-publish","hentry"],"yoast_head":"<!-- This site is optimized with the Yoast SEO Premium plugin v27.5 (Yoast SEO v27.5) - https:\/\/yoast.com\/product\/yoast-seo-premium-wordpress\/ -->\n<title>Sekund\u00e4r Verpackung - BAKEPACK End Of Line Solutions<\/title>\n<meta name=\"robots\" content=\"index, follow, max-snippet:-1, max-image-preview:large, max-video-preview:-1\" \/>\n<link rel=\"canonical\" href=\"https:\/\/www.bakepackeols.com\/de\/sekundaer-verpackung\/\" \/>\n<meta property=\"og:locale\" content=\"de_DE\" \/>\n<meta property=\"og:type\" content=\"article\" \/>\n<meta property=\"og:title\" content=\"Sekund\u00e4r Verpackung\" \/>\n<meta property=\"og:description\" content=\"Sekund\u00e4r Verpackung Die letzte Phase der Produktion beinhaltet das Stapeln und Palettieren. Wir bieten ein komplettes Sortiment an kundenspezifischen Maschinen, mit denen Sie Ihre Produkte in gro\u00dfen Mengen verpacken und an Ihre Kunden versenden k\u00f6nnen. \u00a0 Legen Sie Ihre Produkte lieber in eine Schachtel oder...\" \/>\n<meta property=\"og:url\" content=\"https:\/\/www.bakepackeols.com\/de\/sekundaer-verpackung\/\" \/>\n<meta property=\"og:site_name\" content=\"BAKEPACK End Of Line Solutions\" \/>\n<meta property=\"article:modified_time\" content=\"2020-07-10T10:29:34+00:00\" \/>\n<meta name=\"twitter:card\" content=\"summary_large_image\" \/>\n<meta name=\"twitter:label1\" content=\"Gesch\u00e4tzte Lesezeit\" \/>\n\t<meta name=\"twitter:data1\" content=\"1\u00a0Minute\" \/>\n<script type=\"application\/ld+json\" class=\"yoast-schema-graph\">{\"@context\":\"https:\\\/\\\/schema.org\",\"@graph\":[{\"@type\":\"WebPage\",\"@id\":\"https:\\\/\\\/www.bakepackeols.com\\\/de\\\/sekundaer-verpackung\\\/\",\"url\":\"https:\\\/\\\/www.bakepackeols.com\\\/de\\\/sekundaer-verpackung\\\/\",\"name\":\"Sekund\u00e4r Verpackung - BAKEPACK End Of Line Solutions\",\"isPartOf\":{\"@id\":\"https:\\\/\\\/www.bakepackeols.com\\\/de\\\/#website\"},\"datePublished\":\"2020-06-25T08:53:15+00:00\",\"dateModified\":\"2020-07-10T10:29:34+00:00\",\"breadcrumb\":{\"@id\":\"https:\\\/\\\/www.bakepackeols.com\\\/de\\\/sekundaer-verpackung\\\/#breadcrumb\"},\"inLanguage\":\"de\",\"potentialAction\":[{\"@type\":\"ReadAction\",\"target\":[\"https:\\\/\\\/www.bakepackeols.com\\\/de\\\/sekundaer-verpackung\\\/\"]}]},{\"@type\":\"BreadcrumbList\",\"@id\":\"https:\\\/\\\/www.bakepackeols.com\\\/de\\\/sekundaer-verpackung\\\/#breadcrumb\",\"itemListElement\":[{\"@type\":\"ListItem\",\"position\":1,\"name\":\"Home\",\"item\":\"https:\\\/\\\/www.bakepackeols.com\\\/de\\\/\"},{\"@type\":\"ListItem\",\"position\":2,\"name\":\"Sekund\u00e4r Verpackung\"}]},{\"@type\":\"WebSite\",\"@id\":\"https:\\\/\\\/www.bakepackeols.com\\\/de\\\/#website\",\"url\":\"https:\\\/\\\/www.bakepackeols.com\\\/de\\\/\",\"name\":\"BAKEPACK End Of Line Solutions\",\"description\":\"BAKEPACK End Of Line Solutions\",\"potentialAction\":[{\"@type\":\"SearchAction\",\"target\":{\"@type\":\"EntryPoint\",\"urlTemplate\":\"https:\\\/\\\/www.bakepackeols.com\\\/de\\\/?s={search_term_string}\"},\"query-input\":{\"@type\":\"PropertyValueSpecification\",\"valueRequired\":true,\"valueName\":\"search_term_string\"}}],\"inLanguage\":\"de\"}]}<\/script>\n<!-- \/ Yoast SEO Premium plugin. -->","yoast_head_json":{"title":"Sekund\u00e4r Verpackung - BAKEPACK End Of Line Solutions","robots":{"index":"index","follow":"follow","max-snippet":"max-snippet:-1","max-image-preview":"max-image-preview:large","max-video-preview":"max-video-preview:-1"},"canonical":"https:\/\/www.bakepackeols.com\/de\/sekundaer-verpackung\/","og_locale":"de_DE","og_type":"article","og_title":"Sekund\u00e4r Verpackung","og_description":"Sekund\u00e4r Verpackung Die letzte Phase der Produktion beinhaltet das Stapeln und Palettieren. Wir bieten ein komplettes Sortiment an kundenspezifischen Maschinen, mit denen Sie Ihre Produkte in gro\u00dfen Mengen verpacken und an Ihre Kunden versenden k\u00f6nnen. \u00a0 Legen Sie Ihre Produkte lieber in eine Schachtel oder...","og_url":"https:\/\/www.bakepackeols.com\/de\/sekundaer-verpackung\/","og_site_name":"BAKEPACK End Of Line Solutions","article_modified_time":"2020-07-10T10:29:34+00:00","twitter_card":"summary_large_image","twitter_misc":{"Gesch\u00e4tzte Lesezeit":"1\u00a0Minute"},"schema":{"@context":"https:\/\/schema.org","@graph":[{"@type":"WebPage","@id":"https:\/\/www.bakepackeols.com\/de\/sekundaer-verpackung\/","url":"https:\/\/www.bakepackeols.com\/de\/sekundaer-verpackung\/","name":"Sekund\u00e4r Verpackung - BAKEPACK End Of Line Solutions","isPartOf":{"@id":"https:\/\/www.bakepackeols.com\/de\/#website"},"datePublished":"2020-06-25T08:53:15+00:00","dateModified":"2020-07-10T10:29:34+00:00","breadcrumb":{"@id":"https:\/\/www.bakepackeols.com\/de\/sekundaer-verpackung\/#breadcrumb"},"inLanguage":"de","potentialAction":[{"@type":"ReadAction","target":["https:\/\/www.bakepackeols.com\/de\/sekundaer-verpackung\/"]}]},{"@type":"BreadcrumbList","@id":"https:\/\/www.bakepackeols.com\/de\/sekundaer-verpackung\/#breadcrumb","itemListElement":[{"@type":"ListItem","position":1,"name":"Home","item":"https:\/\/www.bakepackeols.com\/de\/"},{"@type":"ListItem","position":2,"name":"Sekund\u00e4r Verpackung"}]},{"@type":"WebSite","@id":"https:\/\/www.bakepackeols.com\/de\/#website","url":"https:\/\/www.bakepackeols.com\/de\/","name":"BAKEPACK End Of Line Solutions","description":"BAKEPACK End Of Line Solutions","potentialAction":[{"@type":"SearchAction","target":{"@type":"EntryPoint","urlTemplate":"https:\/\/www.bakepackeols.com\/de\/?s={search_term_string}"},"query-input":{"@type":"PropertyValueSpecification","valueRequired":true,"valueName":"search_term_string"}}],"inLanguage":"de"}]}},"_links":{"self":[{"href":"https:\/\/www.bakepackeols.com\/de\/wp-json\/wp\/v2\/pages\/1813","targetHints":{"allow":["GET"]}}],"collection":[{"href":"https:\/\/www.bakepackeols.com\/de\/wp-json\/wp\/v2\/pages"}],"about":[{"href":"https:\/\/www.bakepackeols.com\/de\/wp-json\/wp\/v2\/types\/page"}],"author":[{"embeddable":true,"href":"https:\/\/www.bakepackeols.com\/de\/wp-json\/wp\/v2\/users\/8"}],"replies":[{"embeddable":true,"href":"https:\/\/www.bakepackeols.com\/de\/wp-json\/wp\/v2\/comments?post=1813"}],"version-history":[{"count":0,"href":"https:\/\/www.bakepackeols.com\/de\/wp-json\/wp\/v2\/pages\/1813\/revisions"}],"wp:attachment":[{"href":"https:\/\/www.bakepackeols.com\/de\/wp-json\/wp\/v2\/media?parent=1813"}],"curies":[{"name":"wp","href":"https:\/\/api.w.org\/{rel}","templated":true}]}}