{"id":1831,"date":"2020-06-25T08:55:10","date_gmt":"2020-06-25T08:55:10","guid":{"rendered":"https:\/\/www.bakepackeols.com\/?page_id=1831"},"modified":"2020-07-10T10:26:41","modified_gmt":"2020-07-10T10:26:41","slug":"vollstaendige-systemintegration","status":"publish","type":"page","link":"https:\/\/www.bakepackeols.com\/de\/vollstaendige-systemintegration\/","title":{"rendered":"Vollst\u00e4ndige Systemintegration"},"content":{"rendered":"\t\t<div data-elementor-type=\"wp-page\" data-elementor-id=\"1831\" class=\"elementor elementor-1831\" data-elementor-post-type=\"page\">\n\t\t\t\t\t\t<section class=\"elementor-section elementor-top-section elementor-element elementor-element-7dd2e433 elementor-section-boxed elementor-section-height-default elementor-section-height-default\" data-id=\"7dd2e433\" data-element_type=\"section\" data-e-type=\"section\">\n\t\t\t\t\t\t<div class=\"elementor-container elementor-column-gap-default\">\n\t\t\t\t\t<div class=\"elementor-column elementor-col-100 elementor-top-column elementor-element elementor-element-d346eab\" data-id=\"d346eab\" data-element_type=\"column\" data-e-type=\"column\">\n\t\t\t<div class=\"elementor-widget-wrap elementor-element-populated\">\n\t\t\t\t\t\t<div class=\"elementor-element elementor-element-ca13ab1 din elementor-widget elementor-widget-heading\" data-id=\"ca13ab1\" data-element_type=\"widget\" data-e-type=\"widget\" data-widget_type=\"heading.default\">\n\t\t\t\t<div class=\"elementor-widget-container\">\n\t\t\t\t\t<h2 class=\"elementor-heading-title elementor-size-default\">Vollst\u00e4ndige Systemintegration<\/h2>\t\t\t\t<\/div>\n\t\t\t\t<\/div>\n\t\t\t\t\t<\/div>\n\t\t<\/div>\n\t\t\t\t\t<\/div>\n\t\t<\/section>\n\t\t\t\t<section class=\"elementor-section elementor-top-section elementor-element elementor-element-eece1ed elementor-section-boxed elementor-section-height-default elementor-section-height-default\" data-id=\"eece1ed\" data-element_type=\"section\" data-e-type=\"section\">\n\t\t\t\t\t\t<div class=\"elementor-container elementor-column-gap-default\">\n\t\t\t\t\t<div class=\"elementor-column elementor-col-50 elementor-top-column elementor-element elementor-element-bd79b5d\" data-id=\"bd79b5d\" data-element_type=\"column\" data-e-type=\"column\">\n\t\t\t<div class=\"elementor-widget-wrap elementor-element-populated\">\n\t\t\t\t\t\t<div class=\"elementor-element elementor-element-80abbb5 elementor-widget elementor-widget-text-editor\" data-id=\"80abbb5\" data-element_type=\"widget\" data-e-type=\"widget\" data-widget_type=\"text-editor.default\">\n\t\t\t\t<div class=\"elementor-widget-container\">\n\t\t\t\t\t\t\t\t\t<p>Bakepack End of Line Solutions bietet eine vollst\u00e4ndige Systemintegration f\u00fcr Verpackungslinien in der Brot- und Backwaren Industrie. Unsere L\u00f6sungen sind ma\u00dfgeschneidert und erf\u00fcllen die spezifischen Anforderungen, die Sie an Ihr Produkt und Ihren Fertigungsprozess stellen. Dar\u00fcber hinaus bieten wir ein effektives Projektmanagement vor, w\u00e4hrend Projektierung, Fertigung und Inbetriebnahme der Anlage.<\/p><p>\u00a0<\/p><p>Integrierte Verpackungslinien k\u00f6nnen Ihnen technische und wirtschaftliche Vorteile bieten. Bei Bakepack arbeiten wir mit Ihnen zusammen, um das volle Potenzial Ihrer Industrieb\u00e4ckerei auszusch\u00f6pfen. Wir sind eine unabh\u00e4ngige Organisation, was bedeutet, dass wir mit allen Lieferanten zusammenarbeiten k\u00f6nnen. Bakepack integriert Markenmaschinen, die f\u00fcr die hochwertige Verpackung Ihrer Brotprodukte ben\u00f6tigt werden. Wenn wir unter den Topmarken nicht finden k\u00f6nnen, wonach wir suchen, entwerfen und fertigen wir diese Komponente in unserer eigenen Werkstatt, damit Ihre Anlage ein Erfolg wird.<\/p><p>\u00a0<\/p><p>Die vollst\u00e4ndige Systemintegration erfordert fundierte Kenntnisse und Erfahrung im Bereich des Produkthandlings in der Backwarenindustrie. Innerhalb der <a href=\"https:\/\/www.verhoevenfamily.com\/about-us-mhf\/\" target=\"_blank\" rel=\"noopener\">Verhoeven Material Handling Family<\/a> verf\u00fcgen wir \u00fcber mehr als 50 Jahre Erfahrung auf dem Gebiet des Maschinenhandlings. Dar\u00fcber hinaus verf\u00fcgen wir \u00fcber 20 Jahre Erfahrung in der Backwarenindustrie bei der <a href=\"https:\/\/www.verhoevenfamily.com\/about-us-bef\/\" target=\"_blank\" rel=\"noopener\">Verhoeven Bakery Equipment Family<\/a>. Bakepack bietet Ihnen eine Gesamtl\u00f6sung, die aus Prim\u00e4rverpackung, Sekund\u00e4rverpackung und\/oder Stapeln\/Palettieren bestehen kann. Jede L\u00f6sung ist an Ihre Spezifikationen angepasst und arbeitet als ein System.<\/p><p>\u00a0<\/p><p>Bakepack End of Line Solutions wurde entwickelt, um Ihren Prozess <em>und<\/em> Ihr Produkt aufzuwerten.\u00a0 Dar\u00fcber hinaus sparen Sie mit unseren Systemen Zeit, Raum und Geld.\u00a0 Wir werden diese Tradition mit einem praktischen Ansatz und einer fortschrittlichen, innovativen Haltung fortsetzen. M\u00f6chten Sie herausfinden, wie Bakepack End of Line Solutions Ihren industriellen Produktionsprozess verbessern kann? <a href=\"https:\/\/www.bakepackeols.com\/de\/kontakt\/\">Kontaktieren<\/a> Sie uns noch heute f\u00fcr weitere Informationen.<\/p>\t\t\t\t\t\t\t\t<\/div>\n\t\t\t\t<\/div>\n\t\t\t\t\t<\/div>\n\t\t<\/div>\n\t\t\t\t<div class=\"elementor-column elementor-col-50 elementor-top-column elementor-element elementor-element-927ca18 elementor-hidden-phone\" data-id=\"927ca18\" data-element_type=\"column\" data-e-type=\"column\">\n\t\t\t<div class=\"elementor-widget-wrap elementor-element-populated\">\n\t\t\t\t\t\t<div class=\"elementor-element elementor-element-850c2ef elementor-widget elementor-widget-image\" data-id=\"850c2ef\" data-element_type=\"widget\" data-e-type=\"widget\" data-widget_type=\"image.default\">\n\t\t\t\t<div class=\"elementor-widget-container\">\n\t\t\t\t\t\t\t\t\t\t\t\t\t\t\t<img fetchpriority=\"high\" decoding=\"async\" width=\"1024\" height=\"683\" src=\"https:\/\/www.bakepackeols.com\/wp-content\/uploads\/2020\/03\/Verpakking_lijn_Bakepack_13-1-1024x683.jpg\" class=\"attachment-large size-large wp-image-2238\" alt=\"Integrated packaging line\" srcset=\"https:\/\/www.bakepackeols.com\/wp-content\/uploads\/2020\/03\/Verpakking_lijn_Bakepack_13-1-1024x683.jpg 1024w, https:\/\/www.bakepackeols.com\/wp-content\/uploads\/2020\/03\/Verpakking_lijn_Bakepack_13-1-300x200.jpg 300w, https:\/\/www.bakepackeols.com\/wp-content\/uploads\/2020\/03\/Verpakking_lijn_Bakepack_13-1-768x512.jpg 768w, https:\/\/www.bakepackeols.com\/wp-content\/uploads\/2020\/03\/Verpakking_lijn_Bakepack_13-1-700x467.jpg 700w, https:\/\/www.bakepackeols.com\/wp-content\/uploads\/2020\/03\/Verpakking_lijn_Bakepack_13-1.jpg 1400w\" sizes=\"(max-width: 1024px) 100vw, 1024px\" \/>\t\t\t\t\t\t\t\t\t\t\t\t\t\t\t<\/div>\n\t\t\t\t<\/div>\n\t\t\t\t\t<\/div>\n\t\t<\/div>\n\t\t\t\t\t<\/div>\n\t\t<\/section>\n\t\t\t\t<section class=\"elementor-section elementor-top-section elementor-element elementor-element-a03db49 elementor-section-boxed elementor-section-height-default elementor-section-height-default\" data-id=\"a03db49\" data-element_type=\"section\" data-e-type=\"section\">\n\t\t\t\t\t\t<div class=\"elementor-container elementor-column-gap-default\">\n\t\t\t\t\t<div class=\"elementor-column elementor-col-100 elementor-top-column elementor-element elementor-element-a66ebad\" data-id=\"a66ebad\" data-element_type=\"column\" data-e-type=\"column\">\n\t\t\t<div class=\"elementor-widget-wrap elementor-element-populated\">\n\t\t\t\t\t\t<div class=\"elementor-element elementor-element-411e988 elementor-widget elementor-widget-spacer\" data-id=\"411e988\" data-element_type=\"widget\" data-e-type=\"widget\" data-widget_type=\"spacer.default\">\n\t\t\t\t<div class=\"elementor-widget-container\">\n\t\t\t\t\t\t\t<div class=\"elementor-spacer\">\n\t\t\t<div class=\"elementor-spacer-inner\"><\/div>\n\t\t<\/div>\n\t\t\t\t\t\t<\/div>\n\t\t\t\t<\/div>\n\t\t\t\t\t<\/div>\n\t\t<\/div>\n\t\t\t\t\t<\/div>\n\t\t<\/section>\n\t\t\t\t<section class=\"elementor-section elementor-top-section elementor-element elementor-element-4bd919c elementor-section-boxed elementor-section-height-default elementor-section-height-default\" data-id=\"4bd919c\" data-element_type=\"section\" data-e-type=\"section\">\n\t\t\t\t\t\t<div class=\"elementor-container elementor-column-gap-default\">\n\t\t\t\t\t<div class=\"elementor-column elementor-col-100 elementor-top-column elementor-element elementor-element-8d8a796\" data-id=\"8d8a796\" data-element_type=\"column\" data-e-type=\"column\">\n\t\t\t<div class=\"elementor-widget-wrap elementor-element-populated\">\n\t\t\t\t\t\t\t<\/div>\n\t\t<\/div>\n\t\t\t\t\t<\/div>\n\t\t<\/section>\n\t\t\t\t<section class=\"elementor-section elementor-top-section elementor-element elementor-element-4ae48fd elementor-section-boxed elementor-section-height-default elementor-section-height-default\" data-id=\"4ae48fd\" data-element_type=\"section\" data-e-type=\"section\">\n\t\t\t\t\t\t<div class=\"elementor-container elementor-column-gap-default\">\n\t\t\t\t\t<div class=\"elementor-column elementor-col-100 elementor-top-column elementor-element elementor-element-8cc2dcb\" data-id=\"8cc2dcb\" data-element_type=\"column\" data-e-type=\"column\">\n\t\t\t<div class=\"elementor-widget-wrap elementor-element-populated\">\n\t\t\t\t\t\t<div class=\"elementor-element elementor-element-78360f7 elementor-widget elementor-widget-spacer\" data-id=\"78360f7\" data-element_type=\"widget\" data-e-type=\"widget\" data-widget_type=\"spacer.default\">\n\t\t\t\t<div class=\"elementor-widget-container\">\n\t\t\t\t\t\t\t<div class=\"elementor-spacer\">\n\t\t\t<div class=\"elementor-spacer-inner\"><\/div>\n\t\t<\/div>\n\t\t\t\t\t\t<\/div>\n\t\t\t\t<\/div>\n\t\t\t\t\t<\/div>\n\t\t<\/div>\n\t\t\t\t\t<\/div>\n\t\t<\/section>\n\t\t\t\t<\/div>\n\t\t","protected":false},"excerpt":{"rendered":"<p>Vollst\u00e4ndige Systemintegration Bakepack End of Line Solutions bietet eine vollst\u00e4ndige Systemintegration f\u00fcr Verpackungslinien in der Brot- und Backwaren Industrie. Unsere L\u00f6sungen sind ma\u00dfgeschneidert und erf\u00fcllen die spezifischen Anforderungen, die Sie an Ihr Produkt und Ihren Fertigungsprozess stellen. Dar\u00fcber hinaus bieten wir ein effektives Projektmanagement vor,&#8230;<\/p>\n","protected":false},"author":8,"featured_media":0,"parent":0,"menu_order":0,"comment_status":"closed","ping_status":"closed","template":"","meta":{"footnotes":""},"class_list":["post-1831","page","type-page","status-publish","hentry"],"yoast_head":"<!-- This site is optimized with the Yoast SEO Premium plugin v27.1 (Yoast SEO v27.2) - https:\/\/yoast.com\/product\/yoast-seo-premium-wordpress\/ -->\n<title>Vollst\u00e4ndige Systemintegration - BAKEPACK End Of Line Solutions<\/title>\n<meta name=\"robots\" content=\"index, follow, max-snippet:-1, max-image-preview:large, max-video-preview:-1\" \/>\n<link rel=\"canonical\" href=\"https:\/\/www.bakepackeols.com\/de\/vollstaendige-systemintegration\/\" \/>\n<meta property=\"og:locale\" content=\"de_DE\" \/>\n<meta property=\"og:type\" content=\"article\" \/>\n<meta property=\"og:title\" content=\"Vollst\u00e4ndige Systemintegration\" \/>\n<meta property=\"og:description\" content=\"Vollst\u00e4ndige Systemintegration Bakepack End of Line Solutions bietet eine vollst\u00e4ndige Systemintegration f\u00fcr Verpackungslinien in der Brot- und Backwaren Industrie. Unsere L\u00f6sungen sind ma\u00dfgeschneidert und erf\u00fcllen die spezifischen Anforderungen, die Sie an Ihr Produkt und Ihren Fertigungsprozess stellen. Dar\u00fcber hinaus bieten wir ein effektives Projektmanagement vor,...\" \/>\n<meta property=\"og:url\" content=\"https:\/\/www.bakepackeols.com\/de\/vollstaendige-systemintegration\/\" \/>\n<meta property=\"og:site_name\" content=\"BAKEPACK End Of Line Solutions\" \/>\n<meta property=\"article:modified_time\" content=\"2020-07-10T10:26:41+00:00\" \/>\n<meta property=\"og:image\" content=\"https:\/\/www.bakepackeols.com\/wp-content\/uploads\/2020\/03\/Verpakking_lijn_Bakepack_13-1-1024x683.jpg\" \/>\n<meta name=\"twitter:card\" content=\"summary_large_image\" \/>\n<meta name=\"twitter:label1\" content=\"Gesch\u00e4tzte Lesezeit\" \/>\n\t<meta name=\"twitter:data1\" content=\"1\u00a0Minute\" \/>\n<script type=\"application\/ld+json\" class=\"yoast-schema-graph\">{\"@context\":\"https:\/\/schema.org\",\"@graph\":[{\"@type\":\"WebPage\",\"@id\":\"https:\/\/www.bakepackeols.com\/de\/vollstaendige-systemintegration\/\",\"url\":\"https:\/\/www.bakepackeols.com\/de\/vollstaendige-systemintegration\/\",\"name\":\"Vollst\u00e4ndige Systemintegration - BAKEPACK End Of Line Solutions\",\"isPartOf\":{\"@id\":\"https:\/\/www.bakepackeols.com\/de\/#website\"},\"primaryImageOfPage\":{\"@id\":\"https:\/\/www.bakepackeols.com\/de\/vollstaendige-systemintegration\/#primaryimage\"},\"image\":{\"@id\":\"https:\/\/www.bakepackeols.com\/de\/vollstaendige-systemintegration\/#primaryimage\"},\"thumbnailUrl\":\"https:\/\/www.bakepackeols.com\/wp-content\/uploads\/2020\/03\/Verpakking_lijn_Bakepack_13-1-1024x683.jpg\",\"datePublished\":\"2020-06-25T08:55:10+00:00\",\"dateModified\":\"2020-07-10T10:26:41+00:00\",\"breadcrumb\":{\"@id\":\"https:\/\/www.bakepackeols.com\/de\/vollstaendige-systemintegration\/#breadcrumb\"},\"inLanguage\":\"de\",\"potentialAction\":[{\"@type\":\"ReadAction\",\"target\":[\"https:\/\/www.bakepackeols.com\/de\/vollstaendige-systemintegration\/\"]}]},{\"@type\":\"ImageObject\",\"inLanguage\":\"de\",\"@id\":\"https:\/\/www.bakepackeols.com\/de\/vollstaendige-systemintegration\/#primaryimage\",\"url\":\"https:\/\/www.bakepackeols.com\/wp-content\/uploads\/2020\/03\/Verpakking_lijn_Bakepack_13-1-1024x683.jpg\",\"contentUrl\":\"https:\/\/www.bakepackeols.com\/wp-content\/uploads\/2020\/03\/Verpakking_lijn_Bakepack_13-1-1024x683.jpg\"},{\"@type\":\"BreadcrumbList\",\"@id\":\"https:\/\/www.bakepackeols.com\/de\/vollstaendige-systemintegration\/#breadcrumb\",\"itemListElement\":[{\"@type\":\"ListItem\",\"position\":1,\"name\":\"Home\",\"item\":\"https:\/\/www.bakepackeols.com\/de\/\"},{\"@type\":\"ListItem\",\"position\":2,\"name\":\"Vollst\u00e4ndige Systemintegration\"}]},{\"@type\":\"WebSite\",\"@id\":\"https:\/\/www.bakepackeols.com\/de\/#website\",\"url\":\"https:\/\/www.bakepackeols.com\/de\/\",\"name\":\"BAKEPACK End Of Line Solutions\",\"description\":\"BAKEPACK End Of Line Solutions\",\"potentialAction\":[{\"@type\":\"SearchAction\",\"target\":{\"@type\":\"EntryPoint\",\"urlTemplate\":\"https:\/\/www.bakepackeols.com\/de\/?s={search_term_string}\"},\"query-input\":{\"@type\":\"PropertyValueSpecification\",\"valueRequired\":true,\"valueName\":\"search_term_string\"}}],\"inLanguage\":\"de\"}]}<\/script>\n<!-- \/ Yoast SEO Premium plugin. -->","yoast_head_json":{"title":"Vollst\u00e4ndige Systemintegration - BAKEPACK End Of Line Solutions","robots":{"index":"index","follow":"follow","max-snippet":"max-snippet:-1","max-image-preview":"max-image-preview:large","max-video-preview":"max-video-preview:-1"},"canonical":"https:\/\/www.bakepackeols.com\/de\/vollstaendige-systemintegration\/","og_locale":"de_DE","og_type":"article","og_title":"Vollst\u00e4ndige Systemintegration","og_description":"Vollst\u00e4ndige Systemintegration Bakepack End of Line Solutions bietet eine vollst\u00e4ndige Systemintegration f\u00fcr Verpackungslinien in der Brot- und Backwaren Industrie. Unsere L\u00f6sungen sind ma\u00dfgeschneidert und erf\u00fcllen die spezifischen Anforderungen, die Sie an Ihr Produkt und Ihren Fertigungsprozess stellen. Dar\u00fcber hinaus bieten wir ein effektives Projektmanagement vor,...","og_url":"https:\/\/www.bakepackeols.com\/de\/vollstaendige-systemintegration\/","og_site_name":"BAKEPACK End Of Line Solutions","article_modified_time":"2020-07-10T10:26:41+00:00","og_image":[{"url":"https:\/\/www.bakepackeols.com\/wp-content\/uploads\/2020\/03\/Verpakking_lijn_Bakepack_13-1-1024x683.jpg","type":"","width":"","height":""}],"twitter_card":"summary_large_image","twitter_misc":{"Gesch\u00e4tzte Lesezeit":"1\u00a0Minute"},"schema":{"@context":"https:\/\/schema.org","@graph":[{"@type":"WebPage","@id":"https:\/\/www.bakepackeols.com\/de\/vollstaendige-systemintegration\/","url":"https:\/\/www.bakepackeols.com\/de\/vollstaendige-systemintegration\/","name":"Vollst\u00e4ndige Systemintegration - BAKEPACK End Of Line Solutions","isPartOf":{"@id":"https:\/\/www.bakepackeols.com\/de\/#website"},"primaryImageOfPage":{"@id":"https:\/\/www.bakepackeols.com\/de\/vollstaendige-systemintegration\/#primaryimage"},"image":{"@id":"https:\/\/www.bakepackeols.com\/de\/vollstaendige-systemintegration\/#primaryimage"},"thumbnailUrl":"https:\/\/www.bakepackeols.com\/wp-content\/uploads\/2020\/03\/Verpakking_lijn_Bakepack_13-1-1024x683.jpg","datePublished":"2020-06-25T08:55:10+00:00","dateModified":"2020-07-10T10:26:41+00:00","breadcrumb":{"@id":"https:\/\/www.bakepackeols.com\/de\/vollstaendige-systemintegration\/#breadcrumb"},"inLanguage":"de","potentialAction":[{"@type":"ReadAction","target":["https:\/\/www.bakepackeols.com\/de\/vollstaendige-systemintegration\/"]}]},{"@type":"ImageObject","inLanguage":"de","@id":"https:\/\/www.bakepackeols.com\/de\/vollstaendige-systemintegration\/#primaryimage","url":"https:\/\/www.bakepackeols.com\/wp-content\/uploads\/2020\/03\/Verpakking_lijn_Bakepack_13-1-1024x683.jpg","contentUrl":"https:\/\/www.bakepackeols.com\/wp-content\/uploads\/2020\/03\/Verpakking_lijn_Bakepack_13-1-1024x683.jpg"},{"@type":"BreadcrumbList","@id":"https:\/\/www.bakepackeols.com\/de\/vollstaendige-systemintegration\/#breadcrumb","itemListElement":[{"@type":"ListItem","position":1,"name":"Home","item":"https:\/\/www.bakepackeols.com\/de\/"},{"@type":"ListItem","position":2,"name":"Vollst\u00e4ndige Systemintegration"}]},{"@type":"WebSite","@id":"https:\/\/www.bakepackeols.com\/de\/#website","url":"https:\/\/www.bakepackeols.com\/de\/","name":"BAKEPACK End Of Line Solutions","description":"BAKEPACK End Of Line Solutions","potentialAction":[{"@type":"SearchAction","target":{"@type":"EntryPoint","urlTemplate":"https:\/\/www.bakepackeols.com\/de\/?s={search_term_string}"},"query-input":{"@type":"PropertyValueSpecification","valueRequired":true,"valueName":"search_term_string"}}],"inLanguage":"de"}]}},"_links":{"self":[{"href":"https:\/\/www.bakepackeols.com\/de\/wp-json\/wp\/v2\/pages\/1831","targetHints":{"allow":["GET"]}}],"collection":[{"href":"https:\/\/www.bakepackeols.com\/de\/wp-json\/wp\/v2\/pages"}],"about":[{"href":"https:\/\/www.bakepackeols.com\/de\/wp-json\/wp\/v2\/types\/page"}],"author":[{"embeddable":true,"href":"https:\/\/www.bakepackeols.com\/de\/wp-json\/wp\/v2\/users\/8"}],"replies":[{"embeddable":true,"href":"https:\/\/www.bakepackeols.com\/de\/wp-json\/wp\/v2\/comments?post=1831"}],"version-history":[{"count":0,"href":"https:\/\/www.bakepackeols.com\/de\/wp-json\/wp\/v2\/pages\/1831\/revisions"}],"wp:attachment":[{"href":"https:\/\/www.bakepackeols.com\/de\/wp-json\/wp\/v2\/media?parent=1831"}],"curies":[{"name":"wp","href":"https:\/\/api.w.org\/{rel}","templated":true}]}}