{"id":1843,"date":"2020-06-25T08:56:19","date_gmt":"2020-06-25T08:56:19","guid":{"rendered":"https:\/\/www.bakepackeols.com\/?page_id=1843"},"modified":"2020-07-10T10:24:20","modified_gmt":"2020-07-10T10:24:20","slug":"ihre-produkte","status":"publish","type":"page","link":"https:\/\/www.bakepackeols.com\/de\/ihre-produkte\/","title":{"rendered":"Ihre Produkte"},"content":{"rendered":"\t\t<div data-elementor-type=\"wp-page\" data-elementor-id=\"1843\" class=\"elementor elementor-1843\" data-elementor-post-type=\"page\">\n\t\t\t\t\t\t<section class=\"elementor-section elementor-top-section elementor-element elementor-element-3e8f610 elementor-section-boxed elementor-section-height-default elementor-section-height-default\" data-id=\"3e8f610\" data-element_type=\"section\" data-e-type=\"section\">\n\t\t\t\t\t\t<div class=\"elementor-container elementor-column-gap-default\">\n\t\t\t\t\t<div class=\"elementor-column elementor-col-100 elementor-top-column elementor-element elementor-element-4997f66a\" data-id=\"4997f66a\" data-element_type=\"column\" data-e-type=\"column\">\n\t\t\t<div class=\"elementor-widget-wrap elementor-element-populated\">\n\t\t\t\t\t\t<div class=\"elementor-element elementor-element-604c0420 din elementor-widget elementor-widget-heading\" data-id=\"604c0420\" data-element_type=\"widget\" data-e-type=\"widget\" data-widget_type=\"heading.default\">\n\t\t\t\t<div class=\"elementor-widget-container\">\n\t\t\t\t\t<h2 class=\"elementor-heading-title elementor-size-default\">Ihre Produkte<\/h2>\t\t\t\t<\/div>\n\t\t\t\t<\/div>\n\t\t\t\t\t<\/div>\n\t\t<\/div>\n\t\t\t\t\t<\/div>\n\t\t<\/section>\n\t\t\t\t<section class=\"elementor-section elementor-top-section elementor-element elementor-element-76afa91 elementor-section-boxed elementor-section-height-default elementor-section-height-default\" data-id=\"76afa91\" data-element_type=\"section\" data-e-type=\"section\">\n\t\t\t\t\t\t<div class=\"elementor-container elementor-column-gap-default\">\n\t\t\t\t\t<div class=\"elementor-column elementor-col-25 elementor-top-column elementor-element elementor-element-221976a\" data-id=\"221976a\" data-element_type=\"column\" data-e-type=\"column\">\n\t\t\t<div class=\"elementor-widget-wrap elementor-element-populated\">\n\t\t\t\t\t\t<div class=\"elementor-element elementor-element-54b5ff0 din elementor-widget elementor-widget-heading\" data-id=\"54b5ff0\" data-element_type=\"widget\" data-e-type=\"widget\" data-widget_type=\"heading.default\">\n\t\t\t\t<div class=\"elementor-widget-container\">\n\t\t\t\t\t<h2 class=\"elementor-heading-title elementor-size-default\">Dough<\/h2>\t\t\t\t<\/div>\n\t\t\t\t<\/div>\n\t\t\t\t\t<\/div>\n\t\t<\/div>\n\t\t\t\t<div class=\"elementor-column elementor-col-25 elementor-top-column elementor-element elementor-element-d6f6fd0\" data-id=\"d6f6fd0\" data-element_type=\"column\" data-e-type=\"column\">\n\t\t\t<div class=\"elementor-widget-wrap elementor-element-populated\">\n\t\t\t\t\t\t<div class=\"elementor-element elementor-element-e8707e4 din elementor-widget elementor-widget-heading\" data-id=\"e8707e4\" data-element_type=\"widget\" data-e-type=\"widget\" data-widget_type=\"heading.default\">\n\t\t\t\t<div class=\"elementor-widget-container\">\n\t\t\t\t\t<h2 class=\"elementor-heading-title elementor-size-default\">Bake-off<\/h2>\t\t\t\t<\/div>\n\t\t\t\t<\/div>\n\t\t\t\t\t<\/div>\n\t\t<\/div>\n\t\t\t\t<div class=\"elementor-column elementor-col-25 elementor-top-column elementor-element elementor-element-e77ca02\" data-id=\"e77ca02\" data-element_type=\"column\" data-e-type=\"column\">\n\t\t\t<div class=\"elementor-widget-wrap elementor-element-populated\">\n\t\t\t\t\t\t<div class=\"elementor-element elementor-element-e8cef7c din elementor-widget elementor-widget-heading\" data-id=\"e8cef7c\" data-element_type=\"widget\" data-e-type=\"widget\" data-widget_type=\"heading.default\">\n\t\t\t\t<div class=\"elementor-widget-container\">\n\t\t\t\t\t<h2 class=\"elementor-heading-title elementor-size-default\">Baked<\/h2>\t\t\t\t<\/div>\n\t\t\t\t<\/div>\n\t\t\t\t\t<\/div>\n\t\t<\/div>\n\t\t\t\t<div class=\"elementor-column elementor-col-25 elementor-top-column elementor-element elementor-element-a753bf2\" data-id=\"a753bf2\" data-element_type=\"column\" data-e-type=\"column\">\n\t\t\t<div class=\"elementor-widget-wrap elementor-element-populated\">\n\t\t\t\t\t\t<div class=\"elementor-element elementor-element-7ab0318 din elementor-widget elementor-widget-heading\" data-id=\"7ab0318\" data-element_type=\"widget\" data-e-type=\"widget\" data-widget_type=\"heading.default\">\n\t\t\t\t<div class=\"elementor-widget-container\">\n\t\t\t\t\t<h2 class=\"elementor-heading-title elementor-size-default\">Long shelf-life<\/h2>\t\t\t\t<\/div>\n\t\t\t\t<\/div>\n\t\t\t\t\t<\/div>\n\t\t<\/div>\n\t\t\t\t\t<\/div>\n\t\t<\/section>\n\t\t\t\t<section class=\"elementor-section elementor-top-section elementor-element elementor-element-a97ceb5 elementor-section-boxed elementor-section-height-default elementor-section-height-default\" data-id=\"a97ceb5\" data-element_type=\"section\" data-e-type=\"section\">\n\t\t\t\t\t\t<div class=\"elementor-container elementor-column-gap-default\">\n\t\t\t\t\t<div class=\"elementor-column elementor-col-100 elementor-top-column elementor-element elementor-element-b961cb5\" data-id=\"b961cb5\" data-element_type=\"column\" data-e-type=\"column\">\n\t\t\t<div class=\"elementor-widget-wrap elementor-element-populated\">\n\t\t\t\t\t\t<div class=\"elementor-element elementor-element-42165d4 elementor-widget elementor-widget-spacer\" data-id=\"42165d4\" data-element_type=\"widget\" data-e-type=\"widget\" data-widget_type=\"spacer.default\">\n\t\t\t\t<div class=\"elementor-widget-container\">\n\t\t\t\t\t\t\t<div class=\"elementor-spacer\">\n\t\t\t<div class=\"elementor-spacer-inner\"><\/div>\n\t\t<\/div>\n\t\t\t\t\t\t<\/div>\n\t\t\t\t<\/div>\n\t\t\t\t<div class=\"elementor-element elementor-element-2ca87c7 elementor-widget elementor-widget-text-editor\" data-id=\"2ca87c7\" data-element_type=\"widget\" data-e-type=\"widget\" data-widget_type=\"text-editor.default\">\n\t\t\t\t<div class=\"elementor-widget-container\">\n\t\t\t\t\t\t\t\t\t<p>Bakepack End of Line Solutions, Teil der Verhoeven Bakery Equipment Family, bietet ma\u00dfgeschneiderte L\u00f6sungen, mit denen das Verpacken Ihrer End-of-Line-Produkte reibungslos funktioniert. Ganz gleich, ob es sich um frische Teigprodukte, Abbackprodukte, bereits gebackene Produkte oder frische oder gefrorene Produkte mit langer Haltbarkeit handelt. Wir projektieren und entwickeln verschiedene Verpackungslinien f\u00fcr Ihre Produkte, die perfekt zu Ihrer Produktionslinie passen.<\/p><p>Wir arbeiten mit verschiedenen Produkt Arten und k\u00f6nnen verschiedene Prozess L\u00f6sungen anbieten. Der Unterschied in den Prozessschritten h\u00e4ngt von den Umgebungsbedingungen, der Geschwindigkeit, der Empfindlichkeit des Produkts und der Anzahl der Produkte ab. Bakepack kann Ihnen alle Ihre W\u00fcnsche und Bed\u00fcrfnisse f\u00fcr die endg\u00fcltige Verpackung erf\u00fcllen.<\/p><p>\u00a0<\/p><p>Bei Bakepack konzentrieren wir uns voll und ganz auf die Entwicklung der effizientesten kundenspezifischen L\u00f6sungen, um sicherzustellen, dass Ihre End-of-Line-Verpackungsvorg\u00e4nge so effizient wie m\u00f6glich ablaufen. So k\u00f6nnen Sie sich auf Ihr Produktsortiment, die Produktion und die Qualit\u00e4t Ihrer B\u00e4ckerei konzentrieren.<\/p>\t\t\t\t\t\t\t\t<\/div>\n\t\t\t\t<\/div>\n\t\t\t\t\t<\/div>\n\t\t<\/div>\n\t\t\t\t\t<\/div>\n\t\t<\/section>\n\t\t\t\t<section class=\"elementor-section elementor-top-section elementor-element elementor-element-a759bdd elementor-section-boxed elementor-section-height-default elementor-section-height-default\" data-id=\"a759bdd\" data-element_type=\"section\" data-e-type=\"section\">\n\t\t\t\t\t\t<div class=\"elementor-container elementor-column-gap-default\">\n\t\t\t\t\t<div class=\"elementor-column elementor-col-100 elementor-top-column elementor-element elementor-element-622370e\" data-id=\"622370e\" data-element_type=\"column\" data-e-type=\"column\">\n\t\t\t<div class=\"elementor-widget-wrap elementor-element-populated\">\n\t\t\t\t\t\t<div class=\"elementor-element elementor-element-71c4ef6 elementor-widget elementor-widget-spacer\" data-id=\"71c4ef6\" data-element_type=\"widget\" data-e-type=\"widget\" data-widget_type=\"spacer.default\">\n\t\t\t\t<div class=\"elementor-widget-container\">\n\t\t\t\t\t\t\t<div class=\"elementor-spacer\">\n\t\t\t<div class=\"elementor-spacer-inner\"><\/div>\n\t\t<\/div>\n\t\t\t\t\t\t<\/div>\n\t\t\t\t<\/div>\n\t\t\t\t\t<\/div>\n\t\t<\/div>\n\t\t\t\t\t<\/div>\n\t\t<\/section>\n\t\t\t\t<\/div>\n\t\t","protected":false},"excerpt":{"rendered":"<p>Ihre Produkte Dough Bake-off Baked Long shelf-life Bakepack End of Line Solutions, Teil der Verhoeven Bakery Equipment Family, bietet ma\u00dfgeschneiderte L\u00f6sungen, mit denen das Verpacken Ihrer End-of-Line-Produkte reibungslos funktioniert. Ganz gleich, ob es sich um frische Teigprodukte, Abbackprodukte, bereits gebackene Produkte oder frische oder gefrorene&#8230;<\/p>\n","protected":false},"author":8,"featured_media":0,"parent":0,"menu_order":0,"comment_status":"closed","ping_status":"closed","template":"","meta":{"footnotes":""},"class_list":["post-1843","page","type-page","status-publish","hentry"],"yoast_head":"<!-- This site is optimized with the Yoast SEO Premium plugin v27.5 (Yoast SEO v27.5) - https:\/\/yoast.com\/product\/yoast-seo-premium-wordpress\/ -->\n<title>Ihre Produkte - BAKEPACK End Of Line Solutions<\/title>\n<meta name=\"robots\" content=\"index, follow, max-snippet:-1, max-image-preview:large, max-video-preview:-1\" \/>\n<link rel=\"canonical\" href=\"https:\/\/www.bakepackeols.com\/de\/ihre-produkte\/\" \/>\n<meta property=\"og:locale\" content=\"de_DE\" \/>\n<meta property=\"og:type\" content=\"article\" \/>\n<meta property=\"og:title\" content=\"Ihre Produkte\" \/>\n<meta property=\"og:description\" content=\"Ihre Produkte Dough Bake-off Baked Long shelf-life Bakepack End of Line Solutions, Teil der Verhoeven Bakery Equipment Family, bietet ma\u00dfgeschneiderte L\u00f6sungen, mit denen das Verpacken Ihrer End-of-Line-Produkte reibungslos funktioniert. Ganz gleich, ob es sich um frische Teigprodukte, Abbackprodukte, bereits gebackene Produkte oder frische oder gefrorene...\" \/>\n<meta property=\"og:url\" content=\"https:\/\/www.bakepackeols.com\/de\/ihre-produkte\/\" \/>\n<meta property=\"og:site_name\" content=\"BAKEPACK End Of Line Solutions\" \/>\n<meta property=\"article:modified_time\" content=\"2020-07-10T10:24:20+00:00\" \/>\n<meta name=\"twitter:card\" content=\"summary_large_image\" \/>\n<meta name=\"twitter:label1\" content=\"Gesch\u00e4tzte Lesezeit\" \/>\n\t<meta name=\"twitter:data1\" content=\"1\u00a0Minute\" \/>\n<script type=\"application\/ld+json\" class=\"yoast-schema-graph\">{\"@context\":\"https:\\\/\\\/schema.org\",\"@graph\":[{\"@type\":\"WebPage\",\"@id\":\"https:\\\/\\\/www.bakepackeols.com\\\/de\\\/ihre-produkte\\\/\",\"url\":\"https:\\\/\\\/www.bakepackeols.com\\\/de\\\/ihre-produkte\\\/\",\"name\":\"Ihre Produkte - BAKEPACK End Of Line Solutions\",\"isPartOf\":{\"@id\":\"https:\\\/\\\/www.bakepackeols.com\\\/de\\\/#website\"},\"datePublished\":\"2020-06-25T08:56:19+00:00\",\"dateModified\":\"2020-07-10T10:24:20+00:00\",\"breadcrumb\":{\"@id\":\"https:\\\/\\\/www.bakepackeols.com\\\/de\\\/ihre-produkte\\\/#breadcrumb\"},\"inLanguage\":\"de\",\"potentialAction\":[{\"@type\":\"ReadAction\",\"target\":[\"https:\\\/\\\/www.bakepackeols.com\\\/de\\\/ihre-produkte\\\/\"]}]},{\"@type\":\"BreadcrumbList\",\"@id\":\"https:\\\/\\\/www.bakepackeols.com\\\/de\\\/ihre-produkte\\\/#breadcrumb\",\"itemListElement\":[{\"@type\":\"ListItem\",\"position\":1,\"name\":\"Home\",\"item\":\"https:\\\/\\\/www.bakepackeols.com\\\/de\\\/\"},{\"@type\":\"ListItem\",\"position\":2,\"name\":\"Ihre Produkte\"}]},{\"@type\":\"WebSite\",\"@id\":\"https:\\\/\\\/www.bakepackeols.com\\\/de\\\/#website\",\"url\":\"https:\\\/\\\/www.bakepackeols.com\\\/de\\\/\",\"name\":\"BAKEPACK End Of Line Solutions\",\"description\":\"BAKEPACK End Of Line Solutions\",\"potentialAction\":[{\"@type\":\"SearchAction\",\"target\":{\"@type\":\"EntryPoint\",\"urlTemplate\":\"https:\\\/\\\/www.bakepackeols.com\\\/de\\\/?s={search_term_string}\"},\"query-input\":{\"@type\":\"PropertyValueSpecification\",\"valueRequired\":true,\"valueName\":\"search_term_string\"}}],\"inLanguage\":\"de\"}]}<\/script>\n<!-- \/ Yoast SEO Premium plugin. -->","yoast_head_json":{"title":"Ihre Produkte - BAKEPACK End Of Line Solutions","robots":{"index":"index","follow":"follow","max-snippet":"max-snippet:-1","max-image-preview":"max-image-preview:large","max-video-preview":"max-video-preview:-1"},"canonical":"https:\/\/www.bakepackeols.com\/de\/ihre-produkte\/","og_locale":"de_DE","og_type":"article","og_title":"Ihre Produkte","og_description":"Ihre Produkte Dough Bake-off Baked Long shelf-life Bakepack End of Line Solutions, Teil der Verhoeven Bakery Equipment Family, bietet ma\u00dfgeschneiderte L\u00f6sungen, mit denen das Verpacken Ihrer End-of-Line-Produkte reibungslos funktioniert. Ganz gleich, ob es sich um frische Teigprodukte, Abbackprodukte, bereits gebackene Produkte oder frische oder gefrorene...","og_url":"https:\/\/www.bakepackeols.com\/de\/ihre-produkte\/","og_site_name":"BAKEPACK End Of Line Solutions","article_modified_time":"2020-07-10T10:24:20+00:00","twitter_card":"summary_large_image","twitter_misc":{"Gesch\u00e4tzte Lesezeit":"1\u00a0Minute"},"schema":{"@context":"https:\/\/schema.org","@graph":[{"@type":"WebPage","@id":"https:\/\/www.bakepackeols.com\/de\/ihre-produkte\/","url":"https:\/\/www.bakepackeols.com\/de\/ihre-produkte\/","name":"Ihre Produkte - BAKEPACK End Of Line Solutions","isPartOf":{"@id":"https:\/\/www.bakepackeols.com\/de\/#website"},"datePublished":"2020-06-25T08:56:19+00:00","dateModified":"2020-07-10T10:24:20+00:00","breadcrumb":{"@id":"https:\/\/www.bakepackeols.com\/de\/ihre-produkte\/#breadcrumb"},"inLanguage":"de","potentialAction":[{"@type":"ReadAction","target":["https:\/\/www.bakepackeols.com\/de\/ihre-produkte\/"]}]},{"@type":"BreadcrumbList","@id":"https:\/\/www.bakepackeols.com\/de\/ihre-produkte\/#breadcrumb","itemListElement":[{"@type":"ListItem","position":1,"name":"Home","item":"https:\/\/www.bakepackeols.com\/de\/"},{"@type":"ListItem","position":2,"name":"Ihre Produkte"}]},{"@type":"WebSite","@id":"https:\/\/www.bakepackeols.com\/de\/#website","url":"https:\/\/www.bakepackeols.com\/de\/","name":"BAKEPACK End Of Line Solutions","description":"BAKEPACK End Of Line Solutions","potentialAction":[{"@type":"SearchAction","target":{"@type":"EntryPoint","urlTemplate":"https:\/\/www.bakepackeols.com\/de\/?s={search_term_string}"},"query-input":{"@type":"PropertyValueSpecification","valueRequired":true,"valueName":"search_term_string"}}],"inLanguage":"de"}]}},"_links":{"self":[{"href":"https:\/\/www.bakepackeols.com\/de\/wp-json\/wp\/v2\/pages\/1843","targetHints":{"allow":["GET"]}}],"collection":[{"href":"https:\/\/www.bakepackeols.com\/de\/wp-json\/wp\/v2\/pages"}],"about":[{"href":"https:\/\/www.bakepackeols.com\/de\/wp-json\/wp\/v2\/types\/page"}],"author":[{"embeddable":true,"href":"https:\/\/www.bakepackeols.com\/de\/wp-json\/wp\/v2\/users\/8"}],"replies":[{"embeddable":true,"href":"https:\/\/www.bakepackeols.com\/de\/wp-json\/wp\/v2\/comments?post=1843"}],"version-history":[{"count":0,"href":"https:\/\/www.bakepackeols.com\/de\/wp-json\/wp\/v2\/pages\/1843\/revisions"}],"wp:attachment":[{"href":"https:\/\/www.bakepackeols.com\/de\/wp-json\/wp\/v2\/media?parent=1843"}],"curies":[{"name":"wp","href":"https:\/\/api.w.org\/{rel}","templated":true}]}}