{"id":1671,"date":"2020-06-25T08:14:46","date_gmt":"2020-06-25T08:14:46","guid":{"rendered":"https:\/\/www.bakepackeols.com\/?page_id=1671"},"modified":"2020-07-10T09:15:03","modified_gmt":"2020-07-10T09:15:03","slug":"quienes-somos","status":"publish","type":"page","link":"https:\/\/www.bakepackeols.com\/es\/quienes-somos\/","title":{"rendered":"Qui\u00e9nes somos"},"content":{"rendered":"\t\t<div data-elementor-type=\"wp-page\" data-elementor-id=\"1671\" class=\"elementor elementor-1671\" data-elementor-post-type=\"page\">\n\t\t\t\t\t\t<section class=\"elementor-section elementor-top-section elementor-element elementor-element-2984981 elementor-section-boxed elementor-section-height-default elementor-section-height-default\" data-id=\"2984981\" data-element_type=\"section\" data-e-type=\"section\">\n\t\t\t\t\t\t<div class=\"elementor-container elementor-column-gap-default\">\n\t\t\t\t\t<div class=\"elementor-column elementor-col-100 elementor-top-column elementor-element elementor-element-04a7f9b\" data-id=\"04a7f9b\" data-element_type=\"column\" data-e-type=\"column\">\n\t\t\t<div class=\"elementor-widget-wrap elementor-element-populated\">\n\t\t\t\t\t\t<div class=\"elementor-element elementor-element-f76932e elementor-widget elementor-widget-image\" data-id=\"f76932e\" data-element_type=\"widget\" data-e-type=\"widget\" data-widget_type=\"image.default\">\n\t\t\t\t<div class=\"elementor-widget-container\">\n\t\t\t\t\t\t\t\t\t\t\t\t\t\t\t<img fetchpriority=\"high\" decoding=\"async\" width=\"2400\" height=\"1070\" src=\"https:\/\/www.bakepackeols.com\/wp-content\/uploads\/2020\/05\/pandnew-belettering-b.jpg\" class=\"attachment-full size-full wp-image-2482\" alt=\"\" srcset=\"https:\/\/www.bakepackeols.com\/wp-content\/uploads\/2020\/05\/pandnew-belettering-b.jpg 2400w, https:\/\/www.bakepackeols.com\/wp-content\/uploads\/2020\/05\/pandnew-belettering-b-300x134.jpg 300w, https:\/\/www.bakepackeols.com\/wp-content\/uploads\/2020\/05\/pandnew-belettering-b-1024x457.jpg 1024w, https:\/\/www.bakepackeols.com\/wp-content\/uploads\/2020\/05\/pandnew-belettering-b-768x342.jpg 768w, https:\/\/www.bakepackeols.com\/wp-content\/uploads\/2020\/05\/pandnew-belettering-b-1536x685.jpg 1536w, https:\/\/www.bakepackeols.com\/wp-content\/uploads\/2020\/05\/pandnew-belettering-b-2048x913.jpg 2048w, https:\/\/www.bakepackeols.com\/wp-content\/uploads\/2020\/05\/pandnew-belettering-b-700x312.jpg 700w\" sizes=\"(max-width: 2400px) 100vw, 2400px\" \/>\t\t\t\t\t\t\t\t\t\t\t\t\t\t\t<\/div>\n\t\t\t\t<\/div>\n\t\t\t\t\t<\/div>\n\t\t<\/div>\n\t\t\t\t\t<\/div>\n\t\t<\/section>\n\t\t\t\t<section class=\"elementor-section elementor-top-section elementor-element elementor-element-14b87c7 elementor-section-boxed elementor-section-height-default elementor-section-height-default\" data-id=\"14b87c7\" data-element_type=\"section\" data-e-type=\"section\">\n\t\t\t\t\t\t<div class=\"elementor-container elementor-column-gap-default\">\n\t\t\t\t\t<div class=\"elementor-column elementor-col-100 elementor-top-column elementor-element elementor-element-0fcd703\" data-id=\"0fcd703\" data-element_type=\"column\" data-e-type=\"column\">\n\t\t\t<div class=\"elementor-widget-wrap elementor-element-populated\">\n\t\t\t\t\t\t<div class=\"elementor-element elementor-element-b5fb094 din elementor-widget elementor-widget-heading\" data-id=\"b5fb094\" data-element_type=\"widget\" data-e-type=\"widget\" data-widget_type=\"heading.default\">\n\t\t\t\t<div class=\"elementor-widget-container\">\n\t\t\t\t\t<h2 class=\"elementor-heading-title elementor-size-default\">Qui\u00e9nes somos<\/h2>\t\t\t\t<\/div>\n\t\t\t\t<\/div>\n\t\t\t\t\t<\/div>\n\t\t<\/div>\n\t\t\t\t\t<\/div>\n\t\t<\/section>\n\t\t\t\t<section class=\"elementor-section elementor-top-section elementor-element elementor-element-d5f7501 elementor-section-boxed elementor-section-height-default elementor-section-height-default\" data-id=\"d5f7501\" data-element_type=\"section\" data-e-type=\"section\">\n\t\t\t\t\t\t<div class=\"elementor-container elementor-column-gap-default\">\n\t\t\t\t\t<div class=\"elementor-column elementor-col-50 elementor-top-column elementor-element elementor-element-e595fe6\" data-id=\"e595fe6\" data-element_type=\"column\" data-e-type=\"column\">\n\t\t\t<div class=\"elementor-widget-wrap elementor-element-populated\">\n\t\t\t\t\t\t<div class=\"elementor-element elementor-element-10a640e elementor-widget elementor-widget-text-editor\" data-id=\"10a640e\" data-element_type=\"widget\" data-e-type=\"widget\" data-widget_type=\"text-editor.default\">\n\t\t\t\t<div class=\"elementor-widget-container\">\n\t\t\t\t\t\t\t\t\t<p>El envasado de pan y productos de pasteler\u00eda es un <em>proceso complejo que consta de <\/em>muchos pasos. Varios proveedores de la industria ofrecen soluciones para todos estos pasos; por ejemplo, m\u00e1quinas para cortar, envasar y etiquetar el pan. No obstante, despu\u00e9s de todos estos a\u00f1os, todav\u00eda no hemos encontrado proveedores que, como nosotros, ofrezcan el paquete completo. Le ofrecemos soluciones llave en mano adaptadas a sus necesidades, desde el producto hasta el pal\u00e9. Bakepack es su socio para las soluciones de final de l\u00ednea y le ofrece una integraci\u00f3n total del sistema. \u00a1Eso es lo que hace que Bakepack sea \u00fanico!<\/p><p>\u00a0<\/p><p>Los panaderos industriales suelen verse obligados a adquirir varias soluciones de envasado diferentes que funcionan por separado. En Bakepack construimos soluciones de envasado completamente autom\u00e1ticas y semiautom\u00e1ticas. Esto lo hacemos comprando m\u00e1quinas de envasado de primeras marcas. A continuaci\u00f3n, conectamos todas las m\u00e1quinas individuales para que funcionen como un sistema \u00fanico dise\u00f1ado para satisfacer sus necesidades de producci\u00f3n.<\/p><p>\u00a0<\/p><p><a href=\"https:\/\/www.verhoevenfamily.com\/about-us-mhf\/\" target=\"_blank\" rel=\"noopener\">Verhoeven Material Handling Family<\/a> cuenta con m\u00e1s de cincuenta a\u00f1os de experiencia en la construcci\u00f3n de sistemas completos de manipulaci\u00f3n y transporte internos, tanto en la industria alimentaria como en la no alimentaria. Hemos adquirido nuestros conocimientos especializados sobre masa y productos de masa gracias a nuestros casi veinte a\u00f1os de experiencia en <a href=\"https:\/\/www.verhoevenfamily.com\/about-us-bef\/\" target=\"_blank\" rel=\"noopener\">Verhoeven Bakery Equipment Family<\/a>. Combinamos todos estos a\u00f1os de conocimientos y experiencia, y los utilizamos para mejorar el proceso de envasado.<\/p><p>\u00a0<\/p><p>En resumen, en Bakepack End of Line Solutions ofrecemos soluciones completas integradas, algo que nuestros competidores no pueden ofrecer.<\/p>\t\t\t\t\t\t\t\t<\/div>\n\t\t\t\t<\/div>\n\t\t\t\t\t<\/div>\n\t\t<\/div>\n\t\t\t\t<div class=\"elementor-column elementor-col-50 elementor-top-column elementor-element elementor-element-e02a14f\" data-id=\"e02a14f\" data-element_type=\"column\" data-e-type=\"column\">\n\t\t\t<div class=\"elementor-widget-wrap elementor-element-populated\">\n\t\t\t\t\t\t<div class=\"elementor-element elementor-element-bcf1832 elementor-hidden-phone elementor-widget elementor-widget-image\" data-id=\"bcf1832\" data-element_type=\"widget\" data-e-type=\"widget\" data-widget_type=\"image.default\">\n\t\t\t\t<div class=\"elementor-widget-container\">\n\t\t\t\t\t\t\t\t\t\t\t\t\t\t\t<img decoding=\"async\" src=\"https:\/\/www.bakepackeols.com\/wp-content\/uploads\/elementor\/thumbs\/Verpakking_lijn_Bakepack_13-1-ondmwqk4ze23hlia7c746oebxjh2kzo58yfykmp92w.jpg\" title=\"Verpakking_lijn_Bakepack_13\" alt=\"Integrated packaging line\" loading=\"lazy\" \/>\t\t\t\t\t\t\t\t\t\t\t\t\t\t\t<\/div>\n\t\t\t\t<\/div>\n\t\t\t\t\t<\/div>\n\t\t<\/div>\n\t\t\t\t\t<\/div>\n\t\t<\/section>\n\t\t\t\t<section class=\"elementor-section elementor-top-section elementor-element elementor-element-b3d6b1f elementor-section-boxed elementor-section-height-default elementor-section-height-default\" data-id=\"b3d6b1f\" data-element_type=\"section\" data-e-type=\"section\">\n\t\t\t\t\t\t<div class=\"elementor-container elementor-column-gap-default\">\n\t\t\t\t\t<div class=\"elementor-column elementor-col-100 elementor-top-column elementor-element elementor-element-bce142c\" data-id=\"bce142c\" data-element_type=\"column\" data-e-type=\"column\">\n\t\t\t<div class=\"elementor-widget-wrap elementor-element-populated\">\n\t\t\t\t\t\t<div class=\"elementor-element elementor-element-3153147 elementor-widget elementor-widget-image\" data-id=\"3153147\" data-element_type=\"widget\" data-e-type=\"widget\" data-widget_type=\"image.default\">\n\t\t\t\t<div class=\"elementor-widget-container\">\n\t\t\t\t\t\t\t\t\t\t\t\t\t\t\t<img decoding=\"async\" width=\"2000\" height=\"485\" src=\"https:\/\/www.bakepackeols.com\/wp-content\/uploads\/2020\/05\/about-us.jpg\" class=\"attachment-full size-full wp-image-2473\" alt=\"\" srcset=\"https:\/\/www.bakepackeols.com\/wp-content\/uploads\/2020\/05\/about-us.jpg 2000w, https:\/\/www.bakepackeols.com\/wp-content\/uploads\/2020\/05\/about-us-300x73.jpg 300w, https:\/\/www.bakepackeols.com\/wp-content\/uploads\/2020\/05\/about-us-1024x248.jpg 1024w, https:\/\/www.bakepackeols.com\/wp-content\/uploads\/2020\/05\/about-us-768x186.jpg 768w, https:\/\/www.bakepackeols.com\/wp-content\/uploads\/2020\/05\/about-us-1536x372.jpg 1536w, https:\/\/www.bakepackeols.com\/wp-content\/uploads\/2020\/05\/about-us-700x170.jpg 700w\" sizes=\"(max-width: 2000px) 100vw, 2000px\" \/>\t\t\t\t\t\t\t\t\t\t\t\t\t\t\t<\/div>\n\t\t\t\t<\/div>\n\t\t\t\t\t<\/div>\n\t\t<\/div>\n\t\t\t\t\t<\/div>\n\t\t<\/section>\n\t\t\t\t<section class=\"elementor-section elementor-top-section elementor-element elementor-element-c429a91 elementor-section-boxed elementor-section-height-default elementor-section-height-default\" data-id=\"c429a91\" data-element_type=\"section\" data-e-type=\"section\">\n\t\t\t\t\t\t<div class=\"elementor-container elementor-column-gap-default\">\n\t\t\t\t\t<div class=\"elementor-column elementor-col-100 elementor-top-column elementor-element elementor-element-30ac354\" data-id=\"30ac354\" data-element_type=\"column\" data-e-type=\"column\">\n\t\t\t<div class=\"elementor-widget-wrap elementor-element-populated\">\n\t\t\t\t\t\t<div class=\"elementor-element elementor-element-18d043d elementor-widget elementor-widget-spacer\" data-id=\"18d043d\" data-element_type=\"widget\" data-e-type=\"widget\" data-widget_type=\"spacer.default\">\n\t\t\t\t<div class=\"elementor-widget-container\">\n\t\t\t\t\t\t\t<div class=\"elementor-spacer\">\n\t\t\t<div class=\"elementor-spacer-inner\"><\/div>\n\t\t<\/div>\n\t\t\t\t\t\t<\/div>\n\t\t\t\t<\/div>\n\t\t\t\t\t<\/div>\n\t\t<\/div>\n\t\t\t\t\t<\/div>\n\t\t<\/section>\n\t\t\t\t<\/div>\n\t\t","protected":false},"excerpt":{"rendered":"<p>Qui\u00e9nes somos El envasado de pan y productos de pasteler\u00eda es un proceso complejo que consta de muchos pasos. Varios proveedores de la industria ofrecen soluciones para todos estos pasos; por ejemplo, m\u00e1quinas para cortar, envasar y etiquetar el pan. No obstante, despu\u00e9s de todos&#8230;<\/p>\n","protected":false},"author":8,"featured_media":0,"parent":0,"menu_order":0,"comment_status":"closed","ping_status":"closed","template":"","meta":{"footnotes":""},"class_list":["post-1671","page","type-page","status-publish","hentry"],"yoast_head":"<!-- This site is optimized with the Yoast SEO Premium plugin v27.1 (Yoast SEO v27.2) - https:\/\/yoast.com\/product\/yoast-seo-premium-wordpress\/ -->\n<title>Qui\u00e9nes somos - BAKEPACK End Of Line Solutions<\/title>\n<meta name=\"robots\" content=\"index, follow, max-snippet:-1, max-image-preview:large, max-video-preview:-1\" \/>\n<link rel=\"canonical\" href=\"https:\/\/www.bakepackeols.com\/es\/quienes-somos\/\" \/>\n<meta property=\"og:locale\" content=\"es_ES\" \/>\n<meta property=\"og:type\" content=\"article\" \/>\n<meta property=\"og:title\" content=\"Qui\u00e9nes somos\" \/>\n<meta property=\"og:description\" content=\"Qui\u00e9nes somos El envasado de pan y productos de pasteler\u00eda es un proceso complejo que consta de muchos pasos. Varios proveedores de la industria ofrecen soluciones para todos estos pasos; por ejemplo, m\u00e1quinas para cortar, envasar y etiquetar el pan. No obstante, despu\u00e9s de todos...\" \/>\n<meta property=\"og:url\" content=\"https:\/\/www.bakepackeols.com\/es\/quienes-somos\/\" \/>\n<meta property=\"og:site_name\" content=\"BAKEPACK End Of Line Solutions\" \/>\n<meta property=\"article:modified_time\" content=\"2020-07-10T09:15:03+00:00\" \/>\n<meta property=\"og:image\" content=\"https:\/\/www.bakepackeols.com\/wp-content\/uploads\/2020\/05\/pandnew-belettering-b.jpg\" \/>\n<meta name=\"twitter:card\" content=\"summary_large_image\" \/>\n<meta name=\"twitter:label1\" content=\"Tiempo de lectura\" \/>\n\t<meta name=\"twitter:data1\" content=\"1 minuto\" \/>\n<script type=\"application\/ld+json\" class=\"yoast-schema-graph\">{\"@context\":\"https:\/\/schema.org\",\"@graph\":[{\"@type\":\"WebPage\",\"@id\":\"https:\/\/www.bakepackeols.com\/es\/quienes-somos\/\",\"url\":\"https:\/\/www.bakepackeols.com\/es\/quienes-somos\/\",\"name\":\"Qui\u00e9nes somos - BAKEPACK End Of Line Solutions\",\"isPartOf\":{\"@id\":\"https:\/\/www.bakepackeols.com\/es\/#website\"},\"primaryImageOfPage\":{\"@id\":\"https:\/\/www.bakepackeols.com\/es\/quienes-somos\/#primaryimage\"},\"image\":{\"@id\":\"https:\/\/www.bakepackeols.com\/es\/quienes-somos\/#primaryimage\"},\"thumbnailUrl\":\"https:\/\/www.bakepackeols.com\/wp-content\/uploads\/2020\/05\/pandnew-belettering-b.jpg\",\"datePublished\":\"2020-06-25T08:14:46+00:00\",\"dateModified\":\"2020-07-10T09:15:03+00:00\",\"breadcrumb\":{\"@id\":\"https:\/\/www.bakepackeols.com\/es\/quienes-somos\/#breadcrumb\"},\"inLanguage\":\"es\",\"potentialAction\":[{\"@type\":\"ReadAction\",\"target\":[\"https:\/\/www.bakepackeols.com\/es\/quienes-somos\/\"]}]},{\"@type\":\"ImageObject\",\"inLanguage\":\"es\",\"@id\":\"https:\/\/www.bakepackeols.com\/es\/quienes-somos\/#primaryimage\",\"url\":\"https:\/\/www.bakepackeols.com\/wp-content\/uploads\/2020\/05\/pandnew-belettering-b.jpg\",\"contentUrl\":\"https:\/\/www.bakepackeols.com\/wp-content\/uploads\/2020\/05\/pandnew-belettering-b.jpg\"},{\"@type\":\"BreadcrumbList\",\"@id\":\"https:\/\/www.bakepackeols.com\/es\/quienes-somos\/#breadcrumb\",\"itemListElement\":[{\"@type\":\"ListItem\",\"position\":1,\"name\":\"Home\",\"item\":\"https:\/\/www.bakepackeols.com\/es\/\"},{\"@type\":\"ListItem\",\"position\":2,\"name\":\"Qui\u00e9nes somos\"}]},{\"@type\":\"WebSite\",\"@id\":\"https:\/\/www.bakepackeols.com\/es\/#website\",\"url\":\"https:\/\/www.bakepackeols.com\/es\/\",\"name\":\"BAKEPACK End Of Line Solutions\",\"description\":\"BAKEPACK End Of Line Solutions\",\"potentialAction\":[{\"@type\":\"SearchAction\",\"target\":{\"@type\":\"EntryPoint\",\"urlTemplate\":\"https:\/\/www.bakepackeols.com\/es\/?s={search_term_string}\"},\"query-input\":{\"@type\":\"PropertyValueSpecification\",\"valueRequired\":true,\"valueName\":\"search_term_string\"}}],\"inLanguage\":\"es\"}]}<\/script>\n<!-- \/ Yoast SEO Premium plugin. -->","yoast_head_json":{"title":"Qui\u00e9nes somos - BAKEPACK End Of Line Solutions","robots":{"index":"index","follow":"follow","max-snippet":"max-snippet:-1","max-image-preview":"max-image-preview:large","max-video-preview":"max-video-preview:-1"},"canonical":"https:\/\/www.bakepackeols.com\/es\/quienes-somos\/","og_locale":"es_ES","og_type":"article","og_title":"Qui\u00e9nes somos","og_description":"Qui\u00e9nes somos El envasado de pan y productos de pasteler\u00eda es un proceso complejo que consta de muchos pasos. Varios proveedores de la industria ofrecen soluciones para todos estos pasos; por ejemplo, m\u00e1quinas para cortar, envasar y etiquetar el pan. No obstante, despu\u00e9s de todos...","og_url":"https:\/\/www.bakepackeols.com\/es\/quienes-somos\/","og_site_name":"BAKEPACK End Of Line Solutions","article_modified_time":"2020-07-10T09:15:03+00:00","og_image":[{"url":"https:\/\/www.bakepackeols.com\/wp-content\/uploads\/2020\/05\/pandnew-belettering-b.jpg","type":"","width":"","height":""}],"twitter_card":"summary_large_image","twitter_misc":{"Tiempo de lectura":"1 minuto"},"schema":{"@context":"https:\/\/schema.org","@graph":[{"@type":"WebPage","@id":"https:\/\/www.bakepackeols.com\/es\/quienes-somos\/","url":"https:\/\/www.bakepackeols.com\/es\/quienes-somos\/","name":"Qui\u00e9nes somos - BAKEPACK End Of Line Solutions","isPartOf":{"@id":"https:\/\/www.bakepackeols.com\/es\/#website"},"primaryImageOfPage":{"@id":"https:\/\/www.bakepackeols.com\/es\/quienes-somos\/#primaryimage"},"image":{"@id":"https:\/\/www.bakepackeols.com\/es\/quienes-somos\/#primaryimage"},"thumbnailUrl":"https:\/\/www.bakepackeols.com\/wp-content\/uploads\/2020\/05\/pandnew-belettering-b.jpg","datePublished":"2020-06-25T08:14:46+00:00","dateModified":"2020-07-10T09:15:03+00:00","breadcrumb":{"@id":"https:\/\/www.bakepackeols.com\/es\/quienes-somos\/#breadcrumb"},"inLanguage":"es","potentialAction":[{"@type":"ReadAction","target":["https:\/\/www.bakepackeols.com\/es\/quienes-somos\/"]}]},{"@type":"ImageObject","inLanguage":"es","@id":"https:\/\/www.bakepackeols.com\/es\/quienes-somos\/#primaryimage","url":"https:\/\/www.bakepackeols.com\/wp-content\/uploads\/2020\/05\/pandnew-belettering-b.jpg","contentUrl":"https:\/\/www.bakepackeols.com\/wp-content\/uploads\/2020\/05\/pandnew-belettering-b.jpg"},{"@type":"BreadcrumbList","@id":"https:\/\/www.bakepackeols.com\/es\/quienes-somos\/#breadcrumb","itemListElement":[{"@type":"ListItem","position":1,"name":"Home","item":"https:\/\/www.bakepackeols.com\/es\/"},{"@type":"ListItem","position":2,"name":"Qui\u00e9nes somos"}]},{"@type":"WebSite","@id":"https:\/\/www.bakepackeols.com\/es\/#website","url":"https:\/\/www.bakepackeols.com\/es\/","name":"BAKEPACK End Of Line Solutions","description":"BAKEPACK End Of Line Solutions","potentialAction":[{"@type":"SearchAction","target":{"@type":"EntryPoint","urlTemplate":"https:\/\/www.bakepackeols.com\/es\/?s={search_term_string}"},"query-input":{"@type":"PropertyValueSpecification","valueRequired":true,"valueName":"search_term_string"}}],"inLanguage":"es"}]}},"_links":{"self":[{"href":"https:\/\/www.bakepackeols.com\/es\/wp-json\/wp\/v2\/pages\/1671","targetHints":{"allow":["GET"]}}],"collection":[{"href":"https:\/\/www.bakepackeols.com\/es\/wp-json\/wp\/v2\/pages"}],"about":[{"href":"https:\/\/www.bakepackeols.com\/es\/wp-json\/wp\/v2\/types\/page"}],"author":[{"embeddable":true,"href":"https:\/\/www.bakepackeols.com\/es\/wp-json\/wp\/v2\/users\/8"}],"replies":[{"embeddable":true,"href":"https:\/\/www.bakepackeols.com\/es\/wp-json\/wp\/v2\/comments?post=1671"}],"version-history":[{"count":0,"href":"https:\/\/www.bakepackeols.com\/es\/wp-json\/wp\/v2\/pages\/1671\/revisions"}],"wp:attachment":[{"href":"https:\/\/www.bakepackeols.com\/es\/wp-json\/wp\/v2\/media?parent=1671"}],"curies":[{"name":"wp","href":"https:\/\/api.w.org\/{rel}","templated":true}]}}