{"id":1695,"date":"2020-06-25T08:16:35","date_gmt":"2020-06-25T08:16:35","guid":{"rendered":"https:\/\/www.bakepackeols.com\/?page_id=1695"},"modified":"2023-11-22T20:55:04","modified_gmt":"2023-11-22T19:55:04","slug":"ofertas-de-empleo","status":"publish","type":"page","link":"https:\/\/www.bakepackeols.com\/es\/ofertas-de-empleo\/","title":{"rendered":"Ofertas de empleo"},"content":{"rendered":"\t\t<div data-elementor-type=\"wp-page\" data-elementor-id=\"1695\" class=\"elementor elementor-1695\" data-elementor-post-type=\"page\">\n\t\t\t\t\t\t<section class=\"elementor-section elementor-top-section elementor-element elementor-element-3e8f610 elementor-section-boxed elementor-section-height-default elementor-section-height-default\" data-id=\"3e8f610\" data-element_type=\"section\" data-e-type=\"section\">\n\t\t\t\t\t\t<div class=\"elementor-container elementor-column-gap-default\">\n\t\t\t\t\t<div class=\"elementor-column elementor-col-100 elementor-top-column elementor-element elementor-element-4997f66a\" data-id=\"4997f66a\" data-element_type=\"column\" data-e-type=\"column\">\n\t\t\t<div class=\"elementor-widget-wrap elementor-element-populated\">\n\t\t\t\t\t\t<div class=\"elementor-element elementor-element-604c0420 din elementor-widget elementor-widget-heading\" data-id=\"604c0420\" data-element_type=\"widget\" data-e-type=\"widget\" data-widget_type=\"heading.default\">\n\t\t\t\t<div class=\"elementor-widget-container\">\n\t\t\t\t\t<h2 class=\"elementor-heading-title elementor-size-default\">Do you want to become a Verhoeven family member?<\/h2>\t\t\t\t<\/div>\n\t\t\t\t<\/div>\n\t\t\t\t\t<\/div>\n\t\t<\/div>\n\t\t\t\t\t<\/div>\n\t\t<\/section>\n\t\t\t\t<section class=\"elementor-section elementor-top-section elementor-element elementor-element-19095d1 elementor-section-boxed elementor-section-height-default elementor-section-height-default\" data-id=\"19095d1\" data-element_type=\"section\" data-e-type=\"section\">\n\t\t\t\t\t\t<div class=\"elementor-container elementor-column-gap-default\">\n\t\t\t\t\t<div class=\"elementor-column elementor-col-66 elementor-top-column elementor-element elementor-element-81a9919\" data-id=\"81a9919\" data-element_type=\"column\" data-e-type=\"column\">\n\t\t\t<div class=\"elementor-widget-wrap elementor-element-populated\">\n\t\t\t\t\t\t<div class=\"elementor-element elementor-element-2171ecc elementor-widget elementor-widget-image\" data-id=\"2171ecc\" data-element_type=\"widget\" data-e-type=\"widget\" data-widget_type=\"image.default\">\n\t\t\t\t<div class=\"elementor-widget-container\">\n\t\t\t\t\t\t\t\t\t\t\t\t\t\t\t<img fetchpriority=\"high\" decoding=\"async\" width=\"1400\" height=\"827\" src=\"https:\/\/www.bakepackeols.com\/wp-content\/uploads\/2023\/11\/Do-you-want-to-become-a-family-member-www.jpg\" class=\"attachment-full size-full wp-image-2797\" alt=\"\" srcset=\"https:\/\/www.bakepackeols.com\/wp-content\/uploads\/2023\/11\/Do-you-want-to-become-a-family-member-www.jpg 1400w, https:\/\/www.bakepackeols.com\/wp-content\/uploads\/2023\/11\/Do-you-want-to-become-a-family-member-www-300x177.jpg 300w, https:\/\/www.bakepackeols.com\/wp-content\/uploads\/2023\/11\/Do-you-want-to-become-a-family-member-www-1024x605.jpg 1024w, https:\/\/www.bakepackeols.com\/wp-content\/uploads\/2023\/11\/Do-you-want-to-become-a-family-member-www-768x454.jpg 768w, https:\/\/www.bakepackeols.com\/wp-content\/uploads\/2023\/11\/Do-you-want-to-become-a-family-member-www-700x414.jpg 700w\" sizes=\"(max-width: 1400px) 100vw, 1400px\" \/>\t\t\t\t\t\t\t\t\t\t\t\t\t\t\t<\/div>\n\t\t\t\t<\/div>\n\t\t\t\t\t<\/div>\n\t\t<\/div>\n\t\t\t\t<div class=\"elementor-column elementor-col-33 elementor-top-column elementor-element elementor-element-3e755f4\" data-id=\"3e755f4\" data-element_type=\"column\" data-e-type=\"column\">\n\t\t\t<div class=\"elementor-widget-wrap\">\n\t\t\t\t\t\t\t<\/div>\n\t\t<\/div>\n\t\t\t\t\t<\/div>\n\t\t<\/section>\n\t\t\t\t<section class=\"elementor-section elementor-top-section elementor-element elementor-element-16ae2bc elementor-section-boxed elementor-section-height-default elementor-section-height-default\" data-id=\"16ae2bc\" data-element_type=\"section\" data-e-type=\"section\">\n\t\t\t\t\t\t<div class=\"elementor-container elementor-column-gap-default\">\n\t\t\t\t\t<div class=\"elementor-column elementor-col-100 elementor-top-column elementor-element elementor-element-b23f16e\" data-id=\"b23f16e\" data-element_type=\"column\" data-e-type=\"column\">\n\t\t\t<div class=\"elementor-widget-wrap elementor-element-populated\">\n\t\t\t\t\t\t<div class=\"elementor-element elementor-element-9729640 elementor-widget elementor-widget-spacer\" data-id=\"9729640\" data-element_type=\"widget\" data-e-type=\"widget\" data-widget_type=\"spacer.default\">\n\t\t\t\t<div class=\"elementor-widget-container\">\n\t\t\t\t\t\t\t<div class=\"elementor-spacer\">\n\t\t\t<div class=\"elementor-spacer-inner\"><\/div>\n\t\t<\/div>\n\t\t\t\t\t\t<\/div>\n\t\t\t\t<\/div>\n\t\t\t\t\t<\/div>\n\t\t<\/div>\n\t\t\t\t\t<\/div>\n\t\t<\/section>\n\t\t\t\t<section class=\"elementor-section elementor-top-section elementor-element elementor-element-61136bb elementor-section-boxed elementor-section-height-default elementor-section-height-default\" data-id=\"61136bb\" data-element_type=\"section\" data-e-type=\"section\">\n\t\t\t\t\t\t<div class=\"elementor-container elementor-column-gap-default\">\n\t\t\t\t\t<div class=\"elementor-column elementor-col-66 elementor-top-column elementor-element elementor-element-ba3805c\" data-id=\"ba3805c\" data-element_type=\"column\" data-e-type=\"column\">\n\t\t\t<div class=\"elementor-widget-wrap elementor-element-populated\">\n\t\t\t\t\t\t<div class=\"elementor-element elementor-element-be31883 elementor-widget elementor-widget-text-editor\" data-id=\"be31883\" data-element_type=\"widget\" data-e-type=\"widget\" data-widget_type=\"text-editor.default\">\n\t\t\t\t<div class=\"elementor-widget-container\">\n\t\t\t\t\t\t\t\t\t<p>Sencillamente\u00a0<em>haga clic <a href=\"https:\/\/www.verhoevenfamily.com\/es\/vacatures\/\" target=\"_blank\" rel=\"noopener\"><u>aqu\u00ed<\/u><\/a><\/em><em> para<\/em>\u00a0consultar todas\u00a0<em>nuestras vacantes actuales<\/em><em>.<\/em><\/p><p>\u00a0<\/p><p><em>Aunque actualmente no tengamos ninguna vacante que se ajuste a sus capacidades e intereses, estaremos encantados de saber de usted. Verhoeven siempre muestra inter\u00e9s por aquellos candidatos con talento y motivados que comparten nuestros valores y creen que tienen algo que ofrecerle a nuestra empresa. Despu\u00e9s de todo, invertir en talento es invertir en calidad. Por ello, aunque no figure aqu\u00ed el trabajo de sus sue\u00f1os, le recomendamos encarecidamente que nos env\u00ede una candidatura espont\u00e1nea, adjuntando su CV, a <\/em><a href=\"mailto:info@verhoevenfamily.com\">info@verhoevenfamily.com<\/a> para que sepamos d\u00f3nde encontrarle cuando surja la oportunidad.<\/p>\t\t\t\t\t\t\t\t<\/div>\n\t\t\t\t<\/div>\n\t\t\t\t\t<\/div>\n\t\t<\/div>\n\t\t\t\t<div class=\"elementor-column elementor-col-33 elementor-top-column elementor-element elementor-element-eccf546\" data-id=\"eccf546\" data-element_type=\"column\" data-e-type=\"column\">\n\t\t\t<div class=\"elementor-widget-wrap\">\n\t\t\t\t\t\t\t<\/div>\n\t\t<\/div>\n\t\t\t\t\t<\/div>\n\t\t<\/section>\n\t\t\t\t<section class=\"elementor-section elementor-top-section elementor-element elementor-element-44a2a02 elementor-section-boxed elementor-section-height-default elementor-section-height-default\" data-id=\"44a2a02\" data-element_type=\"section\" data-e-type=\"section\">\n\t\t\t\t\t\t<div class=\"elementor-container elementor-column-gap-default\">\n\t\t\t\t\t<div class=\"elementor-column elementor-col-100 elementor-top-column elementor-element elementor-element-be40e22\" data-id=\"be40e22\" data-element_type=\"column\" data-e-type=\"column\">\n\t\t\t<div class=\"elementor-widget-wrap elementor-element-populated\">\n\t\t\t\t\t\t<div class=\"elementor-element elementor-element-fc04ee0 elementor-widget elementor-widget-spacer\" data-id=\"fc04ee0\" data-element_type=\"widget\" data-e-type=\"widget\" data-widget_type=\"spacer.default\">\n\t\t\t\t<div class=\"elementor-widget-container\">\n\t\t\t\t\t\t\t<div class=\"elementor-spacer\">\n\t\t\t<div class=\"elementor-spacer-inner\"><\/div>\n\t\t<\/div>\n\t\t\t\t\t\t<\/div>\n\t\t\t\t<\/div>\n\t\t\t\t\t<\/div>\n\t\t<\/div>\n\t\t\t\t\t<\/div>\n\t\t<\/section>\n\t\t\t\t<\/div>\n\t\t","protected":false},"excerpt":{"rendered":"<p>Do you want to become a Verhoeven family member? Sencillamente\u00a0haga clic aqu\u00ed para\u00a0consultar todas\u00a0nuestras vacantes actuales. \u00a0 Aunque actualmente no tengamos ninguna vacante que se ajuste a sus capacidades e intereses, estaremos encantados de saber de usted. Verhoeven siempre muestra inter\u00e9s por aquellos candidatos con&#8230;<\/p>\n","protected":false},"author":8,"featured_media":0,"parent":0,"menu_order":0,"comment_status":"closed","ping_status":"closed","template":"","meta":{"footnotes":""},"class_list":["post-1695","page","type-page","status-publish","hentry"],"yoast_head":"<!-- This site is optimized with the Yoast SEO Premium plugin v27.1 (Yoast SEO v27.2) - https:\/\/yoast.com\/product\/yoast-seo-premium-wordpress\/ -->\n<title>Ofertas de empleo - BAKEPACK End Of Line Solutions<\/title>\n<meta name=\"robots\" content=\"index, follow, max-snippet:-1, max-image-preview:large, max-video-preview:-1\" \/>\n<link rel=\"canonical\" href=\"https:\/\/www.bakepackeols.com\/es\/ofertas-de-empleo\/\" \/>\n<meta property=\"og:locale\" content=\"es_ES\" \/>\n<meta property=\"og:type\" content=\"article\" \/>\n<meta property=\"og:title\" content=\"Ofertas de empleo\" \/>\n<meta property=\"og:description\" content=\"Do you want to become a Verhoeven family member? Sencillamente\u00a0haga clic aqu\u00ed para\u00a0consultar todas\u00a0nuestras vacantes actuales. \u00a0 Aunque actualmente no tengamos ninguna vacante que se ajuste a sus capacidades e intereses, estaremos encantados de saber de usted. Verhoeven siempre muestra inter\u00e9s por aquellos candidatos con...\" \/>\n<meta property=\"og:url\" content=\"https:\/\/www.bakepackeols.com\/es\/ofertas-de-empleo\/\" \/>\n<meta property=\"og:site_name\" content=\"BAKEPACK End Of Line Solutions\" \/>\n<meta property=\"article:modified_time\" content=\"2023-11-22T19:55:04+00:00\" \/>\n<meta property=\"og:image\" content=\"https:\/\/www.bakepackeols.com\/wp-content\/uploads\/2023\/11\/Do-you-want-to-become-a-family-member-www.jpg\" \/>\n<meta name=\"twitter:card\" content=\"summary_large_image\" \/>\n<meta name=\"twitter:label1\" content=\"Tiempo de lectura\" \/>\n\t<meta name=\"twitter:data1\" content=\"1 minuto\" \/>\n<script type=\"application\/ld+json\" class=\"yoast-schema-graph\">{\"@context\":\"https:\/\/schema.org\",\"@graph\":[{\"@type\":\"WebPage\",\"@id\":\"https:\/\/www.bakepackeols.com\/es\/ofertas-de-empleo\/\",\"url\":\"https:\/\/www.bakepackeols.com\/es\/ofertas-de-empleo\/\",\"name\":\"Ofertas de empleo - BAKEPACK End Of Line Solutions\",\"isPartOf\":{\"@id\":\"https:\/\/www.bakepackeols.com\/es\/#website\"},\"primaryImageOfPage\":{\"@id\":\"https:\/\/www.bakepackeols.com\/es\/ofertas-de-empleo\/#primaryimage\"},\"image\":{\"@id\":\"https:\/\/www.bakepackeols.com\/es\/ofertas-de-empleo\/#primaryimage\"},\"thumbnailUrl\":\"https:\/\/www.bakepackeols.com\/wp-content\/uploads\/2023\/11\/Do-you-want-to-become-a-family-member-www.jpg\",\"datePublished\":\"2020-06-25T08:16:35+00:00\",\"dateModified\":\"2023-11-22T19:55:04+00:00\",\"breadcrumb\":{\"@id\":\"https:\/\/www.bakepackeols.com\/es\/ofertas-de-empleo\/#breadcrumb\"},\"inLanguage\":\"es\",\"potentialAction\":[{\"@type\":\"ReadAction\",\"target\":[\"https:\/\/www.bakepackeols.com\/es\/ofertas-de-empleo\/\"]}]},{\"@type\":\"ImageObject\",\"inLanguage\":\"es\",\"@id\":\"https:\/\/www.bakepackeols.com\/es\/ofertas-de-empleo\/#primaryimage\",\"url\":\"https:\/\/www.bakepackeols.com\/wp-content\/uploads\/2023\/11\/Do-you-want-to-become-a-family-member-www.jpg\",\"contentUrl\":\"https:\/\/www.bakepackeols.com\/wp-content\/uploads\/2023\/11\/Do-you-want-to-become-a-family-member-www.jpg\"},{\"@type\":\"BreadcrumbList\",\"@id\":\"https:\/\/www.bakepackeols.com\/es\/ofertas-de-empleo\/#breadcrumb\",\"itemListElement\":[{\"@type\":\"ListItem\",\"position\":1,\"name\":\"Home\",\"item\":\"https:\/\/www.bakepackeols.com\/es\/\"},{\"@type\":\"ListItem\",\"position\":2,\"name\":\"Ofertas de empleo\"}]},{\"@type\":\"WebSite\",\"@id\":\"https:\/\/www.bakepackeols.com\/es\/#website\",\"url\":\"https:\/\/www.bakepackeols.com\/es\/\",\"name\":\"BAKEPACK End Of Line Solutions\",\"description\":\"BAKEPACK End Of Line Solutions\",\"potentialAction\":[{\"@type\":\"SearchAction\",\"target\":{\"@type\":\"EntryPoint\",\"urlTemplate\":\"https:\/\/www.bakepackeols.com\/es\/?s={search_term_string}\"},\"query-input\":{\"@type\":\"PropertyValueSpecification\",\"valueRequired\":true,\"valueName\":\"search_term_string\"}}],\"inLanguage\":\"es\"}]}<\/script>\n<!-- \/ Yoast SEO Premium plugin. -->","yoast_head_json":{"title":"Ofertas de empleo - BAKEPACK End Of Line Solutions","robots":{"index":"index","follow":"follow","max-snippet":"max-snippet:-1","max-image-preview":"max-image-preview:large","max-video-preview":"max-video-preview:-1"},"canonical":"https:\/\/www.bakepackeols.com\/es\/ofertas-de-empleo\/","og_locale":"es_ES","og_type":"article","og_title":"Ofertas de empleo","og_description":"Do you want to become a Verhoeven family member? Sencillamente\u00a0haga clic aqu\u00ed para\u00a0consultar todas\u00a0nuestras vacantes actuales. \u00a0 Aunque actualmente no tengamos ninguna vacante que se ajuste a sus capacidades e intereses, estaremos encantados de saber de usted. Verhoeven siempre muestra inter\u00e9s por aquellos candidatos con...","og_url":"https:\/\/www.bakepackeols.com\/es\/ofertas-de-empleo\/","og_site_name":"BAKEPACK End Of Line Solutions","article_modified_time":"2023-11-22T19:55:04+00:00","og_image":[{"url":"https:\/\/www.bakepackeols.com\/wp-content\/uploads\/2023\/11\/Do-you-want-to-become-a-family-member-www.jpg","type":"","width":"","height":""}],"twitter_card":"summary_large_image","twitter_misc":{"Tiempo de lectura":"1 minuto"},"schema":{"@context":"https:\/\/schema.org","@graph":[{"@type":"WebPage","@id":"https:\/\/www.bakepackeols.com\/es\/ofertas-de-empleo\/","url":"https:\/\/www.bakepackeols.com\/es\/ofertas-de-empleo\/","name":"Ofertas de empleo - BAKEPACK End Of Line Solutions","isPartOf":{"@id":"https:\/\/www.bakepackeols.com\/es\/#website"},"primaryImageOfPage":{"@id":"https:\/\/www.bakepackeols.com\/es\/ofertas-de-empleo\/#primaryimage"},"image":{"@id":"https:\/\/www.bakepackeols.com\/es\/ofertas-de-empleo\/#primaryimage"},"thumbnailUrl":"https:\/\/www.bakepackeols.com\/wp-content\/uploads\/2023\/11\/Do-you-want-to-become-a-family-member-www.jpg","datePublished":"2020-06-25T08:16:35+00:00","dateModified":"2023-11-22T19:55:04+00:00","breadcrumb":{"@id":"https:\/\/www.bakepackeols.com\/es\/ofertas-de-empleo\/#breadcrumb"},"inLanguage":"es","potentialAction":[{"@type":"ReadAction","target":["https:\/\/www.bakepackeols.com\/es\/ofertas-de-empleo\/"]}]},{"@type":"ImageObject","inLanguage":"es","@id":"https:\/\/www.bakepackeols.com\/es\/ofertas-de-empleo\/#primaryimage","url":"https:\/\/www.bakepackeols.com\/wp-content\/uploads\/2023\/11\/Do-you-want-to-become-a-family-member-www.jpg","contentUrl":"https:\/\/www.bakepackeols.com\/wp-content\/uploads\/2023\/11\/Do-you-want-to-become-a-family-member-www.jpg"},{"@type":"BreadcrumbList","@id":"https:\/\/www.bakepackeols.com\/es\/ofertas-de-empleo\/#breadcrumb","itemListElement":[{"@type":"ListItem","position":1,"name":"Home","item":"https:\/\/www.bakepackeols.com\/es\/"},{"@type":"ListItem","position":2,"name":"Ofertas de empleo"}]},{"@type":"WebSite","@id":"https:\/\/www.bakepackeols.com\/es\/#website","url":"https:\/\/www.bakepackeols.com\/es\/","name":"BAKEPACK End Of Line Solutions","description":"BAKEPACK End Of Line Solutions","potentialAction":[{"@type":"SearchAction","target":{"@type":"EntryPoint","urlTemplate":"https:\/\/www.bakepackeols.com\/es\/?s={search_term_string}"},"query-input":{"@type":"PropertyValueSpecification","valueRequired":true,"valueName":"search_term_string"}}],"inLanguage":"es"}]}},"_links":{"self":[{"href":"https:\/\/www.bakepackeols.com\/es\/wp-json\/wp\/v2\/pages\/1695","targetHints":{"allow":["GET"]}}],"collection":[{"href":"https:\/\/www.bakepackeols.com\/es\/wp-json\/wp\/v2\/pages"}],"about":[{"href":"https:\/\/www.bakepackeols.com\/es\/wp-json\/wp\/v2\/types\/page"}],"author":[{"embeddable":true,"href":"https:\/\/www.bakepackeols.com\/es\/wp-json\/wp\/v2\/users\/8"}],"replies":[{"embeddable":true,"href":"https:\/\/www.bakepackeols.com\/es\/wp-json\/wp\/v2\/comments?post=1695"}],"version-history":[{"count":0,"href":"https:\/\/www.bakepackeols.com\/es\/wp-json\/wp\/v2\/pages\/1695\/revisions"}],"wp:attachment":[{"href":"https:\/\/www.bakepackeols.com\/es\/wp-json\/wp\/v2\/media?parent=1695"}],"curies":[{"name":"wp","href":"https:\/\/api.w.org\/{rel}","templated":true}]}}