{"id":1811,"date":"2020-06-25T08:53:00","date_gmt":"2020-06-25T08:53:00","guid":{"rendered":"https:\/\/www.bakepackeols.com\/?page_id=1811"},"modified":"2020-07-10T08:49:02","modified_gmt":"2020-07-10T08:49:02","slug":"envasado-primario","status":"publish","type":"page","link":"https:\/\/www.bakepackeols.com\/es\/envasado-primario\/","title":{"rendered":"Envasado primario"},"content":{"rendered":"\t\t<div data-elementor-type=\"wp-page\" data-elementor-id=\"1811\" class=\"elementor elementor-1811\" data-elementor-post-type=\"page\">\n\t\t\t\t\t\t<section class=\"elementor-section elementor-top-section elementor-element elementor-element-3e8f610 elementor-section-boxed elementor-section-height-default elementor-section-height-default\" data-id=\"3e8f610\" data-element_type=\"section\" data-e-type=\"section\">\n\t\t\t\t\t\t<div class=\"elementor-container elementor-column-gap-default\">\n\t\t\t\t\t<div class=\"elementor-column elementor-col-100 elementor-top-column elementor-element elementor-element-4997f66a\" data-id=\"4997f66a\" data-element_type=\"column\" data-e-type=\"column\">\n\t\t\t<div class=\"elementor-widget-wrap elementor-element-populated\">\n\t\t\t\t\t\t<div class=\"elementor-element elementor-element-604c0420 din elementor-widget elementor-widget-heading\" data-id=\"604c0420\" data-element_type=\"widget\" data-e-type=\"widget\" data-widget_type=\"heading.default\">\n\t\t\t\t<div class=\"elementor-widget-container\">\n\t\t\t\t\t<h2 class=\"elementor-heading-title elementor-size-default\">Envasado primario<\/h2>\t\t\t\t<\/div>\n\t\t\t\t<\/div>\n\t\t\t\t\t<\/div>\n\t\t<\/div>\n\t\t\t\t\t<\/div>\n\t\t<\/section>\n\t\t\t\t<section class=\"elementor-section elementor-top-section elementor-element elementor-element-814e07d elementor-section-boxed elementor-section-height-default elementor-section-height-default\" data-id=\"814e07d\" data-element_type=\"section\" data-e-type=\"section\">\n\t\t\t\t\t\t<div class=\"elementor-container elementor-column-gap-default\">\n\t\t\t\t\t<div class=\"elementor-column elementor-col-50 elementor-top-column elementor-element elementor-element-b004f57\" data-id=\"b004f57\" data-element_type=\"column\" data-e-type=\"column\">\n\t\t\t<div class=\"elementor-widget-wrap elementor-element-populated\">\n\t\t\t\t\t\t<div class=\"elementor-element elementor-element-f88cd4f elementor-widget elementor-widget-text-editor\" data-id=\"f88cd4f\" data-element_type=\"widget\" data-e-type=\"widget\" data-widget_type=\"text-editor.default\">\n\t\t\t\t<div class=\"elementor-widget-container\">\n\t\t\t\t\t\t\t\t\t<p>Una vez que su producto final ya se ha producido, necesita envasarlo de la manera m\u00e1s r\u00e1pida y eficiente posible. \u00bfEnvasa los productos individualmente o juntos? \u00bfLos productos se tienen que envasar al natural, frescos o congelados? \u00bfEn una bolsa, en papel de aluminio, papel, l\u00e1mina de burbujas o en una caja?<\/p><p>\u00a0<\/p><p>Ofrecemos las soluciones adecuadas para su envasado primario. Desde cortadoras a soluciones para envasar con peque\u00f1as bolsas preformadas, con bolsas transparentes y para envasar manualmente. Bakepack suministra todas las m\u00e1quinas necesarias, desde m\u00e1quinas pick &amp; place (recoger y colocar) hasta m\u00e1quinas de alineaci\u00f3n y recuento.<\/p><p>\u00a0<\/p><p>Despu\u00e9s de envasar cada producto, o grupo de productos, nuestras soluciones personalizadas pueden colocar una etiqueta, un clip o un marca de tinta en cada envase. Incluso es posible a\u00f1adir controles adicionales del envase final. Piense en c\u00f3digos de seguimiento y en controles de calidad mediante el uso de soluciones visuales, detecci\u00f3n de metales y controles de rayos X.<\/p><p>\u00a0<\/p><p>Nuestras soluciones completas son exactamente lo que necesita para envasar sus productos. \u00bfQuiere obtener m\u00e1s informaci\u00f3n? \u00a1<a href=\"https:\/\/www.bakepackeols.com\/es\/contacto\/\">Contacte<\/a> con nosotros hoy mismo para obtener m\u00e1s informaci\u00f3n!<\/p>\t\t\t\t\t\t\t\t<\/div>\n\t\t\t\t<\/div>\n\t\t\t\t\t<\/div>\n\t\t<\/div>\n\t\t\t\t<div class=\"elementor-column elementor-col-50 elementor-top-column elementor-element elementor-element-34edb60\" data-id=\"34edb60\" data-element_type=\"column\" data-e-type=\"column\">\n\t\t\t<div class=\"elementor-widget-wrap\">\n\t\t\t\t\t\t\t<\/div>\n\t\t<\/div>\n\t\t\t\t\t<\/div>\n\t\t<\/section>\n\t\t\t\t<section class=\"elementor-section elementor-top-section elementor-element elementor-element-d077611 elementor-section-boxed elementor-section-height-default elementor-section-height-default\" data-id=\"d077611\" data-element_type=\"section\" data-e-type=\"section\">\n\t\t\t\t\t\t<div class=\"elementor-container elementor-column-gap-default\">\n\t\t\t\t\t<div class=\"elementor-column elementor-col-100 elementor-top-column elementor-element elementor-element-ad2a713\" data-id=\"ad2a713\" data-element_type=\"column\" data-e-type=\"column\">\n\t\t\t<div class=\"elementor-widget-wrap elementor-element-populated\">\n\t\t\t\t\t\t\t<\/div>\n\t\t<\/div>\n\t\t\t\t\t<\/div>\n\t\t<\/section>\n\t\t\t\t<section class=\"elementor-section elementor-top-section elementor-element elementor-element-4aa46cb elementor-section-boxed elementor-section-height-default elementor-section-height-default\" data-id=\"4aa46cb\" data-element_type=\"section\" data-e-type=\"section\">\n\t\t\t\t\t\t<div class=\"elementor-container elementor-column-gap-default\">\n\t\t\t\t\t<div class=\"elementor-column elementor-col-100 elementor-top-column elementor-element elementor-element-51585b2\" data-id=\"51585b2\" data-element_type=\"column\" data-e-type=\"column\">\n\t\t\t<div class=\"elementor-widget-wrap elementor-element-populated\">\n\t\t\t\t\t\t<div class=\"elementor-element elementor-element-6ec7d4e elementor-widget elementor-widget-spacer\" data-id=\"6ec7d4e\" data-element_type=\"widget\" data-e-type=\"widget\" data-widget_type=\"spacer.default\">\n\t\t\t\t<div class=\"elementor-widget-container\">\n\t\t\t\t\t\t\t<div class=\"elementor-spacer\">\n\t\t\t<div class=\"elementor-spacer-inner\"><\/div>\n\t\t<\/div>\n\t\t\t\t\t\t<\/div>\n\t\t\t\t<\/div>\n\t\t\t\t\t<\/div>\n\t\t<\/div>\n\t\t\t\t\t<\/div>\n\t\t<\/section>\n\t\t\t\t<\/div>\n\t\t","protected":false},"excerpt":{"rendered":"<p>Envasado primario Una vez que su producto final ya se ha producido, necesita envasarlo de la manera m\u00e1s r\u00e1pida y eficiente posible. \u00bfEnvasa los productos individualmente o juntos? \u00bfLos productos se tienen que envasar al natural, frescos o congelados? \u00bfEn una bolsa, en papel de&#8230;<\/p>\n","protected":false},"author":8,"featured_media":0,"parent":0,"menu_order":0,"comment_status":"closed","ping_status":"closed","template":"","meta":{"footnotes":""},"class_list":["post-1811","page","type-page","status-publish","hentry"],"yoast_head":"<!-- This site is optimized with the Yoast SEO Premium plugin v27.1 (Yoast SEO v27.2) - https:\/\/yoast.com\/product\/yoast-seo-premium-wordpress\/ -->\n<title>Envasado primario - BAKEPACK End Of Line Solutions<\/title>\n<meta name=\"robots\" content=\"index, follow, max-snippet:-1, max-image-preview:large, max-video-preview:-1\" \/>\n<link rel=\"canonical\" href=\"https:\/\/www.bakepackeols.com\/es\/envasado-primario\/\" \/>\n<meta property=\"og:locale\" content=\"es_ES\" \/>\n<meta property=\"og:type\" content=\"article\" \/>\n<meta property=\"og:title\" content=\"Envasado primario\" \/>\n<meta property=\"og:description\" content=\"Envasado primario Una vez que su producto final ya se ha producido, necesita envasarlo de la manera m\u00e1s r\u00e1pida y eficiente posible. \u00bfEnvasa los productos individualmente o juntos? \u00bfLos productos se tienen que envasar al natural, frescos o congelados? \u00bfEn una bolsa, en papel de...\" \/>\n<meta property=\"og:url\" content=\"https:\/\/www.bakepackeols.com\/es\/envasado-primario\/\" \/>\n<meta property=\"og:site_name\" content=\"BAKEPACK End Of Line Solutions\" \/>\n<meta property=\"article:modified_time\" content=\"2020-07-10T08:49:02+00:00\" \/>\n<meta name=\"twitter:card\" content=\"summary_large_image\" \/>\n<meta name=\"twitter:label1\" content=\"Tiempo de lectura\" \/>\n\t<meta name=\"twitter:data1\" content=\"1 minuto\" \/>\n<script type=\"application\/ld+json\" class=\"yoast-schema-graph\">{\"@context\":\"https:\/\/schema.org\",\"@graph\":[{\"@type\":\"WebPage\",\"@id\":\"https:\/\/www.bakepackeols.com\/es\/envasado-primario\/\",\"url\":\"https:\/\/www.bakepackeols.com\/es\/envasado-primario\/\",\"name\":\"Envasado primario - BAKEPACK End Of Line Solutions\",\"isPartOf\":{\"@id\":\"https:\/\/www.bakepackeols.com\/es\/#website\"},\"datePublished\":\"2020-06-25T08:53:00+00:00\",\"dateModified\":\"2020-07-10T08:49:02+00:00\",\"breadcrumb\":{\"@id\":\"https:\/\/www.bakepackeols.com\/es\/envasado-primario\/#breadcrumb\"},\"inLanguage\":\"es\",\"potentialAction\":[{\"@type\":\"ReadAction\",\"target\":[\"https:\/\/www.bakepackeols.com\/es\/envasado-primario\/\"]}]},{\"@type\":\"BreadcrumbList\",\"@id\":\"https:\/\/www.bakepackeols.com\/es\/envasado-primario\/#breadcrumb\",\"itemListElement\":[{\"@type\":\"ListItem\",\"position\":1,\"name\":\"Home\",\"item\":\"https:\/\/www.bakepackeols.com\/es\/\"},{\"@type\":\"ListItem\",\"position\":2,\"name\":\"Envasado primario\"}]},{\"@type\":\"WebSite\",\"@id\":\"https:\/\/www.bakepackeols.com\/es\/#website\",\"url\":\"https:\/\/www.bakepackeols.com\/es\/\",\"name\":\"BAKEPACK End Of Line Solutions\",\"description\":\"BAKEPACK End Of Line Solutions\",\"potentialAction\":[{\"@type\":\"SearchAction\",\"target\":{\"@type\":\"EntryPoint\",\"urlTemplate\":\"https:\/\/www.bakepackeols.com\/es\/?s={search_term_string}\"},\"query-input\":{\"@type\":\"PropertyValueSpecification\",\"valueRequired\":true,\"valueName\":\"search_term_string\"}}],\"inLanguage\":\"es\"}]}<\/script>\n<!-- \/ Yoast SEO Premium plugin. -->","yoast_head_json":{"title":"Envasado primario - BAKEPACK End Of Line Solutions","robots":{"index":"index","follow":"follow","max-snippet":"max-snippet:-1","max-image-preview":"max-image-preview:large","max-video-preview":"max-video-preview:-1"},"canonical":"https:\/\/www.bakepackeols.com\/es\/envasado-primario\/","og_locale":"es_ES","og_type":"article","og_title":"Envasado primario","og_description":"Envasado primario Una vez que su producto final ya se ha producido, necesita envasarlo de la manera m\u00e1s r\u00e1pida y eficiente posible. \u00bfEnvasa los productos individualmente o juntos? \u00bfLos productos se tienen que envasar al natural, frescos o congelados? \u00bfEn una bolsa, en papel de...","og_url":"https:\/\/www.bakepackeols.com\/es\/envasado-primario\/","og_site_name":"BAKEPACK End Of Line Solutions","article_modified_time":"2020-07-10T08:49:02+00:00","twitter_card":"summary_large_image","twitter_misc":{"Tiempo de lectura":"1 minuto"},"schema":{"@context":"https:\/\/schema.org","@graph":[{"@type":"WebPage","@id":"https:\/\/www.bakepackeols.com\/es\/envasado-primario\/","url":"https:\/\/www.bakepackeols.com\/es\/envasado-primario\/","name":"Envasado primario - BAKEPACK End Of Line Solutions","isPartOf":{"@id":"https:\/\/www.bakepackeols.com\/es\/#website"},"datePublished":"2020-06-25T08:53:00+00:00","dateModified":"2020-07-10T08:49:02+00:00","breadcrumb":{"@id":"https:\/\/www.bakepackeols.com\/es\/envasado-primario\/#breadcrumb"},"inLanguage":"es","potentialAction":[{"@type":"ReadAction","target":["https:\/\/www.bakepackeols.com\/es\/envasado-primario\/"]}]},{"@type":"BreadcrumbList","@id":"https:\/\/www.bakepackeols.com\/es\/envasado-primario\/#breadcrumb","itemListElement":[{"@type":"ListItem","position":1,"name":"Home","item":"https:\/\/www.bakepackeols.com\/es\/"},{"@type":"ListItem","position":2,"name":"Envasado primario"}]},{"@type":"WebSite","@id":"https:\/\/www.bakepackeols.com\/es\/#website","url":"https:\/\/www.bakepackeols.com\/es\/","name":"BAKEPACK End Of Line Solutions","description":"BAKEPACK End Of Line Solutions","potentialAction":[{"@type":"SearchAction","target":{"@type":"EntryPoint","urlTemplate":"https:\/\/www.bakepackeols.com\/es\/?s={search_term_string}"},"query-input":{"@type":"PropertyValueSpecification","valueRequired":true,"valueName":"search_term_string"}}],"inLanguage":"es"}]}},"_links":{"self":[{"href":"https:\/\/www.bakepackeols.com\/es\/wp-json\/wp\/v2\/pages\/1811","targetHints":{"allow":["GET"]}}],"collection":[{"href":"https:\/\/www.bakepackeols.com\/es\/wp-json\/wp\/v2\/pages"}],"about":[{"href":"https:\/\/www.bakepackeols.com\/es\/wp-json\/wp\/v2\/types\/page"}],"author":[{"embeddable":true,"href":"https:\/\/www.bakepackeols.com\/es\/wp-json\/wp\/v2\/users\/8"}],"replies":[{"embeddable":true,"href":"https:\/\/www.bakepackeols.com\/es\/wp-json\/wp\/v2\/comments?post=1811"}],"version-history":[{"count":0,"href":"https:\/\/www.bakepackeols.com\/es\/wp-json\/wp\/v2\/pages\/1811\/revisions"}],"wp:attachment":[{"href":"https:\/\/www.bakepackeols.com\/es\/wp-json\/wp\/v2\/media?parent=1811"}],"curies":[{"name":"wp","href":"https:\/\/api.w.org\/{rel}","templated":true}]}}