{"id":1820,"date":"2020-06-25T08:54:08","date_gmt":"2020-06-25T08:54:08","guid":{"rendered":"https:\/\/www.bakepackeols.com\/?page_id=1820"},"modified":"2020-07-10T08:51:08","modified_gmt":"2020-07-10T08:51:08","slug":"apilamiento-y-paletizacion","status":"publish","type":"page","link":"https:\/\/www.bakepackeols.com\/es\/apilamiento-y-paletizacion\/","title":{"rendered":"Apilamiento y paletizaci\u00f3n"},"content":{"rendered":"\t\t<div data-elementor-type=\"wp-page\" data-elementor-id=\"1820\" class=\"elementor elementor-1820\" data-elementor-post-type=\"page\">\n\t\t\t\t\t\t<section class=\"elementor-section elementor-top-section elementor-element elementor-element-3e8f610 elementor-section-boxed elementor-section-height-default elementor-section-height-default\" data-id=\"3e8f610\" data-element_type=\"section\" data-e-type=\"section\">\n\t\t\t\t\t\t<div class=\"elementor-container elementor-column-gap-default\">\n\t\t\t\t\t<div class=\"elementor-column elementor-col-100 elementor-top-column elementor-element elementor-element-4997f66a\" data-id=\"4997f66a\" data-element_type=\"column\" data-e-type=\"column\">\n\t\t\t<div class=\"elementor-widget-wrap elementor-element-populated\">\n\t\t\t\t\t\t<div class=\"elementor-element elementor-element-604c0420 din elementor-widget elementor-widget-heading\" data-id=\"604c0420\" data-element_type=\"widget\" data-e-type=\"widget\" data-widget_type=\"heading.default\">\n\t\t\t\t<div class=\"elementor-widget-container\">\n\t\t\t\t\t<h2 class=\"elementor-heading-title elementor-size-default\">Apilamiento y paletizaci\u00f3n<\/h2>\t\t\t\t<\/div>\n\t\t\t\t<\/div>\n\t\t\t\t\t<\/div>\n\t\t<\/div>\n\t\t\t\t\t<\/div>\n\t\t<\/section>\n\t\t\t\t<section class=\"elementor-section elementor-top-section elementor-element elementor-element-11db988 elementor-section-boxed elementor-section-height-default elementor-section-height-default\" data-id=\"11db988\" data-element_type=\"section\" data-e-type=\"section\">\n\t\t\t\t\t\t<div class=\"elementor-container elementor-column-gap-default\">\n\t\t\t\t\t<div class=\"elementor-column elementor-col-50 elementor-top-column elementor-element elementor-element-29ec205\" data-id=\"29ec205\" data-element_type=\"column\" data-e-type=\"column\">\n\t\t\t<div class=\"elementor-widget-wrap elementor-element-populated\">\n\t\t\t\t\t\t<div class=\"elementor-element elementor-element-d20d0c0 elementor-widget elementor-widget-text-editor\" data-id=\"d20d0c0\" data-element_type=\"widget\" data-e-type=\"widget\" data-widget_type=\"text-editor.default\">\n\t\t\t\t<div class=\"elementor-widget-container\">\n\t\t\t\t\t\t\t\t\t<p>La fase final de la producci\u00f3n es el apilamiento y la paletizaci\u00f3n. Ofrecemos una gama completa de m\u00e1quinas hechas a medida con las que puede envasar sus productos a granel y envi\u00e1rselos a sus clientes.<\/p><p>\u00a0<\/p><p>\u00bfPrefiere envasar sus productos en una caja o en un pal\u00e9? \u00bfCon un robot o manualmente? \u00bfSe tienen que colocar las cajas en un pal\u00e9 multicapa grande, mediano o peque\u00f1o, de madera o pl\u00e1stico? \u00bfLe gustar\u00eda cargar varios pal\u00e9s al mismo tiempo? Ofrecemos todas estas soluciones de m\u00e1quinas y mucho m\u00e1s! Analizamos sus necesidades de pal\u00e9s, tenemos en cuenta su producto y su proceso de producci\u00f3n y desarrollamos una soluci\u00f3n completa personalizada para el apilamiento y la paletizaci\u00f3n.<\/p><p>\u00a0<\/p><p>Pero vamos m\u00e1s all\u00e1 de las paletizadoras, porque hay que hacer mucho m\u00e1s antes de que sus productos lleguen a un pal\u00e9. Ofrecemos m\u00e1quinas que equipan sus pal\u00e9s cargados con una correa o con una envoltura estirable, junto con una etiqueta y capacidades de localizaci\u00f3n. Adem\u00e1s, tambi\u00e9n ofrecemos soluciones de manipulaci\u00f3n y transporte para pal\u00e9s y transportadores de productos para asegurar que sus productos lleguen a sus clientes de la manera m\u00e1s r\u00e1pida y eficiente posible.<\/p><p>\u00a0<\/p><p>\u00bfLe gustar\u00eda obtener informaci\u00f3n sobre nuestras soluciones? \u00a1<a href=\"https:\/\/www.bakepackeols.com\/es\/contacto\/\">Contacte<\/a> con nosotros hoy mismo para obtener m\u00e1s informaci\u00f3n!<\/p>\t\t\t\t\t\t\t\t<\/div>\n\t\t\t\t<\/div>\n\t\t\t\t\t<\/div>\n\t\t<\/div>\n\t\t\t\t<div class=\"elementor-column elementor-col-50 elementor-top-column elementor-element elementor-element-2b36042\" data-id=\"2b36042\" data-element_type=\"column\" data-e-type=\"column\">\n\t\t\t<div class=\"elementor-widget-wrap\">\n\t\t\t\t\t\t\t<\/div>\n\t\t<\/div>\n\t\t\t\t\t<\/div>\n\t\t<\/section>\n\t\t\t\t<section class=\"elementor-section elementor-top-section elementor-element elementor-element-fd03496 elementor-section-boxed elementor-section-height-default elementor-section-height-default\" data-id=\"fd03496\" data-element_type=\"section\" data-e-type=\"section\">\n\t\t\t\t\t\t<div class=\"elementor-container elementor-column-gap-default\">\n\t\t\t\t\t<div class=\"elementor-column elementor-col-100 elementor-top-column elementor-element elementor-element-f108d09\" data-id=\"f108d09\" data-element_type=\"column\" data-e-type=\"column\">\n\t\t\t<div class=\"elementor-widget-wrap elementor-element-populated\">\n\t\t\t\t\t\t\t<\/div>\n\t\t<\/div>\n\t\t\t\t\t<\/div>\n\t\t<\/section>\n\t\t\t\t<section class=\"elementor-section elementor-top-section elementor-element elementor-element-cbb9b59 elementor-section-boxed elementor-section-height-default elementor-section-height-default\" data-id=\"cbb9b59\" data-element_type=\"section\" data-e-type=\"section\">\n\t\t\t\t\t\t<div class=\"elementor-container elementor-column-gap-default\">\n\t\t\t\t\t<div class=\"elementor-column elementor-col-100 elementor-top-column elementor-element elementor-element-55daf76\" data-id=\"55daf76\" data-element_type=\"column\" data-e-type=\"column\">\n\t\t\t<div class=\"elementor-widget-wrap elementor-element-populated\">\n\t\t\t\t\t\t<div class=\"elementor-element elementor-element-8363023 elementor-widget elementor-widget-spacer\" data-id=\"8363023\" data-element_type=\"widget\" data-e-type=\"widget\" data-widget_type=\"spacer.default\">\n\t\t\t\t<div class=\"elementor-widget-container\">\n\t\t\t\t\t\t\t<div class=\"elementor-spacer\">\n\t\t\t<div class=\"elementor-spacer-inner\"><\/div>\n\t\t<\/div>\n\t\t\t\t\t\t<\/div>\n\t\t\t\t<\/div>\n\t\t\t\t\t<\/div>\n\t\t<\/div>\n\t\t\t\t\t<\/div>\n\t\t<\/section>\n\t\t\t\t<section class=\"elementor-section elementor-top-section elementor-element elementor-element-83347f2 elementor-section-boxed elementor-section-height-default elementor-section-height-default\" data-id=\"83347f2\" data-element_type=\"section\" data-e-type=\"section\">\n\t\t\t\t\t\t<div class=\"elementor-container elementor-column-gap-default\">\n\t\t\t\t\t<div class=\"elementor-column elementor-col-100 elementor-top-column elementor-element elementor-element-0e5b01c\" data-id=\"0e5b01c\" data-element_type=\"column\" data-e-type=\"column\">\n\t\t\t<div class=\"elementor-widget-wrap elementor-element-populated\">\n\t\t\t\t\t\t<div class=\"elementor-element elementor-element-47e4d59 elementor-widget elementor-widget-spacer\" data-id=\"47e4d59\" data-element_type=\"widget\" data-e-type=\"widget\" data-widget_type=\"spacer.default\">\n\t\t\t\t<div class=\"elementor-widget-container\">\n\t\t\t\t\t\t\t<div class=\"elementor-spacer\">\n\t\t\t<div class=\"elementor-spacer-inner\"><\/div>\n\t\t<\/div>\n\t\t\t\t\t\t<\/div>\n\t\t\t\t<\/div>\n\t\t\t\t\t<\/div>\n\t\t<\/div>\n\t\t\t\t\t<\/div>\n\t\t<\/section>\n\t\t\t\t<\/div>\n\t\t","protected":false},"excerpt":{"rendered":"<p>Apilamiento y paletizaci\u00f3n La fase final de la producci\u00f3n es el apilamiento y la paletizaci\u00f3n. Ofrecemos una gama completa de m\u00e1quinas hechas a medida con las que puede envasar sus productos a granel y envi\u00e1rselos a sus clientes. \u00a0 \u00bfPrefiere envasar sus productos en una&#8230;<\/p>\n","protected":false},"author":8,"featured_media":0,"parent":0,"menu_order":0,"comment_status":"closed","ping_status":"closed","template":"","meta":{"footnotes":""},"class_list":["post-1820","page","type-page","status-publish","hentry"],"yoast_head":"<!-- This site is optimized with the Yoast SEO Premium plugin v27.1 (Yoast SEO v27.2) - https:\/\/yoast.com\/product\/yoast-seo-premium-wordpress\/ -->\n<title>Apilamiento y paletizaci\u00f3n - BAKEPACK End Of Line Solutions<\/title>\n<meta name=\"robots\" content=\"index, follow, max-snippet:-1, max-image-preview:large, max-video-preview:-1\" \/>\n<link rel=\"canonical\" href=\"https:\/\/www.bakepackeols.com\/es\/apilamiento-y-paletizacion\/\" \/>\n<meta property=\"og:locale\" content=\"es_ES\" \/>\n<meta property=\"og:type\" content=\"article\" \/>\n<meta property=\"og:title\" content=\"Apilamiento y paletizaci\u00f3n\" \/>\n<meta property=\"og:description\" content=\"Apilamiento y paletizaci\u00f3n La fase final de la producci\u00f3n es el apilamiento y la paletizaci\u00f3n. Ofrecemos una gama completa de m\u00e1quinas hechas a medida con las que puede envasar sus productos a granel y envi\u00e1rselos a sus clientes. \u00a0 \u00bfPrefiere envasar sus productos en una...\" \/>\n<meta property=\"og:url\" content=\"https:\/\/www.bakepackeols.com\/es\/apilamiento-y-paletizacion\/\" \/>\n<meta property=\"og:site_name\" content=\"BAKEPACK End Of Line Solutions\" \/>\n<meta property=\"article:modified_time\" content=\"2020-07-10T08:51:08+00:00\" \/>\n<meta name=\"twitter:card\" content=\"summary_large_image\" \/>\n<meta name=\"twitter:label1\" content=\"Tiempo de lectura\" \/>\n\t<meta name=\"twitter:data1\" content=\"1 minuto\" \/>\n<script type=\"application\/ld+json\" class=\"yoast-schema-graph\">{\"@context\":\"https:\/\/schema.org\",\"@graph\":[{\"@type\":\"WebPage\",\"@id\":\"https:\/\/www.bakepackeols.com\/es\/apilamiento-y-paletizacion\/\",\"url\":\"https:\/\/www.bakepackeols.com\/es\/apilamiento-y-paletizacion\/\",\"name\":\"Apilamiento y paletizaci\u00f3n - BAKEPACK End Of Line Solutions\",\"isPartOf\":{\"@id\":\"https:\/\/www.bakepackeols.com\/es\/#website\"},\"datePublished\":\"2020-06-25T08:54:08+00:00\",\"dateModified\":\"2020-07-10T08:51:08+00:00\",\"breadcrumb\":{\"@id\":\"https:\/\/www.bakepackeols.com\/es\/apilamiento-y-paletizacion\/#breadcrumb\"},\"inLanguage\":\"es\",\"potentialAction\":[{\"@type\":\"ReadAction\",\"target\":[\"https:\/\/www.bakepackeols.com\/es\/apilamiento-y-paletizacion\/\"]}]},{\"@type\":\"BreadcrumbList\",\"@id\":\"https:\/\/www.bakepackeols.com\/es\/apilamiento-y-paletizacion\/#breadcrumb\",\"itemListElement\":[{\"@type\":\"ListItem\",\"position\":1,\"name\":\"Home\",\"item\":\"https:\/\/www.bakepackeols.com\/es\/\"},{\"@type\":\"ListItem\",\"position\":2,\"name\":\"Apilamiento y paletizaci\u00f3n\"}]},{\"@type\":\"WebSite\",\"@id\":\"https:\/\/www.bakepackeols.com\/es\/#website\",\"url\":\"https:\/\/www.bakepackeols.com\/es\/\",\"name\":\"BAKEPACK End Of Line Solutions\",\"description\":\"BAKEPACK End Of Line Solutions\",\"potentialAction\":[{\"@type\":\"SearchAction\",\"target\":{\"@type\":\"EntryPoint\",\"urlTemplate\":\"https:\/\/www.bakepackeols.com\/es\/?s={search_term_string}\"},\"query-input\":{\"@type\":\"PropertyValueSpecification\",\"valueRequired\":true,\"valueName\":\"search_term_string\"}}],\"inLanguage\":\"es\"}]}<\/script>\n<!-- \/ Yoast SEO Premium plugin. -->","yoast_head_json":{"title":"Apilamiento y paletizaci\u00f3n - BAKEPACK End Of Line Solutions","robots":{"index":"index","follow":"follow","max-snippet":"max-snippet:-1","max-image-preview":"max-image-preview:large","max-video-preview":"max-video-preview:-1"},"canonical":"https:\/\/www.bakepackeols.com\/es\/apilamiento-y-paletizacion\/","og_locale":"es_ES","og_type":"article","og_title":"Apilamiento y paletizaci\u00f3n","og_description":"Apilamiento y paletizaci\u00f3n La fase final de la producci\u00f3n es el apilamiento y la paletizaci\u00f3n. Ofrecemos una gama completa de m\u00e1quinas hechas a medida con las que puede envasar sus productos a granel y envi\u00e1rselos a sus clientes. \u00a0 \u00bfPrefiere envasar sus productos en una...","og_url":"https:\/\/www.bakepackeols.com\/es\/apilamiento-y-paletizacion\/","og_site_name":"BAKEPACK End Of Line Solutions","article_modified_time":"2020-07-10T08:51:08+00:00","twitter_card":"summary_large_image","twitter_misc":{"Tiempo de lectura":"1 minuto"},"schema":{"@context":"https:\/\/schema.org","@graph":[{"@type":"WebPage","@id":"https:\/\/www.bakepackeols.com\/es\/apilamiento-y-paletizacion\/","url":"https:\/\/www.bakepackeols.com\/es\/apilamiento-y-paletizacion\/","name":"Apilamiento y paletizaci\u00f3n - BAKEPACK End Of Line Solutions","isPartOf":{"@id":"https:\/\/www.bakepackeols.com\/es\/#website"},"datePublished":"2020-06-25T08:54:08+00:00","dateModified":"2020-07-10T08:51:08+00:00","breadcrumb":{"@id":"https:\/\/www.bakepackeols.com\/es\/apilamiento-y-paletizacion\/#breadcrumb"},"inLanguage":"es","potentialAction":[{"@type":"ReadAction","target":["https:\/\/www.bakepackeols.com\/es\/apilamiento-y-paletizacion\/"]}]},{"@type":"BreadcrumbList","@id":"https:\/\/www.bakepackeols.com\/es\/apilamiento-y-paletizacion\/#breadcrumb","itemListElement":[{"@type":"ListItem","position":1,"name":"Home","item":"https:\/\/www.bakepackeols.com\/es\/"},{"@type":"ListItem","position":2,"name":"Apilamiento y paletizaci\u00f3n"}]},{"@type":"WebSite","@id":"https:\/\/www.bakepackeols.com\/es\/#website","url":"https:\/\/www.bakepackeols.com\/es\/","name":"BAKEPACK End Of Line Solutions","description":"BAKEPACK End Of Line Solutions","potentialAction":[{"@type":"SearchAction","target":{"@type":"EntryPoint","urlTemplate":"https:\/\/www.bakepackeols.com\/es\/?s={search_term_string}"},"query-input":{"@type":"PropertyValueSpecification","valueRequired":true,"valueName":"search_term_string"}}],"inLanguage":"es"}]}},"_links":{"self":[{"href":"https:\/\/www.bakepackeols.com\/es\/wp-json\/wp\/v2\/pages\/1820","targetHints":{"allow":["GET"]}}],"collection":[{"href":"https:\/\/www.bakepackeols.com\/es\/wp-json\/wp\/v2\/pages"}],"about":[{"href":"https:\/\/www.bakepackeols.com\/es\/wp-json\/wp\/v2\/types\/page"}],"author":[{"embeddable":true,"href":"https:\/\/www.bakepackeols.com\/es\/wp-json\/wp\/v2\/users\/8"}],"replies":[{"embeddable":true,"href":"https:\/\/www.bakepackeols.com\/es\/wp-json\/wp\/v2\/comments?post=1820"}],"version-history":[{"count":0,"href":"https:\/\/www.bakepackeols.com\/es\/wp-json\/wp\/v2\/pages\/1820\/revisions"}],"wp:attachment":[{"href":"https:\/\/www.bakepackeols.com\/es\/wp-json\/wp\/v2\/media?parent=1820"}],"curies":[{"name":"wp","href":"https:\/\/api.w.org\/{rel}","templated":true}]}}