{"id":1844,"date":"2020-06-25T08:56:25","date_gmt":"2020-06-25T08:56:25","guid":{"rendered":"https:\/\/www.bakepackeols.com\/?page_id=1844"},"modified":"2020-07-10T08:41:10","modified_gmt":"2020-07-10T08:41:10","slug":"sus-productos","status":"publish","type":"page","link":"https:\/\/www.bakepackeols.com\/es\/sus-productos\/","title":{"rendered":"Sus productos"},"content":{"rendered":"\t\t<div data-elementor-type=\"wp-page\" data-elementor-id=\"1844\" class=\"elementor elementor-1844\" data-elementor-post-type=\"page\">\n\t\t\t\t\t\t<section class=\"elementor-section elementor-top-section elementor-element elementor-element-3e8f610 elementor-section-boxed elementor-section-height-default elementor-section-height-default\" data-id=\"3e8f610\" data-element_type=\"section\" data-e-type=\"section\">\n\t\t\t\t\t\t<div class=\"elementor-container elementor-column-gap-default\">\n\t\t\t\t\t<div class=\"elementor-column elementor-col-100 elementor-top-column elementor-element elementor-element-4997f66a\" data-id=\"4997f66a\" data-element_type=\"column\" data-e-type=\"column\">\n\t\t\t<div class=\"elementor-widget-wrap elementor-element-populated\">\n\t\t\t\t\t\t<div class=\"elementor-element elementor-element-604c0420 din elementor-widget elementor-widget-heading\" data-id=\"604c0420\" data-element_type=\"widget\" data-e-type=\"widget\" data-widget_type=\"heading.default\">\n\t\t\t\t<div class=\"elementor-widget-container\">\n\t\t\t\t\t<h2 class=\"elementor-heading-title elementor-size-default\">Sus productos<\/h2>\t\t\t\t<\/div>\n\t\t\t\t<\/div>\n\t\t\t\t\t<\/div>\n\t\t<\/div>\n\t\t\t\t\t<\/div>\n\t\t<\/section>\n\t\t\t\t<section class=\"elementor-section elementor-top-section elementor-element elementor-element-76afa91 elementor-section-boxed elementor-section-height-default elementor-section-height-default\" data-id=\"76afa91\" data-element_type=\"section\" data-e-type=\"section\">\n\t\t\t\t\t\t<div class=\"elementor-container elementor-column-gap-default\">\n\t\t\t\t\t<div class=\"elementor-column elementor-col-25 elementor-top-column elementor-element elementor-element-221976a\" data-id=\"221976a\" data-element_type=\"column\" data-e-type=\"column\">\n\t\t\t<div class=\"elementor-widget-wrap elementor-element-populated\">\n\t\t\t\t\t\t<div class=\"elementor-element elementor-element-54b5ff0 din elementor-widget elementor-widget-heading\" data-id=\"54b5ff0\" data-element_type=\"widget\" data-e-type=\"widget\" data-widget_type=\"heading.default\">\n\t\t\t\t<div class=\"elementor-widget-container\">\n\t\t\t\t\t<h2 class=\"elementor-heading-title elementor-size-default\">Dough<\/h2>\t\t\t\t<\/div>\n\t\t\t\t<\/div>\n\t\t\t\t\t<\/div>\n\t\t<\/div>\n\t\t\t\t<div class=\"elementor-column elementor-col-25 elementor-top-column elementor-element elementor-element-d6f6fd0\" data-id=\"d6f6fd0\" data-element_type=\"column\" data-e-type=\"column\">\n\t\t\t<div class=\"elementor-widget-wrap elementor-element-populated\">\n\t\t\t\t\t\t<div class=\"elementor-element elementor-element-e8707e4 din elementor-widget elementor-widget-heading\" data-id=\"e8707e4\" data-element_type=\"widget\" data-e-type=\"widget\" data-widget_type=\"heading.default\">\n\t\t\t\t<div class=\"elementor-widget-container\">\n\t\t\t\t\t<h2 class=\"elementor-heading-title elementor-size-default\">Bake-off<\/h2>\t\t\t\t<\/div>\n\t\t\t\t<\/div>\n\t\t\t\t\t<\/div>\n\t\t<\/div>\n\t\t\t\t<div class=\"elementor-column elementor-col-25 elementor-top-column elementor-element elementor-element-e77ca02\" data-id=\"e77ca02\" data-element_type=\"column\" data-e-type=\"column\">\n\t\t\t<div class=\"elementor-widget-wrap elementor-element-populated\">\n\t\t\t\t\t\t<div class=\"elementor-element elementor-element-e8cef7c din elementor-widget elementor-widget-heading\" data-id=\"e8cef7c\" data-element_type=\"widget\" data-e-type=\"widget\" data-widget_type=\"heading.default\">\n\t\t\t\t<div class=\"elementor-widget-container\">\n\t\t\t\t\t<h2 class=\"elementor-heading-title elementor-size-default\">Baked<\/h2>\t\t\t\t<\/div>\n\t\t\t\t<\/div>\n\t\t\t\t\t<\/div>\n\t\t<\/div>\n\t\t\t\t<div class=\"elementor-column elementor-col-25 elementor-top-column elementor-element elementor-element-a753bf2\" data-id=\"a753bf2\" data-element_type=\"column\" data-e-type=\"column\">\n\t\t\t<div class=\"elementor-widget-wrap elementor-element-populated\">\n\t\t\t\t\t\t<div class=\"elementor-element elementor-element-7ab0318 din elementor-widget elementor-widget-heading\" data-id=\"7ab0318\" data-element_type=\"widget\" data-e-type=\"widget\" data-widget_type=\"heading.default\">\n\t\t\t\t<div class=\"elementor-widget-container\">\n\t\t\t\t\t<h2 class=\"elementor-heading-title elementor-size-default\">Long shelf-life<\/h2>\t\t\t\t<\/div>\n\t\t\t\t<\/div>\n\t\t\t\t\t<\/div>\n\t\t<\/div>\n\t\t\t\t\t<\/div>\n\t\t<\/section>\n\t\t\t\t<section class=\"elementor-section elementor-top-section elementor-element elementor-element-a97ceb5 elementor-section-boxed elementor-section-height-default elementor-section-height-default\" data-id=\"a97ceb5\" data-element_type=\"section\" data-e-type=\"section\">\n\t\t\t\t\t\t<div class=\"elementor-container elementor-column-gap-default\">\n\t\t\t\t\t<div class=\"elementor-column elementor-col-100 elementor-top-column elementor-element elementor-element-b961cb5\" data-id=\"b961cb5\" data-element_type=\"column\" data-e-type=\"column\">\n\t\t\t<div class=\"elementor-widget-wrap elementor-element-populated\">\n\t\t\t\t\t\t<div class=\"elementor-element elementor-element-42165d4 elementor-widget elementor-widget-spacer\" data-id=\"42165d4\" data-element_type=\"widget\" data-e-type=\"widget\" data-widget_type=\"spacer.default\">\n\t\t\t\t<div class=\"elementor-widget-container\">\n\t\t\t\t\t\t\t<div class=\"elementor-spacer\">\n\t\t\t<div class=\"elementor-spacer-inner\"><\/div>\n\t\t<\/div>\n\t\t\t\t\t\t<\/div>\n\t\t\t\t<\/div>\n\t\t\t\t<div class=\"elementor-element elementor-element-2ca87c7 elementor-widget elementor-widget-text-editor\" data-id=\"2ca87c7\" data-element_type=\"widget\" data-e-type=\"widget\" data-widget_type=\"text-editor.default\">\n\t\t\t\t<div class=\"elementor-widget-container\">\n\t\t\t\t\t\t\t\t\t<p>Bakepack End of Line Solutions, parte de Verhoeven Bakery Equipment Family, ofrece soluciones a medida con las que podr\u00e1 realizar el envasado de sus productos de final de l\u00ednea sin ning\u00fan problema. Da igual que se trate de productos de masa fresca, de productos semihorneados, de productos horneados, o de productos frescos o congelados con una larga vida \u00fatil. Dise\u00f1amos y desarrollamos diferentes l\u00edneas de envasado para sus productos, que se adaptan perfectamente a su l\u00ednea de producci\u00f3n.<\/p><p>Trabajamos con diferentes tipos de productos y podemos proporcionar diferentes tipos de procesos. La diferencia en las etapas del proceso depende de factores como las condiciones ambientales, la velocidad, la vulnerabilidad del producto y el n\u00famero de productos. Bakepack le puede proporcionar todos sus deseos y necesidades para el envasado final.<\/p><p>\u00a0<\/p><p>En Bakepack nos centramos plenamente en el desarrollo de las soluciones a medida m\u00e1s eficientes, para que sus actividades de envasado al final de la l\u00ednea se desarrollen de la manera m\u00e1s eficaz posible. De esta manera podr\u00e1 concentrarse en su gama de productos, en la producci\u00f3n y en la calidad de su panader\u00eda.<\/p>\t\t\t\t\t\t\t\t<\/div>\n\t\t\t\t<\/div>\n\t\t\t\t\t<\/div>\n\t\t<\/div>\n\t\t\t\t\t<\/div>\n\t\t<\/section>\n\t\t\t\t<section class=\"elementor-section elementor-top-section elementor-element elementor-element-a759bdd elementor-section-boxed elementor-section-height-default elementor-section-height-default\" data-id=\"a759bdd\" data-element_type=\"section\" data-e-type=\"section\">\n\t\t\t\t\t\t<div class=\"elementor-container elementor-column-gap-default\">\n\t\t\t\t\t<div class=\"elementor-column elementor-col-100 elementor-top-column elementor-element elementor-element-622370e\" data-id=\"622370e\" data-element_type=\"column\" data-e-type=\"column\">\n\t\t\t<div class=\"elementor-widget-wrap elementor-element-populated\">\n\t\t\t\t\t\t<div class=\"elementor-element elementor-element-71c4ef6 elementor-widget elementor-widget-spacer\" data-id=\"71c4ef6\" data-element_type=\"widget\" data-e-type=\"widget\" data-widget_type=\"spacer.default\">\n\t\t\t\t<div class=\"elementor-widget-container\">\n\t\t\t\t\t\t\t<div class=\"elementor-spacer\">\n\t\t\t<div class=\"elementor-spacer-inner\"><\/div>\n\t\t<\/div>\n\t\t\t\t\t\t<\/div>\n\t\t\t\t<\/div>\n\t\t\t\t\t<\/div>\n\t\t<\/div>\n\t\t\t\t\t<\/div>\n\t\t<\/section>\n\t\t\t\t<\/div>\n\t\t","protected":false},"excerpt":{"rendered":"<p>Sus productos Dough Bake-off Baked Long shelf-life Bakepack End of Line Solutions, parte de Verhoeven Bakery Equipment Family, ofrece soluciones a medida con las que podr\u00e1 realizar el envasado de sus productos de final de l\u00ednea sin ning\u00fan problema. Da igual que se trate de&#8230;<\/p>\n","protected":false},"author":8,"featured_media":0,"parent":0,"menu_order":0,"comment_status":"closed","ping_status":"closed","template":"","meta":{"footnotes":""},"class_list":["post-1844","page","type-page","status-publish","hentry"],"yoast_head":"<!-- This site is optimized with the Yoast SEO Premium plugin v27.1 (Yoast SEO v27.2) - https:\/\/yoast.com\/product\/yoast-seo-premium-wordpress\/ -->\n<title>Sus productos - BAKEPACK End Of Line Solutions<\/title>\n<meta name=\"robots\" content=\"index, follow, max-snippet:-1, max-image-preview:large, max-video-preview:-1\" \/>\n<link rel=\"canonical\" href=\"https:\/\/www.bakepackeols.com\/es\/sus-productos\/\" \/>\n<meta property=\"og:locale\" content=\"es_ES\" \/>\n<meta property=\"og:type\" content=\"article\" \/>\n<meta property=\"og:title\" content=\"Sus productos\" \/>\n<meta property=\"og:description\" content=\"Sus productos Dough Bake-off Baked Long shelf-life Bakepack End of Line Solutions, parte de Verhoeven Bakery Equipment Family, ofrece soluciones a medida con las que podr\u00e1 realizar el envasado de sus productos de final de l\u00ednea sin ning\u00fan problema. Da igual que se trate de...\" \/>\n<meta property=\"og:url\" content=\"https:\/\/www.bakepackeols.com\/es\/sus-productos\/\" \/>\n<meta property=\"og:site_name\" content=\"BAKEPACK End Of Line Solutions\" \/>\n<meta property=\"article:modified_time\" content=\"2020-07-10T08:41:10+00:00\" \/>\n<meta name=\"twitter:card\" content=\"summary_large_image\" \/>\n<meta name=\"twitter:label1\" content=\"Tiempo de lectura\" \/>\n\t<meta name=\"twitter:data1\" content=\"1 minuto\" \/>\n<script type=\"application\/ld+json\" class=\"yoast-schema-graph\">{\"@context\":\"https:\/\/schema.org\",\"@graph\":[{\"@type\":\"WebPage\",\"@id\":\"https:\/\/www.bakepackeols.com\/es\/sus-productos\/\",\"url\":\"https:\/\/www.bakepackeols.com\/es\/sus-productos\/\",\"name\":\"Sus productos - BAKEPACK End Of Line Solutions\",\"isPartOf\":{\"@id\":\"https:\/\/www.bakepackeols.com\/es\/#website\"},\"datePublished\":\"2020-06-25T08:56:25+00:00\",\"dateModified\":\"2020-07-10T08:41:10+00:00\",\"breadcrumb\":{\"@id\":\"https:\/\/www.bakepackeols.com\/es\/sus-productos\/#breadcrumb\"},\"inLanguage\":\"es\",\"potentialAction\":[{\"@type\":\"ReadAction\",\"target\":[\"https:\/\/www.bakepackeols.com\/es\/sus-productos\/\"]}]},{\"@type\":\"BreadcrumbList\",\"@id\":\"https:\/\/www.bakepackeols.com\/es\/sus-productos\/#breadcrumb\",\"itemListElement\":[{\"@type\":\"ListItem\",\"position\":1,\"name\":\"Home\",\"item\":\"https:\/\/www.bakepackeols.com\/es\/\"},{\"@type\":\"ListItem\",\"position\":2,\"name\":\"Sus productos\"}]},{\"@type\":\"WebSite\",\"@id\":\"https:\/\/www.bakepackeols.com\/es\/#website\",\"url\":\"https:\/\/www.bakepackeols.com\/es\/\",\"name\":\"BAKEPACK End Of Line Solutions\",\"description\":\"BAKEPACK End Of Line Solutions\",\"potentialAction\":[{\"@type\":\"SearchAction\",\"target\":{\"@type\":\"EntryPoint\",\"urlTemplate\":\"https:\/\/www.bakepackeols.com\/es\/?s={search_term_string}\"},\"query-input\":{\"@type\":\"PropertyValueSpecification\",\"valueRequired\":true,\"valueName\":\"search_term_string\"}}],\"inLanguage\":\"es\"}]}<\/script>\n<!-- \/ Yoast SEO Premium plugin. -->","yoast_head_json":{"title":"Sus productos - BAKEPACK End Of Line Solutions","robots":{"index":"index","follow":"follow","max-snippet":"max-snippet:-1","max-image-preview":"max-image-preview:large","max-video-preview":"max-video-preview:-1"},"canonical":"https:\/\/www.bakepackeols.com\/es\/sus-productos\/","og_locale":"es_ES","og_type":"article","og_title":"Sus productos","og_description":"Sus productos Dough Bake-off Baked Long shelf-life Bakepack End of Line Solutions, parte de Verhoeven Bakery Equipment Family, ofrece soluciones a medida con las que podr\u00e1 realizar el envasado de sus productos de final de l\u00ednea sin ning\u00fan problema. Da igual que se trate de...","og_url":"https:\/\/www.bakepackeols.com\/es\/sus-productos\/","og_site_name":"BAKEPACK End Of Line Solutions","article_modified_time":"2020-07-10T08:41:10+00:00","twitter_card":"summary_large_image","twitter_misc":{"Tiempo de lectura":"1 minuto"},"schema":{"@context":"https:\/\/schema.org","@graph":[{"@type":"WebPage","@id":"https:\/\/www.bakepackeols.com\/es\/sus-productos\/","url":"https:\/\/www.bakepackeols.com\/es\/sus-productos\/","name":"Sus productos - BAKEPACK End Of Line Solutions","isPartOf":{"@id":"https:\/\/www.bakepackeols.com\/es\/#website"},"datePublished":"2020-06-25T08:56:25+00:00","dateModified":"2020-07-10T08:41:10+00:00","breadcrumb":{"@id":"https:\/\/www.bakepackeols.com\/es\/sus-productos\/#breadcrumb"},"inLanguage":"es","potentialAction":[{"@type":"ReadAction","target":["https:\/\/www.bakepackeols.com\/es\/sus-productos\/"]}]},{"@type":"BreadcrumbList","@id":"https:\/\/www.bakepackeols.com\/es\/sus-productos\/#breadcrumb","itemListElement":[{"@type":"ListItem","position":1,"name":"Home","item":"https:\/\/www.bakepackeols.com\/es\/"},{"@type":"ListItem","position":2,"name":"Sus productos"}]},{"@type":"WebSite","@id":"https:\/\/www.bakepackeols.com\/es\/#website","url":"https:\/\/www.bakepackeols.com\/es\/","name":"BAKEPACK End Of Line Solutions","description":"BAKEPACK End Of Line Solutions","potentialAction":[{"@type":"SearchAction","target":{"@type":"EntryPoint","urlTemplate":"https:\/\/www.bakepackeols.com\/es\/?s={search_term_string}"},"query-input":{"@type":"PropertyValueSpecification","valueRequired":true,"valueName":"search_term_string"}}],"inLanguage":"es"}]}},"_links":{"self":[{"href":"https:\/\/www.bakepackeols.com\/es\/wp-json\/wp\/v2\/pages\/1844","targetHints":{"allow":["GET"]}}],"collection":[{"href":"https:\/\/www.bakepackeols.com\/es\/wp-json\/wp\/v2\/pages"}],"about":[{"href":"https:\/\/www.bakepackeols.com\/es\/wp-json\/wp\/v2\/types\/page"}],"author":[{"embeddable":true,"href":"https:\/\/www.bakepackeols.com\/es\/wp-json\/wp\/v2\/users\/8"}],"replies":[{"embeddable":true,"href":"https:\/\/www.bakepackeols.com\/es\/wp-json\/wp\/v2\/comments?post=1844"}],"version-history":[{"count":0,"href":"https:\/\/www.bakepackeols.com\/es\/wp-json\/wp\/v2\/pages\/1844\/revisions"}],"wp:attachment":[{"href":"https:\/\/www.bakepackeols.com\/es\/wp-json\/wp\/v2\/media?parent=1844"}],"curies":[{"name":"wp","href":"https:\/\/api.w.org\/{rel}","templated":true}]}}