{"id":1830,"date":"2020-06-25T08:55:04","date_gmt":"2020-06-25T08:55:04","guid":{"rendered":"https:\/\/www.bakepackeols.com\/?page_id=1830"},"modified":"2020-06-26T08:13:03","modified_gmt":"2020-06-26T08:13:03","slug":"systeemintegratie","status":"publish","type":"page","link":"https:\/\/www.bakepackeols.com\/nl\/systeemintegratie\/","title":{"rendered":"Systeemintegratie"},"content":{"rendered":"\t\t<div data-elementor-type=\"wp-page\" data-elementor-id=\"1830\" class=\"elementor elementor-1830\" data-elementor-post-type=\"page\">\n\t\t\t\t\t\t<section class=\"elementor-section elementor-top-section elementor-element elementor-element-7dd2e433 elementor-section-boxed elementor-section-height-default elementor-section-height-default\" data-id=\"7dd2e433\" data-element_type=\"section\" data-e-type=\"section\">\n\t\t\t\t\t\t<div class=\"elementor-container elementor-column-gap-default\">\n\t\t\t\t\t<div class=\"elementor-column elementor-col-100 elementor-top-column elementor-element elementor-element-d346eab\" data-id=\"d346eab\" data-element_type=\"column\" data-e-type=\"column\">\n\t\t\t<div class=\"elementor-widget-wrap elementor-element-populated\">\n\t\t\t\t\t\t<div class=\"elementor-element elementor-element-ca13ab1 din elementor-widget elementor-widget-heading\" data-id=\"ca13ab1\" data-element_type=\"widget\" data-e-type=\"widget\" data-widget_type=\"heading.default\">\n\t\t\t\t<div class=\"elementor-widget-container\">\n\t\t\t\t\t<h2 class=\"elementor-heading-title elementor-size-default\">Systeemintegratie<\/h2>\t\t\t\t<\/div>\n\t\t\t\t<\/div>\n\t\t\t\t\t<\/div>\n\t\t<\/div>\n\t\t\t\t\t<\/div>\n\t\t<\/section>\n\t\t\t\t<section class=\"elementor-section elementor-top-section elementor-element elementor-element-eece1ed elementor-section-boxed elementor-section-height-default elementor-section-height-default\" data-id=\"eece1ed\" data-element_type=\"section\" data-e-type=\"section\">\n\t\t\t\t\t\t<div class=\"elementor-container elementor-column-gap-default\">\n\t\t\t\t\t<div class=\"elementor-column elementor-col-50 elementor-top-column elementor-element elementor-element-bd79b5d\" data-id=\"bd79b5d\" data-element_type=\"column\" data-e-type=\"column\">\n\t\t\t<div class=\"elementor-widget-wrap elementor-element-populated\">\n\t\t\t\t\t\t<div class=\"elementor-element elementor-element-80abbb5 elementor-widget elementor-widget-text-editor\" data-id=\"80abbb5\" data-element_type=\"widget\" data-e-type=\"widget\" data-widget_type=\"text-editor.default\">\n\t\t\t\t<div class=\"elementor-widget-container\">\n\t\t\t\t\t\t\t\t\t<p>Bakepack End of Line Solutions biedt volledige systeemintegratie voor verpakkingslijnen in de broodindustrie. Onze oplossingen zijn maatwerk en voldoen aan de specifieke vereisten die u stelt aan uw product en productieproces. Daarnaast bieden we effectief projectbeheer voor, tijdens en na het bouwproces.<\/p><p>\u00a0<\/p><p>Ge\u00efntegreerde verpakkingslijnen kunnen u technische en financi\u00eble voordelen bieden. Bij Bakepack werken we met u samen, om het volledige potentieel van uw industri\u00eble bakkerij te benutten. Wij zijn een onafhankelijke organisatie, dit zorgt ervoor dat wij met alle leveranciers kunnen werken. Bakepack integreert A-merk machines die nodig zijn voor het hoogwaardig verpakken van uw broodproducten. Als we onder de A-merken niet kunnen vinden wat we zoeken, dan ontwerpen en produceren we dit component in onze eigen fabriek, zodat uw lijn een succes wordt.<\/p><p>\u00a0<\/p><p>Voor volledige systeemintegratie is diepgaande kennis van en inzicht in product handling binnen de bakkerij-industrie nodig. Binnen de <a href=\"https:\/\/www.verhoevenfamily.com\/about-us-mhf\/\" target=\"_blank\" rel=\"noopener\">Verhoeven Material Handling Family<\/a> hebben we al meer dan 50 jaar kennis op het gebied van machine handling. Daarnaast hebben we 20 jaar ervaring opgedaan in de bakkerij-industrie binnen de <a href=\"https:\/\/www.verhoevenfamily.com\/about-us-bef\/\" target=\"_blank\" rel=\"noopener\">Verhoeven Bakery Equipment Family<\/a>. Bakepack biedt u een totaaloplossing, die kan bestaan uit primair verpakken, secundair verpakken en\/of stapelen\/palletiseren. Iedere oplossing wordt aangepast aan uw specificaties en werkt als \u00e9\u00e9n systeem.<\/p><p>\u00a0<\/p><p>Bakepack End of Line Solutions is opgericht om waarde toe te voegen aan uw proces <em>en<\/em> product. \u00a0Daarnaast besparen we u tijd, ruimte en geld. Wij blijven deze traditie voortzetten met een praktische aanpak en een progressieve, innovatieve instelling. Wilt u ontdekken hoe Bakepack End of Line Solutions uw industri\u00eble productieproces kan verbeteren? Neem vandaag nog <a href=\"https:\/\/www.bakepackeols.com\/nl\/contact\/\">contact<\/a> met ons op voor meer informatie.<\/p><p>\u00a0<\/p>\t\t\t\t\t\t\t\t<\/div>\n\t\t\t\t<\/div>\n\t\t\t\t\t<\/div>\n\t\t<\/div>\n\t\t\t\t<div class=\"elementor-column elementor-col-50 elementor-top-column elementor-element elementor-element-927ca18 elementor-hidden-phone\" data-id=\"927ca18\" data-element_type=\"column\" data-e-type=\"column\">\n\t\t\t<div class=\"elementor-widget-wrap elementor-element-populated\">\n\t\t\t\t\t\t<div class=\"elementor-element elementor-element-850c2ef elementor-widget elementor-widget-image\" data-id=\"850c2ef\" data-element_type=\"widget\" data-e-type=\"widget\" data-widget_type=\"image.default\">\n\t\t\t\t<div class=\"elementor-widget-container\">\n\t\t\t\t\t\t\t\t\t\t\t\t\t\t\t<img fetchpriority=\"high\" decoding=\"async\" width=\"1024\" height=\"683\" src=\"https:\/\/www.bakepackeols.com\/wp-content\/uploads\/2020\/03\/Verpakking_lijn_Bakepack_13-1-1024x683.jpg\" class=\"attachment-large size-large wp-image-2237\" alt=\"Integrated packaging line\" srcset=\"https:\/\/www.bakepackeols.com\/wp-content\/uploads\/2020\/03\/Verpakking_lijn_Bakepack_13-1-1024x683.jpg 1024w, https:\/\/www.bakepackeols.com\/wp-content\/uploads\/2020\/03\/Verpakking_lijn_Bakepack_13-1-300x200.jpg 300w, https:\/\/www.bakepackeols.com\/wp-content\/uploads\/2020\/03\/Verpakking_lijn_Bakepack_13-1-768x512.jpg 768w, https:\/\/www.bakepackeols.com\/wp-content\/uploads\/2020\/03\/Verpakking_lijn_Bakepack_13-1-700x467.jpg 700w, https:\/\/www.bakepackeols.com\/wp-content\/uploads\/2020\/03\/Verpakking_lijn_Bakepack_13-1.jpg 1400w\" sizes=\"(max-width: 1024px) 100vw, 1024px\" \/>\t\t\t\t\t\t\t\t\t\t\t\t\t\t\t<\/div>\n\t\t\t\t<\/div>\n\t\t\t\t\t<\/div>\n\t\t<\/div>\n\t\t\t\t\t<\/div>\n\t\t<\/section>\n\t\t\t\t<section class=\"elementor-section elementor-top-section elementor-element elementor-element-a03db49 elementor-section-boxed elementor-section-height-default elementor-section-height-default\" data-id=\"a03db49\" data-element_type=\"section\" data-e-type=\"section\">\n\t\t\t\t\t\t<div class=\"elementor-container elementor-column-gap-default\">\n\t\t\t\t\t<div class=\"elementor-column elementor-col-100 elementor-top-column elementor-element elementor-element-a66ebad\" data-id=\"a66ebad\" data-element_type=\"column\" data-e-type=\"column\">\n\t\t\t<div class=\"elementor-widget-wrap elementor-element-populated\">\n\t\t\t\t\t\t<div class=\"elementor-element elementor-element-411e988 elementor-widget elementor-widget-spacer\" data-id=\"411e988\" data-element_type=\"widget\" data-e-type=\"widget\" data-widget_type=\"spacer.default\">\n\t\t\t\t<div class=\"elementor-widget-container\">\n\t\t\t\t\t\t\t<div class=\"elementor-spacer\">\n\t\t\t<div class=\"elementor-spacer-inner\"><\/div>\n\t\t<\/div>\n\t\t\t\t\t\t<\/div>\n\t\t\t\t<\/div>\n\t\t\t\t\t<\/div>\n\t\t<\/div>\n\t\t\t\t\t<\/div>\n\t\t<\/section>\n\t\t\t\t<section class=\"elementor-section elementor-top-section elementor-element elementor-element-4bd919c elementor-section-boxed elementor-section-height-default elementor-section-height-default\" data-id=\"4bd919c\" data-element_type=\"section\" data-e-type=\"section\">\n\t\t\t\t\t\t<div class=\"elementor-container elementor-column-gap-default\">\n\t\t\t\t\t<div class=\"elementor-column elementor-col-100 elementor-top-column elementor-element elementor-element-8d8a796\" data-id=\"8d8a796\" data-element_type=\"column\" data-e-type=\"column\">\n\t\t\t<div class=\"elementor-widget-wrap elementor-element-populated\">\n\t\t\t\t\t\t\t<\/div>\n\t\t<\/div>\n\t\t\t\t\t<\/div>\n\t\t<\/section>\n\t\t\t\t<section class=\"elementor-section elementor-top-section elementor-element elementor-element-4ae48fd elementor-section-boxed elementor-section-height-default elementor-section-height-default\" data-id=\"4ae48fd\" data-element_type=\"section\" data-e-type=\"section\">\n\t\t\t\t\t\t<div class=\"elementor-container elementor-column-gap-default\">\n\t\t\t\t\t<div class=\"elementor-column elementor-col-100 elementor-top-column elementor-element elementor-element-8cc2dcb\" data-id=\"8cc2dcb\" data-element_type=\"column\" data-e-type=\"column\">\n\t\t\t<div class=\"elementor-widget-wrap elementor-element-populated\">\n\t\t\t\t\t\t<div class=\"elementor-element elementor-element-78360f7 elementor-widget elementor-widget-spacer\" data-id=\"78360f7\" data-element_type=\"widget\" data-e-type=\"widget\" data-widget_type=\"spacer.default\">\n\t\t\t\t<div class=\"elementor-widget-container\">\n\t\t\t\t\t\t\t<div class=\"elementor-spacer\">\n\t\t\t<div class=\"elementor-spacer-inner\"><\/div>\n\t\t<\/div>\n\t\t\t\t\t\t<\/div>\n\t\t\t\t<\/div>\n\t\t\t\t\t<\/div>\n\t\t<\/div>\n\t\t\t\t\t<\/div>\n\t\t<\/section>\n\t\t\t\t<\/div>\n\t\t","protected":false},"excerpt":{"rendered":"<p>Systeemintegratie Bakepack End of Line Solutions biedt volledige systeemintegratie voor verpakkingslijnen in de broodindustrie. Onze oplossingen zijn maatwerk en voldoen aan de specifieke vereisten die u stelt aan uw product en productieproces. Daarnaast bieden we effectief projectbeheer voor, tijdens en na het bouwproces. \u00a0 Ge\u00efntegreerde&#8230;<\/p>\n","protected":false},"author":8,"featured_media":0,"parent":0,"menu_order":0,"comment_status":"closed","ping_status":"closed","template":"","meta":{"footnotes":""},"class_list":["post-1830","page","type-page","status-publish","hentry"],"yoast_head":"<!-- This site is optimized with the Yoast SEO Premium plugin v27.1 (Yoast SEO v27.2) - https:\/\/yoast.com\/product\/yoast-seo-premium-wordpress\/ -->\n<title>Systeemintegratie - BAKEPACK End Of Line Solutions<\/title>\n<meta name=\"robots\" content=\"index, follow, max-snippet:-1, max-image-preview:large, max-video-preview:-1\" \/>\n<link rel=\"canonical\" href=\"https:\/\/www.bakepackeols.com\/nl\/systeemintegratie\/\" \/>\n<meta property=\"og:locale\" content=\"nl_NL\" \/>\n<meta property=\"og:type\" content=\"article\" \/>\n<meta property=\"og:title\" content=\"Systeemintegratie\" \/>\n<meta property=\"og:description\" content=\"Systeemintegratie Bakepack End of Line Solutions biedt volledige systeemintegratie voor verpakkingslijnen in de broodindustrie. Onze oplossingen zijn maatwerk en voldoen aan de specifieke vereisten die u stelt aan uw product en productieproces. Daarnaast bieden we effectief projectbeheer voor, tijdens en na het bouwproces. \u00a0 Ge\u00efntegreerde...\" \/>\n<meta property=\"og:url\" content=\"https:\/\/www.bakepackeols.com\/nl\/systeemintegratie\/\" \/>\n<meta property=\"og:site_name\" content=\"BAKEPACK End Of Line Solutions\" \/>\n<meta property=\"article:modified_time\" content=\"2020-06-26T08:13:03+00:00\" \/>\n<meta property=\"og:image\" content=\"https:\/\/www.bakepackeols.com\/wp-content\/uploads\/2020\/03\/Verpakking_lijn_Bakepack_13-1-1024x683.jpg\" \/>\n<meta name=\"twitter:card\" content=\"summary_large_image\" \/>\n<meta name=\"twitter:label1\" content=\"Geschatte leestijd\" \/>\n\t<meta name=\"twitter:data1\" content=\"1 minuut\" \/>\n<script type=\"application\/ld+json\" class=\"yoast-schema-graph\">{\"@context\":\"https:\/\/schema.org\",\"@graph\":[{\"@type\":\"WebPage\",\"@id\":\"https:\/\/www.bakepackeols.com\/nl\/systeemintegratie\/\",\"url\":\"https:\/\/www.bakepackeols.com\/nl\/systeemintegratie\/\",\"name\":\"Systeemintegratie - BAKEPACK End Of Line Solutions\",\"isPartOf\":{\"@id\":\"https:\/\/www.bakepackeols.com\/nl\/#website\"},\"primaryImageOfPage\":{\"@id\":\"https:\/\/www.bakepackeols.com\/nl\/systeemintegratie\/#primaryimage\"},\"image\":{\"@id\":\"https:\/\/www.bakepackeols.com\/nl\/systeemintegratie\/#primaryimage\"},\"thumbnailUrl\":\"https:\/\/www.bakepackeols.com\/wp-content\/uploads\/2020\/03\/Verpakking_lijn_Bakepack_13-1-1024x683.jpg\",\"datePublished\":\"2020-06-25T08:55:04+00:00\",\"dateModified\":\"2020-06-26T08:13:03+00:00\",\"breadcrumb\":{\"@id\":\"https:\/\/www.bakepackeols.com\/nl\/systeemintegratie\/#breadcrumb\"},\"inLanguage\":\"nl-NL\",\"potentialAction\":[{\"@type\":\"ReadAction\",\"target\":[\"https:\/\/www.bakepackeols.com\/nl\/systeemintegratie\/\"]}]},{\"@type\":\"ImageObject\",\"inLanguage\":\"nl-NL\",\"@id\":\"https:\/\/www.bakepackeols.com\/nl\/systeemintegratie\/#primaryimage\",\"url\":\"https:\/\/www.bakepackeols.com\/wp-content\/uploads\/2020\/03\/Verpakking_lijn_Bakepack_13-1-1024x683.jpg\",\"contentUrl\":\"https:\/\/www.bakepackeols.com\/wp-content\/uploads\/2020\/03\/Verpakking_lijn_Bakepack_13-1-1024x683.jpg\"},{\"@type\":\"BreadcrumbList\",\"@id\":\"https:\/\/www.bakepackeols.com\/nl\/systeemintegratie\/#breadcrumb\",\"itemListElement\":[{\"@type\":\"ListItem\",\"position\":1,\"name\":\"Home\",\"item\":\"https:\/\/www.bakepackeols.com\/nl\/\"},{\"@type\":\"ListItem\",\"position\":2,\"name\":\"Systeemintegratie\"}]},{\"@type\":\"WebSite\",\"@id\":\"https:\/\/www.bakepackeols.com\/nl\/#website\",\"url\":\"https:\/\/www.bakepackeols.com\/nl\/\",\"name\":\"BAKEPACK End Of Line Solutions\",\"description\":\"BAKEPACK End Of Line Solutions\",\"potentialAction\":[{\"@type\":\"SearchAction\",\"target\":{\"@type\":\"EntryPoint\",\"urlTemplate\":\"https:\/\/www.bakepackeols.com\/nl\/?s={search_term_string}\"},\"query-input\":{\"@type\":\"PropertyValueSpecification\",\"valueRequired\":true,\"valueName\":\"search_term_string\"}}],\"inLanguage\":\"nl-NL\"}]}<\/script>\n<!-- \/ Yoast SEO Premium plugin. -->","yoast_head_json":{"title":"Systeemintegratie - BAKEPACK End Of Line Solutions","robots":{"index":"index","follow":"follow","max-snippet":"max-snippet:-1","max-image-preview":"max-image-preview:large","max-video-preview":"max-video-preview:-1"},"canonical":"https:\/\/www.bakepackeols.com\/nl\/systeemintegratie\/","og_locale":"nl_NL","og_type":"article","og_title":"Systeemintegratie","og_description":"Systeemintegratie Bakepack End of Line Solutions biedt volledige systeemintegratie voor verpakkingslijnen in de broodindustrie. Onze oplossingen zijn maatwerk en voldoen aan de specifieke vereisten die u stelt aan uw product en productieproces. Daarnaast bieden we effectief projectbeheer voor, tijdens en na het bouwproces. \u00a0 Ge\u00efntegreerde...","og_url":"https:\/\/www.bakepackeols.com\/nl\/systeemintegratie\/","og_site_name":"BAKEPACK End Of Line Solutions","article_modified_time":"2020-06-26T08:13:03+00:00","og_image":[{"url":"https:\/\/www.bakepackeols.com\/wp-content\/uploads\/2020\/03\/Verpakking_lijn_Bakepack_13-1-1024x683.jpg","type":"","width":"","height":""}],"twitter_card":"summary_large_image","twitter_misc":{"Geschatte leestijd":"1 minuut"},"schema":{"@context":"https:\/\/schema.org","@graph":[{"@type":"WebPage","@id":"https:\/\/www.bakepackeols.com\/nl\/systeemintegratie\/","url":"https:\/\/www.bakepackeols.com\/nl\/systeemintegratie\/","name":"Systeemintegratie - BAKEPACK End Of Line Solutions","isPartOf":{"@id":"https:\/\/www.bakepackeols.com\/nl\/#website"},"primaryImageOfPage":{"@id":"https:\/\/www.bakepackeols.com\/nl\/systeemintegratie\/#primaryimage"},"image":{"@id":"https:\/\/www.bakepackeols.com\/nl\/systeemintegratie\/#primaryimage"},"thumbnailUrl":"https:\/\/www.bakepackeols.com\/wp-content\/uploads\/2020\/03\/Verpakking_lijn_Bakepack_13-1-1024x683.jpg","datePublished":"2020-06-25T08:55:04+00:00","dateModified":"2020-06-26T08:13:03+00:00","breadcrumb":{"@id":"https:\/\/www.bakepackeols.com\/nl\/systeemintegratie\/#breadcrumb"},"inLanguage":"nl-NL","potentialAction":[{"@type":"ReadAction","target":["https:\/\/www.bakepackeols.com\/nl\/systeemintegratie\/"]}]},{"@type":"ImageObject","inLanguage":"nl-NL","@id":"https:\/\/www.bakepackeols.com\/nl\/systeemintegratie\/#primaryimage","url":"https:\/\/www.bakepackeols.com\/wp-content\/uploads\/2020\/03\/Verpakking_lijn_Bakepack_13-1-1024x683.jpg","contentUrl":"https:\/\/www.bakepackeols.com\/wp-content\/uploads\/2020\/03\/Verpakking_lijn_Bakepack_13-1-1024x683.jpg"},{"@type":"BreadcrumbList","@id":"https:\/\/www.bakepackeols.com\/nl\/systeemintegratie\/#breadcrumb","itemListElement":[{"@type":"ListItem","position":1,"name":"Home","item":"https:\/\/www.bakepackeols.com\/nl\/"},{"@type":"ListItem","position":2,"name":"Systeemintegratie"}]},{"@type":"WebSite","@id":"https:\/\/www.bakepackeols.com\/nl\/#website","url":"https:\/\/www.bakepackeols.com\/nl\/","name":"BAKEPACK End Of Line Solutions","description":"BAKEPACK End Of Line Solutions","potentialAction":[{"@type":"SearchAction","target":{"@type":"EntryPoint","urlTemplate":"https:\/\/www.bakepackeols.com\/nl\/?s={search_term_string}"},"query-input":{"@type":"PropertyValueSpecification","valueRequired":true,"valueName":"search_term_string"}}],"inLanguage":"nl-NL"}]}},"_links":{"self":[{"href":"https:\/\/www.bakepackeols.com\/nl\/wp-json\/wp\/v2\/pages\/1830","targetHints":{"allow":["GET"]}}],"collection":[{"href":"https:\/\/www.bakepackeols.com\/nl\/wp-json\/wp\/v2\/pages"}],"about":[{"href":"https:\/\/www.bakepackeols.com\/nl\/wp-json\/wp\/v2\/types\/page"}],"author":[{"embeddable":true,"href":"https:\/\/www.bakepackeols.com\/nl\/wp-json\/wp\/v2\/users\/8"}],"replies":[{"embeddable":true,"href":"https:\/\/www.bakepackeols.com\/nl\/wp-json\/wp\/v2\/comments?post=1830"}],"version-history":[{"count":0,"href":"https:\/\/www.bakepackeols.com\/nl\/wp-json\/wp\/v2\/pages\/1830\/revisions"}],"wp:attachment":[{"href":"https:\/\/www.bakepackeols.com\/nl\/wp-json\/wp\/v2\/media?parent=1830"}],"curies":[{"name":"wp","href":"https:\/\/api.w.org\/{rel}","templated":true}]}}